{"id":696740,"date":"2025-08-27T14:36:20","date_gmt":"2025-08-27T11:36:20","guid":{"rendered":"https:\/\/roveyayinevi.com.tr\/index.php\/urun\/kendi-kendine-tetik-nokta-masaji-ile-agri-tedavisi\/"},"modified":"2026-04-16T02:06:26","modified_gmt":"2026-04-15T23:06:26","slug":"kendi-kendine-tetik-nokta-masaji-ile-agri-tedavisi","status":"publish","type":"product","link":"https:\/\/roveyayinevi.com.tr\/index.php\/urun\/kendi-kendine-tetik-nokta-masaji-ile-agri-tedavisi\/","title":{"rendered":"Kendi Kendine Tetik Nokta Masaj\u0131 ile A\u011fr\u0131 Tedavisi"},"content":{"rendered":"<p>\ufffcA\u011fr\u0131 tedavisi alan\u0131nda uzmanla\u015fm\u0131\u015f doktorlar, kronik a\u011fr\u0131 sorunlar\u0131n\u0131n \u00e7ok b\u00fcy\u00fck bir oranda , kas dokusundaki kas\u0131lma d\u00fc\u011f\u00fcmc\u00fckleri olan tetik noktalardan kaynakland\u0131\u011f\u0131n\u0131 belirlenmi\u015flerdir. Tetik noktalar, ba\u015f, boyun, \u00e7enei omuz, s\u0131rt, kol, dirsek, el, kar\u0131n, g\u00f6\u011f\u00fcs, kal\u00e7a, bacak, diz, ayak ve sin\u00fcs a\u011fr\u0131s\u0131 , karpal t\u00fcnel sendromu, eklem a\u011fr\u0131lar\u0131 ve hatta ba\u015f d\u00f6nmesi, bulant\u0131, g\u00f6\u011f\u00fcste yanma, kalp ritim bozuklu\u011fu, bebeklerde kolik, \u00e7ocuklarda yatak \u0131slatma ve omurga e\u011frili\u011fi gibi pek \u00e7ok farkl\u0131 soruna neden olabilirler.Tetik noktalar a\u011fr\u0131y\u0131, v\u00fccudun ba\u015fka b\u00f6lgelerine yans\u0131t\u0131rlar. Bu nedenle de, e\u011fer nerede arad\u0131\u011f\u0131n\u0131z\u0131 bilmezseniz, tetik noktalar\u0131n te\u015fhis ve tedavileri g\u00fc\u00e7t\u00fcr. Bu kitapta tetik noktalar hakk\u0131nda bilinmesi gereken her \u015feye yer verilmi\u015f, v\u00fccuttaki tetik noktalar\u0131n yerleri ve yans\u0131yan a\u011fr\u0131 b\u00f6lgeleri a\u00e7\u0131klay\u0131c\u0131 \u00e7izimlerle g\u00f6sterilmi\u015ftir. Ayr\u0131ca do\u011frudan tetik noktaya uygulanan tetik nokta masaj\u0131 incelikleriyle anlat\u0131lm\u0131\u015f, tetik nokta masaj\u0131n\u0131 peki\u015ftirecek ve destekleyecek a\u015famal\u0131 kas gev\u015fetme tekniklerine yer verilmi\u015ftir.<\/p>\n","protected":false},"excerpt":{"rendered":"<p>\ufffcA\u011fr\u0131 tedavisi alan\u0131nda uzmanla\u015fm\u0131\u015f doktorlar, kronik a\u011fr\u0131 sorunlar\u0131n\u0131n \u00e7ok b\u00fcy\u00fck bir oranda , kas dokusundaki kas\u0131lma d\u00fc\u011f\u00fcmc\u00fckleri olan tetik noktalardan kaynakland\u0131\u011f\u0131n\u0131 belirlenmi\u015flerdir. Tetik noktalar, ba\u015f, boyun,<span class=\"excerpt-hellip\"> [\u2026]<\/span><\/p>\n","protected":false},"featured_media":0,"template":"","meta":{"_monsterinsights_skip_tracking":false,"_monsterinsights_sitenote_active":false,"_monsterinsights_sitenote_note":"","_monsterinsights_sitenote_category":0},"product_brand":[],"product_cat":[13397,13365],"product_tag":[],"class_list":{"0":"post-696740","1":"product","2":"type-product","3":"status-publish","5":"product_cat-alternatif-tip-sifali-bitkiler","6":"product_cat-saglik","7":"pa_cilt-ciltsiz","8":"pa_tur-kitap","9":"pa_yayinevi-arkadas-yayinlari","10":"pa_yazar-amber-davies","12":"first","13":"instock","14":"sale","15":"shipping-taxable","16":"purchasable","17":"product-type-simple"},"_links":{"self":[{"href":"https:\/\/roveyayinevi.com.tr\/index.php\/wp-json\/wp\/v2\/product\/696740","targetHints":{"allow":["GET"]}}],"collection":[{"href":"https:\/\/roveyayinevi.com.tr\/index.php\/wp-json\/wp\/v2\/product"}],"about":[{"href":"https:\/\/roveyayinevi.com.tr\/index.php\/wp-json\/wp\/v2\/types\/product"}],"wp:attachment":[{"href":"https:\/\/roveyayinevi.com.tr\/index.php\/wp-json\/wp\/v2\/media?parent=696740"}],"wp:term":[{"taxonomy":"product_brand","embeddable":true,"href":"https:\/\/roveyayinevi.com.tr\/index.php\/wp-json\/wp\/v2\/product_brand?post=696740"},{"taxonomy":"product_cat","embeddable":true,"href":"https:\/\/roveyayinevi.com.tr\/index.php\/wp-json\/wp\/v2\/product_cat?post=696740"},{"taxonomy":"product_tag","embeddable":true,"href":"https:\/\/roveyayinevi.com.tr\/index.php\/wp-json\/wp\/v2\/product_tag?post=696740"}],"curies":[{"name":"wp","href":"https:\/\/api.w.org\/{rel}","templated":true}]}}