{"id":696738,"date":"2025-08-27T14:36:20","date_gmt":"2025-08-27T11:36:20","guid":{"rendered":"https:\/\/roveyayinevi.com.tr\/index.php\/urun\/cinselligin-tarihi\/"},"modified":"2026-04-16T02:06:26","modified_gmt":"2026-04-15T23:06:26","slug":"cinselligin-tarihi","status":"publish","type":"product","link":"https:\/\/roveyayinevi.com.tr\/index.php\/urun\/cinselligin-tarihi\/","title":{"rendered":"Cinselli\u011fin Tarihi"},"content":{"rendered":"<p>Hi\u00e7 teredd\u00fcts\u00fcz 20. y\u00fczy\u0131l\u0131n en b\u00fcy\u00fck d\u00fc\u015f\u00fcn\u00fcrlerinden biri olarak g\u00f6r\u00fclebilir Michel Foucault. Onun \u00f6nemi, her \u015feyden \u00f6nce, \u00e7a\u011fda\u015f Bat\u0131 felsefesinde tarihd\u0131\u015f\u0131 niteli\u011fe sahip oldu\u011fu kabul edilen \u201c\u00f6zne\u201d kavram\u0131n\u0131 tarihselle\u015ftirme \u00e7abas\u0131ndan kaynaklan\u0131r. D\u00fc\u015f\u00fcn\u00fcr, ba\u015fta elinizdeki kitap olmak \u00fczere bir\u00e7ok \u00e7al\u0131\u015fmas\u0131nda \u00f6znenin bir felsefi kategori olarak kurulu\u015funa dair k\u0131\u015fk\u0131rt\u0131c\u0131 sorular ortaya atar: \u201c\u00d6zne\u201d dedi\u011fimiz \u015fey tarihsel s\u00fcre\u00e7 i\u00e7inde nas\u0131l kurulmu\u015ftur? Bu kurulu\u015f s\u00fcrecini hangi s\u00f6ylemsel \u00e7er\u00e7eveler, hangi bilgi\/iktidar mekanizmalar\u0131, hangi hakikat oyunlar\u0131 ku\u015fat\u0131r? Bireyselle\u015ftik\u00e7e, yani kendimizi eylemlerimizin birer \u201c\u00f6zne\u201dsi olarak g\u00f6rd\u00fck\u00e7e \u00f6zg\u00fcrle\u015fti\u011fimiz d\u00fc\u015f\u00fcncesini hangi devasa tertibatlar ayakta tutar? Cinselli\u011fin Tarihi, kariyeri boyunca ak\u0131l hastal\u0131\u011f\u0131n\u0131n, t\u0131bb\u0131n ve hapishanenin tarihi \u00fczerine kafa yoran Foucault\u2019nun son \u00e7al\u0131\u015fmas\u0131 olur. Ona g\u00f6re cinsellik, bask\u0131c\u0131 bir iktidar\u0131n alt\u0131nda \u00f6zg\u00fcrle\u015fme m\u00fccadelesi veren do\u011fal bir g\u00fcd\u00fc de\u011fil, yeni bir iktidar bi\u00e7iminin i\u015fleyi\u015finde merkezi konumda bulunan bir tertibatt\u0131r. Bu tertibat, kendimizi birer \u201c\u00f6zne\u201d olarak kurmam\u0131zda vazge\u00e7ilmez i\u015flevler \u00fcstlenir; seks etkinli\u011fimizin bizdeki en \u201cdo\u011fal\u201d, en \u201ctemel\u201d, dolay\u0131s\u0131yla da en \u201c\u00f6znel\u201d boyut oldu\u011funu tekrar tekrar an\u0131msat\u0131r. Bu tertibata g\u00f6re, bir \u201c\u00f6zne\u201d olarak kendimizi tan\u0131mak istiyorsak, cinsellik denen \u015fey \u00fczerine kafa yormam\u0131z, onu alabildi\u011fine anla\u015f\u0131l\u0131r k\u0131lmam\u0131z, s\u00f6yleme d\u00f6kmemiz ve ne oldu\u011fumuzu ona sormam\u0131z gerekmektedir. Ancak, der Foucault, s\u00f6z konusu tertibat, i\u00e7imizdeki o me\u00e7hul \u201cotantik benli\u011fi\u201d a\u00e7\u0131\u011fa \u00e7\u0131kard\u0131\u011f\u0131na inand\u0131\u011f\u0131m\u0131z \u00f6l\u00e7\u00fcde bizimle b\u00fct\u00fcnle\u015fir, g\u00f6r\u00fcnmez hale gelir ve elimizden ka\u00e7ar. \ufffc<\/p>\n","protected":false},"excerpt":{"rendered":"<p>Hi\u00e7 teredd\u00fcts\u00fcz 20. y\u00fczy\u0131l\u0131n en b\u00fcy\u00fck d\u00fc\u015f\u00fcn\u00fcrlerinden biri olarak g\u00f6r\u00fclebilir Michel Foucault. Onun \u00f6nemi, her \u015feyden \u00f6nce, \u00e7a\u011fda\u015f Bat\u0131 felsefesinde tarihd\u0131\u015f\u0131 niteli\u011fe sahip oldu\u011fu kabul edilen<span class=\"excerpt-hellip\"> [\u2026]<\/span><\/p>\n","protected":false},"featured_media":0,"template":"","meta":{"_monsterinsights_skip_tracking":false,"_monsterinsights_sitenote_active":false,"_monsterinsights_sitenote_note":"","_monsterinsights_sitenote_category":0},"product_brand":[],"product_cat":[12573,12566],"product_tag":[],"class_list":{"0":"post-696738","1":"product","2":"type-product","3":"status-publish","5":"product_cat-akademik-kitaplar","6":"product_cat-egitim","7":"pa_cilt-ciltsiz","8":"pa_tur-kitap","9":"pa_yayinevi-ayrinti-yayinlari","10":"pa_yazar-michel-foucault","12":"first","13":"instock","14":"sale","15":"shipping-taxable","16":"purchasable","17":"product-type-simple"},"_links":{"self":[{"href":"https:\/\/roveyayinevi.com.tr\/index.php\/wp-json\/wp\/v2\/product\/696738","targetHints":{"allow":["GET"]}}],"collection":[{"href":"https:\/\/roveyayinevi.com.tr\/index.php\/wp-json\/wp\/v2\/product"}],"about":[{"href":"https:\/\/roveyayinevi.com.tr\/index.php\/wp-json\/wp\/v2\/types\/product"}],"wp:attachment":[{"href":"https:\/\/roveyayinevi.com.tr\/index.php\/wp-json\/wp\/v2\/media?parent=696738"}],"wp:term":[{"taxonomy":"product_brand","embeddable":true,"href":"https:\/\/roveyayinevi.com.tr\/index.php\/wp-json\/wp\/v2\/product_brand?post=696738"},{"taxonomy":"product_cat","embeddable":true,"href":"https:\/\/roveyayinevi.com.tr\/index.php\/wp-json\/wp\/v2\/product_cat?post=696738"},{"taxonomy":"product_tag","embeddable":true,"href":"https:\/\/roveyayinevi.com.tr\/index.php\/wp-json\/wp\/v2\/product_tag?post=696738"}],"curies":[{"name":"wp","href":"https:\/\/api.w.org\/{rel}","templated":true}]}}