{"id":696736,"date":"2025-08-27T14:36:19","date_gmt":"2025-08-27T11:36:19","guid":{"rendered":"https:\/\/roveyayinevi.com.tr\/index.php\/urun\/siniftan-yukselen-sesler\/"},"modified":"2026-04-16T02:06:26","modified_gmt":"2026-04-15T23:06:26","slug":"siniftan-yukselen-sesler","status":"publish","type":"product","link":"https:\/\/roveyayinevi.com.tr\/index.php\/urun\/siniftan-yukselen-sesler\/","title":{"rendered":"S\u0131n\u0131ftan Y\u00fckselen Sesler"},"content":{"rendered":"<p>Yedi \u00e7ocuk. Bir s\u0131n\u0131f. Ola\u011fan\u00fcst\u00fc bir \u00f6\u011fretmen. Ve hayatlar\u0131n\u0131 de\u011fi\u015ftiren bir okul y\u0131l\u0131. Snow Hill Okulunun yedi \u00f6\u011frencisi i\u00e7in 5. s\u0131n\u0131f hi\u00e7 de kolay ba\u015flamam\u0131\u015ft\u0131r. Okulun yenisi, uyum sorunu ya\u015fayan ak\u0131ll\u0131 ve ho\u015fg\u00f6r\u00fcl\u00fc Jessica&#8230; Dostunuz gibi g\u00f6r\u00fcn\u00fcp arkan\u0131zdan i\u015f \u00e7evirebilen ba\u015f belas\u0131 Alexia&#8230; S\u00fcrekli h\u0131nz\u0131rl\u0131k pe\u015finde ko\u015fan s\u0131n\u0131f\u0131n en yaramaz\u0131 Peter&#8230; G\u00f6zlerinden zek\u00e2 f\u0131\u015fk\u0131ran Luke&#8230; \u00c7ekingen yap\u0131l\u0131, en ufak \u015feyden k\u0131r\u0131labilen Danielle&#8230; Ailesi nedeniyle arkada\u015flar\u0131nca d\u0131\u015flanan utanga\u00e7 Anna&#8230; Ve okuldan \u00f6lesiye nefret eden aksi yarad\u0131l\u0131\u015fl\u0131 Jeffrey. Fakat yeni \u00f6\u011fretmenleri Bay Terupt, ya\u015fa ve \u00f6\u011fren ad\u0131n\u0131 verdi\u011fi al\u0131\u015f\u0131lmad\u0131k e\u011fitim metoduyla, azarlamak yerine davran\u0131\u015flar\u0131n\u0131n sonu\u00e7lar\u0131yla y\u00fczle\u015fmelerini sa\u011flayarak onlarla nas\u0131l ba\u015fa \u00e7\u0131kaca\u011f\u0131n\u0131 biliyor gibidir. Ancak belki de bu metodun da bir s\u0131n\u0131r\u0131 olmak zorundad\u0131r. \u00c7\u00fcnk\u00fc karl\u0131 bir g\u00fcnde ya\u015fanan korkun\u00e7 bir kaza herkesi ve her \u015feyi de\u011fi\u015ftirecektir&#8230; Rob Buyea\u2019n\u0131n bu s\u0131ra d\u0131\u015f\u0131 roman\u0131 yedi \u00e7ocu\u011fun dilinden ayr\u0131 ayr\u0131 aktar\u0131l\u0131yor. Her birinin de\u011fi\u015fik bir hik\u00e2yesi ve \u00f6\u011fretmenlerini e\u015fsiz k\u0131lan niteliklere farkl\u0131 bir bak\u0131\u015f a\u00e7\u0131s\u0131 var. S\u0131n\u0131ftan Y\u00fckselen Sesler, olumlu d\u00fc\u015f\u00fcnmeyi \u00f6\u011freten, \u00f6\u011frenmek i\u00e7in \u00e7aba g\u00f6stermek gerekti\u011fini anlatan, bizi biz yapan en b\u00fcy\u00fck de\u011ferler olan yard\u0131mla\u015fmay\u0131 ve dostlu\u011fu y\u00fccelten muhte\u015fem bir roman. \ufffc<\/p>\n","protected":false},"excerpt":{"rendered":"<p>Yedi \u00e7ocuk. Bir s\u0131n\u0131f. Ola\u011fan\u00fcst\u00fc bir \u00f6\u011fretmen. Ve hayatlar\u0131n\u0131 de\u011fi\u015ftiren bir okul y\u0131l\u0131. Snow Hill Okulunun yedi \u00f6\u011frencisi i\u00e7in 5. s\u0131n\u0131f hi\u00e7 de kolay ba\u015flamam\u0131\u015ft\u0131r. Okulun<span class=\"excerpt-hellip\"> [\u2026]<\/span><\/p>\n","protected":false},"featured_media":0,"template":"","meta":{"_monsterinsights_skip_tracking":false,"_monsterinsights_sitenote_active":false,"_monsterinsights_sitenote_note":"","_monsterinsights_sitenote_category":0},"product_brand":[],"product_cat":[12275,12274],"product_tag":[],"class_list":{"0":"post-696736","1":"product","2":"type-product","3":"status-publish","5":"product_cat-6-12-yas-kitaplari","6":"product_cat-cocuk-ve-genclik-kitaplari","7":"pa_cilt-ciltsiz","8":"pa_tur-kitap","9":"pa_yayinevi-altin-kitaplar","10":"pa_yazar-rob-buyea","12":"first","13":"instock","14":"sale","15":"shipping-taxable","16":"purchasable","17":"product-type-simple"},"_links":{"self":[{"href":"https:\/\/roveyayinevi.com.tr\/index.php\/wp-json\/wp\/v2\/product\/696736","targetHints":{"allow":["GET"]}}],"collection":[{"href":"https:\/\/roveyayinevi.com.tr\/index.php\/wp-json\/wp\/v2\/product"}],"about":[{"href":"https:\/\/roveyayinevi.com.tr\/index.php\/wp-json\/wp\/v2\/types\/product"}],"wp:attachment":[{"href":"https:\/\/roveyayinevi.com.tr\/index.php\/wp-json\/wp\/v2\/media?parent=696736"}],"wp:term":[{"taxonomy":"product_brand","embeddable":true,"href":"https:\/\/roveyayinevi.com.tr\/index.php\/wp-json\/wp\/v2\/product_brand?post=696736"},{"taxonomy":"product_cat","embeddable":true,"href":"https:\/\/roveyayinevi.com.tr\/index.php\/wp-json\/wp\/v2\/product_cat?post=696736"},{"taxonomy":"product_tag","embeddable":true,"href":"https:\/\/roveyayinevi.com.tr\/index.php\/wp-json\/wp\/v2\/product_tag?post=696736"}],"curies":[{"name":"wp","href":"https:\/\/api.w.org\/{rel}","templated":true}]}}