{"id":696729,"date":"2025-08-27T14:36:17","date_gmt":"2025-08-27T11:36:17","guid":{"rendered":"https:\/\/roveyayinevi.com.tr\/index.php\/urun\/siyasal-bilincdisi\/"},"modified":"2026-04-16T02:06:26","modified_gmt":"2026-04-15T23:06:26","slug":"siyasal-bilincdisi","status":"publish","type":"product","link":"https:\/\/roveyayinevi.com.tr\/index.php\/urun\/siyasal-bilincdisi\/","title":{"rendered":"Siyasal Bilin\u00e7d\u0131\u015f\u0131"},"content":{"rendered":"<p>\u00c7a\u011f\u0131m\u0131z\u0131n en \u00f6nemli ve etkileyici k\u00fclt\u00fcr ve edebiyat kuramc\u0131lar\u0131ndan biri olan Fredric Jameson\u2019\u0131n, yay\u0131mland\u0131\u011f\u0131 g\u00fcnden bu yana, bir\u00e7ok tart\u0131\u015fmalara ve alan\u0131nda yeni a\u00e7\u0131l\u0131mlara neden olan Siyasal Bilin\u00e7d\u0131\u015f\u0131 adl\u0131 \u00e7al\u0131\u015fmas\u0131, nihayet T\u00fcrk\u00e7e\u2019de. <\/p>\n","protected":false},"excerpt":{"rendered":"<p>\u00c7a\u011f\u0131m\u0131z\u0131n en \u00f6nemli ve etkileyici k\u00fclt\u00fcr ve edebiyat kuramc\u0131lar\u0131ndan biri olan Fredric Jameson\u2019\u0131n, yay\u0131mland\u0131\u011f\u0131 g\u00fcnden bu yana, bir\u00e7ok tart\u0131\u015fmalara ve alan\u0131nda yeni a\u00e7\u0131l\u0131mlara neden olan Siyasal<span class=\"excerpt-hellip\"> [\u2026]<\/span><\/p>\n","protected":false},"featured_media":0,"template":"","meta":{"_monsterinsights_skip_tracking":false,"_monsterinsights_sitenote_active":false,"_monsterinsights_sitenote_note":"","_monsterinsights_sitenote_category":0},"product_brand":[],"product_cat":[12312,12304],"product_tag":[],"class_list":{"0":"post-696729","1":"product","2":"type-product","3":"status-publish","5":"product_cat-diger","6":"product_cat-tarih","7":"pa_cilt-ciltsiz","8":"pa_tur-kitap","9":"pa_yayinevi-ayrinti-yayinlari","10":"pa_yazar-fredric-jameson","12":"first","13":"instock","14":"sale","15":"shipping-taxable","16":"purchasable","17":"product-type-simple"},"_links":{"self":[{"href":"https:\/\/roveyayinevi.com.tr\/index.php\/wp-json\/wp\/v2\/product\/696729","targetHints":{"allow":["GET"]}}],"collection":[{"href":"https:\/\/roveyayinevi.com.tr\/index.php\/wp-json\/wp\/v2\/product"}],"about":[{"href":"https:\/\/roveyayinevi.com.tr\/index.php\/wp-json\/wp\/v2\/types\/product"}],"wp:attachment":[{"href":"https:\/\/roveyayinevi.com.tr\/index.php\/wp-json\/wp\/v2\/media?parent=696729"}],"wp:term":[{"taxonomy":"product_brand","embeddable":true,"href":"https:\/\/roveyayinevi.com.tr\/index.php\/wp-json\/wp\/v2\/product_brand?post=696729"},{"taxonomy":"product_cat","embeddable":true,"href":"https:\/\/roveyayinevi.com.tr\/index.php\/wp-json\/wp\/v2\/product_cat?post=696729"},{"taxonomy":"product_tag","embeddable":true,"href":"https:\/\/roveyayinevi.com.tr\/index.php\/wp-json\/wp\/v2\/product_tag?post=696729"}],"curies":[{"name":"wp","href":"https:\/\/api.w.org\/{rel}","templated":true}]}}