{"id":696728,"date":"2025-08-27T14:36:17","date_gmt":"2025-08-27T11:36:17","guid":{"rendered":"https:\/\/roveyayinevi.com.tr\/index.php\/urun\/siradan-olanin-baskalasimi\/"},"modified":"2026-04-16T02:06:26","modified_gmt":"2026-04-15T23:06:26","slug":"siradan-olanin-baskalasimi","status":"publish","type":"product","link":"https:\/\/roveyayinevi.com.tr\/index.php\/urun\/siradan-olanin-baskalasimi\/","title":{"rendered":"S\u0131radan Olan\u0131n Ba\u015fkala\u015f\u0131m\u0131"},"content":{"rendered":"<p>Amerikal\u0131 sanat kuramc\u0131s\u0131, ele\u015ftirmeni ve filozof Arthur C. Danto\u2019nun 1983 y\u0131l\u0131nda yay\u0131mlanan kitab\u0131 S\u0131radan Olan\u0131n Ba\u015fkala\u015f\u0131m\u0131, \u00e7a\u011fda\u015f sanat yap\u0131tlar\u0131 ve kuramlar\u0131n\u0131n sorunsalla\u015ft\u0131rd\u0131\u011f\u0131 sanat tan\u0131m\u0131 etraf\u0131ndaki g\u00fc\u00e7l\u00fckleri, \u00f6zg\u00fcn bir kavramsalla\u015ft\u0131rmaya tabi tutarak ele al\u0131yor. Danto, sanat felsefesinin yer yer nesnesini bir kenara b\u0131rak\u0131p kendi i\u00e7ine kapanan tavr\u0131na alternatif olarak kuram\u0131n\u0131, gerek sanat gerek felsefe tarihinden \u00f6rnekler yoluyla a\u00e7\u0131yor. \u00c7a\u011fda\u015f sanat a\u00e7\u0131s\u0131ndan yeni bir kuram\u0131n aciliyetine vurgu yapan kitap, \u00e7a\u011fda\u015f sanat yap\u0131tlar\u0131n\u0131 da i\u00e7ine alacak yeni bir sanat tan\u0131m\u0131n\u0131n d\u00fc\u015f\u00fcn\u00fclebilir olmas\u0131n\u0131 sa\u011flayacak bu yeni kuramda kurucu rol\u00fc sanat ile felsefe aras\u0131nda b\u00f6l\u00fc\u015ft\u00fcr\u00fcrken, sorgulamaya sanat kurumlar\u0131n\u0131n dahil edilmesi gereklili\u011fine de de\u011finiyor. <\/p>\n","protected":false},"excerpt":{"rendered":"<p>Amerikal\u0131 sanat kuramc\u0131s\u0131, ele\u015ftirmeni ve filozof Arthur C. Danto\u2019nun 1983 y\u0131l\u0131nda yay\u0131mlanan kitab\u0131 S\u0131radan Olan\u0131n Ba\u015fkala\u015f\u0131m\u0131, \u00e7a\u011fda\u015f sanat yap\u0131tlar\u0131 ve kuramlar\u0131n\u0131n sorunsalla\u015ft\u0131rd\u0131\u011f\u0131 sanat tan\u0131m\u0131 etraf\u0131ndaki g\u00fc\u00e7l\u00fckleri,<span class=\"excerpt-hellip\"> [\u2026]<\/span><\/p>\n","protected":false},"featured_media":0,"template":"","meta":{"_monsterinsights_skip_tracking":false,"_monsterinsights_sitenote_active":false,"_monsterinsights_sitenote_note":"","_monsterinsights_sitenote_category":0},"product_brand":[],"product_cat":[13548,12408],"product_tag":[],"class_list":{"0":"post-696728","1":"product","2":"type-product","3":"status-publish","5":"product_cat-kuram","6":"product_cat-sanat","7":"pa_cilt-ciltsiz","8":"pa_tur-kitap","9":"pa_yayinevi-ayrinti-yayinlari","10":"pa_yazar-arthur-c-danto","12":"first","13":"instock","14":"sale","15":"shipping-taxable","16":"purchasable","17":"product-type-simple"},"_links":{"self":[{"href":"https:\/\/roveyayinevi.com.tr\/index.php\/wp-json\/wp\/v2\/product\/696728","targetHints":{"allow":["GET"]}}],"collection":[{"href":"https:\/\/roveyayinevi.com.tr\/index.php\/wp-json\/wp\/v2\/product"}],"about":[{"href":"https:\/\/roveyayinevi.com.tr\/index.php\/wp-json\/wp\/v2\/types\/product"}],"wp:attachment":[{"href":"https:\/\/roveyayinevi.com.tr\/index.php\/wp-json\/wp\/v2\/media?parent=696728"}],"wp:term":[{"taxonomy":"product_brand","embeddable":true,"href":"https:\/\/roveyayinevi.com.tr\/index.php\/wp-json\/wp\/v2\/product_brand?post=696728"},{"taxonomy":"product_cat","embeddable":true,"href":"https:\/\/roveyayinevi.com.tr\/index.php\/wp-json\/wp\/v2\/product_cat?post=696728"},{"taxonomy":"product_tag","embeddable":true,"href":"https:\/\/roveyayinevi.com.tr\/index.php\/wp-json\/wp\/v2\/product_tag?post=696728"}],"curies":[{"name":"wp","href":"https:\/\/api.w.org\/{rel}","templated":true}]}}