{"id":696727,"date":"2025-08-27T14:36:17","date_gmt":"2025-08-27T11:36:17","guid":{"rendered":"https:\/\/roveyayinevi.com.tr\/index.php\/urun\/luzumsuz-bilgiler-ansiklopedisi-6\/"},"modified":"2026-04-16T02:06:26","modified_gmt":"2026-04-15T23:06:26","slug":"luzumsuz-bilgiler-ansiklopedisi-6","status":"publish","type":"product","link":"https:\/\/roveyayinevi.com.tr\/index.php\/urun\/luzumsuz-bilgiler-ansiklopedisi-6\/","title":{"rendered":"L\u00fczumsuz Bilgiler Ansiklopedisi 6"},"content":{"rendered":"<p>Temmuz 2001\u2019de yay\u0131mlanan ilk kitab\u0131ndan itibaren b\u00fcy\u00fck ilgi g\u00f6ren ve t\u00fcr\u00fcn\u00fcn T\u00fcrkiye\u2019deki ilk \u00f6rne\u011fi olan L\u00fczumsuz Bilgiler Ansiklopedisi elinizdeki alt\u0131nc\u0131 kitapla tamamlanm\u0131\u015f oldu. Bug\u00fcne kadar toplam 54 bask\u0131 yapan kitaplarda birbirinden ilgin\u00e7 671 soruya doyurucu, bilimsel yan\u0131tlar verildi. Bu alt\u0131 kitaptan eksi\u011finiz varsa ya\u015fam\u0131n\u0131zda bir renk, keyifli bir ayr\u0131nt\u0131 eksik demektir&#8230; <\/p>\n","protected":false},"excerpt":{"rendered":"<p>Temmuz 2001\u2019de yay\u0131mlanan ilk kitab\u0131ndan itibaren b\u00fcy\u00fck ilgi g\u00f6ren ve t\u00fcr\u00fcn\u00fcn T\u00fcrkiye\u2019deki ilk \u00f6rne\u011fi olan L\u00fczumsuz Bilgiler Ansiklopedisi elinizdeki alt\u0131nc\u0131 kitapla tamamlanm\u0131\u015f oldu. Bug\u00fcne kadar toplam<span class=\"excerpt-hellip\"> [\u2026]<\/span><\/p>\n","protected":false},"featured_media":0,"template":"","meta":{"_monsterinsights_skip_tracking":false,"_monsterinsights_sitenote_active":false,"_monsterinsights_sitenote_note":"","_monsterinsights_sitenote_category":0},"product_brand":[],"product_cat":[12365,12364],"product_tag":[],"class_list":{"0":"post-696727","1":"product","2":"type-product","3":"status-publish","5":"product_cat-diger-genel-konular","6":"product_cat-genel-konular","7":"pa_tur-kitap","8":"pa_yayinevi-aykiri-yayinlari","9":"pa_yazar-tamer-korugan","11":"first","12":"instock","13":"sale","14":"shipping-taxable","15":"purchasable","16":"product-type-simple"},"_links":{"self":[{"href":"https:\/\/roveyayinevi.com.tr\/index.php\/wp-json\/wp\/v2\/product\/696727","targetHints":{"allow":["GET"]}}],"collection":[{"href":"https:\/\/roveyayinevi.com.tr\/index.php\/wp-json\/wp\/v2\/product"}],"about":[{"href":"https:\/\/roveyayinevi.com.tr\/index.php\/wp-json\/wp\/v2\/types\/product"}],"wp:attachment":[{"href":"https:\/\/roveyayinevi.com.tr\/index.php\/wp-json\/wp\/v2\/media?parent=696727"}],"wp:term":[{"taxonomy":"product_brand","embeddable":true,"href":"https:\/\/roveyayinevi.com.tr\/index.php\/wp-json\/wp\/v2\/product_brand?post=696727"},{"taxonomy":"product_cat","embeddable":true,"href":"https:\/\/roveyayinevi.com.tr\/index.php\/wp-json\/wp\/v2\/product_cat?post=696727"},{"taxonomy":"product_tag","embeddable":true,"href":"https:\/\/roveyayinevi.com.tr\/index.php\/wp-json\/wp\/v2\/product_tag?post=696727"}],"curies":[{"name":"wp","href":"https:\/\/api.w.org\/{rel}","templated":true}]}}