{"id":696718,"date":"2025-08-27T14:36:14","date_gmt":"2025-08-27T11:36:14","guid":{"rendered":"https:\/\/roveyayinevi.com.tr\/index.php\/urun\/gavur-mahallesi\/"},"modified":"2026-04-16T02:06:26","modified_gmt":"2026-04-15T23:06:26","slug":"gavur-mahallesi","status":"publish","type":"product","link":"https:\/\/roveyayinevi.com.tr\/index.php\/urun\/gavur-mahallesi\/","title":{"rendered":"Gavur Mahallesi"},"content":{"rendered":"<p>M\u0131g\u0131rdi\u00e7 Margosyan&#8217;\u0131n Ermenice yazan yazarlara verilen Eliz Kavuk\u00e7uyan-Ayvazyan Edebiyat \u00d6d\u00fcl\u00fc&#8217;n\u00fc (Paris-Fransa) 1988 y\u0131l\u0131nda kazanan Mer Ayt Go\u011fmer\u0131 (Bizim Oralar) adl\u0131 kitab\u0131n\u0131n, yazar taraf\u0131ndan yeniden, T\u00fcrk\u00e7e olarak kaleme al\u0131nan kar\u015f\u0131l\u0131\u011f\u0131&#8230; Onu bir yazar olarak T\u00fcrk\u00e7ede var eden ve zihinlere kaz\u0131nmas\u0131n\u0131 sa\u011flayan kitap. \u00d6yk\u00fclerinde Diyarbak\u0131r ve \u00e7evresindeki insanlar\u0131n ya\u015famlar\u0131ndan kesitler sunan Margosyan, yaln\u0131zca Ermenileri de\u011fil, folklorik de\u011ferleri, gelenekleri, kederleri ve sevin\u00e7leriyle b\u00fct\u00fcn bir y\u00f6reyi tan\u0131t\u0131yor okurlar\u0131na. \u00d6yk\u00fclerin b\u00fcy\u00fcs\u00fc ya\u015fanm\u0131\u015fl\u0131klar\u0131nda gizli: &#8220;Yaz\u0131lar\u0131mda, bizim oralar\u0131 anlatt\u0131m, g\u00f6rd\u00fc\u011f\u00fcm ve ya\u015fad\u0131\u011f\u0131m gibi. Tipleri ve adlar\u0131n\u0131 hemen hemen aynen verdim, de\u011fi\u015ftirmeden, olduklar\u0131 gibi. Onlardan, o bacolardan, o day\u0131lardan, o amcalardan \u00e7o\u011fu \u00f6te tarafa g\u00f6\u00e7m\u00fc\u015flerdir. Adlar\u0131, hat\u0131ralar\u0131, biraz da bu sat\u0131rlarda, bu kitaplarda ya\u015fas\u0131n&#8230;&#8221; <\/p>\n","protected":false},"excerpt":{"rendered":"<p>M\u0131g\u0131rdi\u00e7 Margosyan&#8217;\u0131n Ermenice yazan yazarlara verilen Eliz Kavuk\u00e7uyan-Ayvazyan Edebiyat \u00d6d\u00fcl\u00fc&#8217;n\u00fc (Paris-Fransa) 1988 y\u0131l\u0131nda kazanan Mer Ayt Go\u011fmer\u0131 (Bizim Oralar) adl\u0131 kitab\u0131n\u0131n, yazar taraf\u0131ndan yeniden, T\u00fcrk\u00e7e olarak<span class=\"excerpt-hellip\"> [\u2026]<\/span><\/p>\n","protected":false},"featured_media":0,"template":"","meta":{"_monsterinsights_skip_tracking":false,"_monsterinsights_sitenote_active":false,"_monsterinsights_sitenote_note":"","_monsterinsights_sitenote_category":0},"product_brand":[],"product_cat":[12291,12711],"product_tag":[],"class_list":{"0":"post-696718","1":"product","2":"type-product","3":"status-publish","5":"product_cat-edebiyat","6":"product_cat-roman-oyku","7":"pa_cilt-ciltsiz","8":"pa_tur-kitap","9":"pa_yayinevi-aras-yayinlari","10":"pa_yazar-migirdic-margosyan","12":"first","13":"instock","14":"sale","15":"shipping-taxable","16":"purchasable","17":"product-type-simple"},"_links":{"self":[{"href":"https:\/\/roveyayinevi.com.tr\/index.php\/wp-json\/wp\/v2\/product\/696718","targetHints":{"allow":["GET"]}}],"collection":[{"href":"https:\/\/roveyayinevi.com.tr\/index.php\/wp-json\/wp\/v2\/product"}],"about":[{"href":"https:\/\/roveyayinevi.com.tr\/index.php\/wp-json\/wp\/v2\/types\/product"}],"wp:attachment":[{"href":"https:\/\/roveyayinevi.com.tr\/index.php\/wp-json\/wp\/v2\/media?parent=696718"}],"wp:term":[{"taxonomy":"product_brand","embeddable":true,"href":"https:\/\/roveyayinevi.com.tr\/index.php\/wp-json\/wp\/v2\/product_brand?post=696718"},{"taxonomy":"product_cat","embeddable":true,"href":"https:\/\/roveyayinevi.com.tr\/index.php\/wp-json\/wp\/v2\/product_cat?post=696718"},{"taxonomy":"product_tag","embeddable":true,"href":"https:\/\/roveyayinevi.com.tr\/index.php\/wp-json\/wp\/v2\/product_tag?post=696718"}],"curies":[{"name":"wp","href":"https:\/\/api.w.org\/{rel}","templated":true}]}}