{"id":696717,"date":"2025-08-27T14:36:14","date_gmt":"2025-08-27T11:36:14","guid":{"rendered":"https:\/\/roveyayinevi.com.tr\/index.php\/urun\/cool-anilar-3-4-1990-2000\/"},"modified":"2026-04-16T02:06:26","modified_gmt":"2026-04-15T23:06:26","slug":"cool-anilar-3-4-1990-2000","status":"publish","type":"product","link":"https:\/\/roveyayinevi.com.tr\/index.php\/urun\/cool-anilar-3-4-1990-2000\/","title":{"rendered":"Cool An\u0131lar 3-4 (1990-2000)"},"content":{"rendered":"<p>\u00dcnl\u00fc Frans\u0131z sosyolog ve ileti\u015fim kuramc\u0131s\u0131 Jean Baudrillard, Cool Memories I-II\u2019de ilk \u00f6rneklerini verdi\u011fi toplumsal analiz notlar\u0131n\u0131, 1990-2000 d\u00f6nemini kapsayan Cool Memories III-IV\u2019te de, ayn\u0131 \u00e7arp\u0131c\u0131 \u00fcslupla s\u00fcrd\u00fcr\u00fcyor. Par\u00e7alar \u015feklinde kaleme al\u0131nm\u0131\u015f olan bu notarda,   meta k\u00fclt\u00fcr\u00fc   kuram\u0131na ili\u015fkin son derece ilgin\u00e7 vaka \u00f6rnekleriyle   sim\u00fclasyon  ,   sim\u00fclakr   ve   sanal   gibi temel kavramlar\u0131n derinlikli bir analize tabi tutuldu\u011fu   reel  ,   d\u00fc\u015fsel   ya da   kurmaca   durumlar, yer yer \u00e7etrefil, ama alabildi\u011fine \u00f6zel ve kendi ironisini yapmay\u0131 bilen bir dille yans\u0131t\u0131l\u0131yor. Kendi deyimiyle   zihinsel derinliklerde ve e\u011fretilemeli sularda kavram dal\u0131\u015flar\u0131   yapt\u0131\u011f\u0131n\u0131 s\u00f6yleyen Baudrillard,   Bur\u00e7lar cerrahisi  nden   cep telefonlar\u0131n\u0131n m\u00fcnasebetsizli\u011fine  ,   makine stat\u00fcs\u00fcne sayg\u0131 duydu\u011funu s\u00f6yledi\u011fi televizyon  dan   kendisini beyin sayan bilgisayar\u0131n kendini bilmezli\u011fine  ,   Tanr\u0131\u2019n\u0131n tart\u0131\u015fmal\u0131 varl\u0131\u011f\u0131  ndan   asl\u0131nda olmayan K\u00f6rfez Sava\u015f\u0131\u2019na kadar geni\u015f bir ilgi alan\u0131na yay\u0131lan bir\u00e7ok k\u00fclt\u00fcrel g\u00f6r\u00fcng\u00fcy\u00fc, her zamanki ikonak\u0131r\u0131c\u0131, sars\u0131c\u0131 ve d\u00fc\u015f\u00fcnd\u00fcr\u00fcc\u00fc diliyle de\u015fiyor. <\/p>\n","protected":false},"excerpt":{"rendered":"<p>\u00dcnl\u00fc Frans\u0131z sosyolog ve ileti\u015fim kuramc\u0131s\u0131 Jean Baudrillard, Cool Memories I-II\u2019de ilk \u00f6rneklerini verdi\u011fi toplumsal analiz notlar\u0131n\u0131, 1990-2000 d\u00f6nemini kapsayan Cool Memories III-IV\u2019te de, ayn\u0131 \u00e7arp\u0131c\u0131<span class=\"excerpt-hellip\"> [\u2026]<\/span><\/p>\n","protected":false},"featured_media":0,"template":"","meta":{"_monsterinsights_skip_tracking":false,"_monsterinsights_sitenote_active":false,"_monsterinsights_sitenote_note":"","_monsterinsights_sitenote_category":0},"product_brand":[],"product_cat":[13701,12291],"product_tag":[],"class_list":{"0":"post-696717","1":"product","2":"type-product","3":"status-publish","5":"product_cat-ani-mektup-gunluk","6":"product_cat-edebiyat","7":"pa_cilt-ciltsiz","8":"pa_tur-kitap","9":"pa_yayinevi-ayrinti-yayinlari","10":"pa_yazar-jean-baudrillard","12":"first","13":"instock","14":"sale","15":"shipping-taxable","16":"purchasable","17":"product-type-simple"},"_links":{"self":[{"href":"https:\/\/roveyayinevi.com.tr\/index.php\/wp-json\/wp\/v2\/product\/696717","targetHints":{"allow":["GET"]}}],"collection":[{"href":"https:\/\/roveyayinevi.com.tr\/index.php\/wp-json\/wp\/v2\/product"}],"about":[{"href":"https:\/\/roveyayinevi.com.tr\/index.php\/wp-json\/wp\/v2\/types\/product"}],"wp:attachment":[{"href":"https:\/\/roveyayinevi.com.tr\/index.php\/wp-json\/wp\/v2\/media?parent=696717"}],"wp:term":[{"taxonomy":"product_brand","embeddable":true,"href":"https:\/\/roveyayinevi.com.tr\/index.php\/wp-json\/wp\/v2\/product_brand?post=696717"},{"taxonomy":"product_cat","embeddable":true,"href":"https:\/\/roveyayinevi.com.tr\/index.php\/wp-json\/wp\/v2\/product_cat?post=696717"},{"taxonomy":"product_tag","embeddable":true,"href":"https:\/\/roveyayinevi.com.tr\/index.php\/wp-json\/wp\/v2\/product_tag?post=696717"}],"curies":[{"name":"wp","href":"https:\/\/api.w.org\/{rel}","templated":true}]}}