{"id":696716,"date":"2025-08-27T14:36:14","date_gmt":"2025-08-27T11:36:14","guid":{"rendered":"https:\/\/roveyayinevi.com.tr\/index.php\/urun\/cihan-harbine-dogru-turkiye\/"},"modified":"2026-04-16T02:06:26","modified_gmt":"2026-04-15T23:06:26","slug":"cihan-harbine-dogru-turkiye","status":"publish","type":"product","link":"https:\/\/roveyayinevi.com.tr\/index.php\/urun\/cihan-harbine-dogru-turkiye\/","title":{"rendered":"Cihan Harbine Do\u011fru T\u00fcrkiye"},"content":{"rendered":"<p>Cihan Harbine Do\u011fru T\u00fcrkiye adl\u0131 bu derlemenin yazar\u0131 Alexander Israel Helphand Parvus (1867-1924), nam\u0131 di\u011fer Parvus Efendi 19. y\u00fczy\u0131l sonu ve 20. y\u00fczy\u0131l ba\u015flar\u0131n\u0131n en ilgin\u00e7 sosyalistlerinden biridir. Daha 1894\u2019te yazd\u0131\u011f\u0131 bir makaleyle Lenin\u2019in dikkatini \u00e7ekmi\u015f, Rosa Luxemburg\u2019un yak\u0131n arkada\u015f\u0131 olmu\u015f, Tro\u00e7ki\u2019nin 1905 Devrimi arifesinde   s\u00fcrekli devrim   kuram\u0131n\u0131 geli\u015ftirmesine \u00f6nemli katk\u0131larda bulunmu\u015f, 1905 Rus Devrimi\u2019nde rol alm\u0131\u015f, d\u00f6nemin sosyal demokrat d\u00fcnyas\u0131n\u0131n Kautsky ve Rosa Luxemburg gibi \u00f6nde gelen simalar\u0131yla ki\u015fisel ili\u015fki kurmu\u015f, hayat\u0131n\u0131n son d\u00f6neminde de Weimar Cumhuriyeti\u2019nde ba\u015fkan\u0131n dan\u0131\u015fman\u0131 olmu\u015f Parvus \u00f6rg\u00fctsel veya kurumsal herhangi bir g\u00f6revi olmamas\u0131na ra\u011fmen d\u00f6nemin sosyalist \u00e7evrelerinin yak\u0131ndan tan\u0131d\u0131\u011f\u0131 bir simayd\u0131. <\/p>\n","protected":false},"excerpt":{"rendered":"<p>Cihan Harbine Do\u011fru T\u00fcrkiye adl\u0131 bu derlemenin yazar\u0131 Alexander Israel Helphand Parvus (1867-1924), nam\u0131 di\u011fer Parvus Efendi 19. y\u00fczy\u0131l sonu ve 20. y\u00fczy\u0131l ba\u015flar\u0131n\u0131n en ilgin\u00e7<span class=\"excerpt-hellip\"> [\u2026]<\/span><\/p>\n","protected":false},"featured_media":0,"template":"","meta":{"_monsterinsights_skip_tracking":false,"_monsterinsights_sitenote_active":false,"_monsterinsights_sitenote_note":"","_monsterinsights_sitenote_category":0},"product_brand":[],"product_cat":[13590,12337],"product_tag":[],"class_list":{"0":"post-696716","1":"product","2":"type-product","3":"status-publish","5":"product_cat-arastirma-inceleme-politika-siyaset","6":"product_cat-politika-siyaset","7":"pa_cilt-ciltsiz","8":"pa_tur-kitap","9":"pa_yayinevi-ayrinti-yayinlari","10":"pa_yazar-parvus-efendi","12":"first","13":"instock","14":"sale","15":"shipping-taxable","16":"purchasable","17":"product-type-simple"},"_links":{"self":[{"href":"https:\/\/roveyayinevi.com.tr\/index.php\/wp-json\/wp\/v2\/product\/696716","targetHints":{"allow":["GET"]}}],"collection":[{"href":"https:\/\/roveyayinevi.com.tr\/index.php\/wp-json\/wp\/v2\/product"}],"about":[{"href":"https:\/\/roveyayinevi.com.tr\/index.php\/wp-json\/wp\/v2\/types\/product"}],"wp:attachment":[{"href":"https:\/\/roveyayinevi.com.tr\/index.php\/wp-json\/wp\/v2\/media?parent=696716"}],"wp:term":[{"taxonomy":"product_brand","embeddable":true,"href":"https:\/\/roveyayinevi.com.tr\/index.php\/wp-json\/wp\/v2\/product_brand?post=696716"},{"taxonomy":"product_cat","embeddable":true,"href":"https:\/\/roveyayinevi.com.tr\/index.php\/wp-json\/wp\/v2\/product_cat?post=696716"},{"taxonomy":"product_tag","embeddable":true,"href":"https:\/\/roveyayinevi.com.tr\/index.php\/wp-json\/wp\/v2\/product_tag?post=696716"}],"curies":[{"name":"wp","href":"https:\/\/api.w.org\/{rel}","templated":true}]}}