{"id":696711,"date":"2025-08-27T14:36:12","date_gmt":"2025-08-27T11:36:12","guid":{"rendered":"https:\/\/roveyayinevi.com.tr\/index.php\/urun\/ilk-genclik-cagina-oykuler-2-cilt\/"},"modified":"2026-04-16T02:06:25","modified_gmt":"2026-04-15T23:06:25","slug":"ilk-genclik-cagina-oykuler-2-cilt","status":"publish","type":"product","link":"https:\/\/roveyayinevi.com.tr\/index.php\/urun\/ilk-genclik-cagina-oykuler-2-cilt\/","title":{"rendered":"\u0130lk Gen\u00e7lik \u00c7a\u011f\u0131na \u00d6yk\u00fcler 2. Cilt"},"content":{"rendered":"<p>Uzun y\u0131llardan beri okullarda kaynak kitap olarak okutulan \u0130lkgen\u00e7lik \u00c7a\u011f\u0131na \u00d6yk\u00fcler adl\u0131 bu derleme, usta yazar Selim \u0130leri\u2019nin t\u00fcm edebiyat severler i\u00e7in haz\u0131rlad\u0131\u011f\u0131 e\u015fsiz bir hazine&#8230;Bu Ciltte Necati Cumal\u0131, Yusuf At\u0131lgan, V\u00fcs\u2019at O. Bener, Zeyyat Selimo\u011flu, Oktay Akbal, Ya\u015far Kemal, Muzaffer Hac\u0131hasano\u011flu, Nezihe Meri\u00e7, Mehmet Ba\u015faran, K\u00e2muran \u015eipal, Talip Apayd\u0131n, Adalet A\u011fao\u011flu, Erhan Bener, Fakir Baykurt, Bilge Karasu, Leyla Efbil, Sevim Burak, Tar\u0131k Dursun K., Ayhan Bozf\u0131rat, Bekir Y\u0131ld\u0131z, Orhan Duru, Sel\u00e7uk Baran, Sezai Karako\u00e7, Tahsin Y\u00fccel\/Adnan \u00d6zyal\u00e7\u0131ner, Demirta\u015f Ceyhun, O\u011fuz Atay, Yi\u011fit Okur, Demir \u00d6zl\u00fc, Erdal \u00d6z, Ferit Edg\u00fc, Nihat Ziyalan, Onat Kutlar, Sevgi Soysal, Ayla Kutlu, Emine I\u015f\u0131nsu, F\u00fcruzan, M\u0131g\u0131rdi\u00e7 Margosyan, Osman \u015eahin, Cahit Zarifo\u011flu, Oya Baydar, Rasim \u00d6zden\u00f6ren<\/p>\n","protected":false},"excerpt":{"rendered":"<p>Uzun y\u0131llardan beri okullarda kaynak kitap olarak okutulan \u0130lkgen\u00e7lik \u00c7a\u011f\u0131na \u00d6yk\u00fcler adl\u0131 bu derleme, usta yazar Selim \u0130leri\u2019nin t\u00fcm edebiyat severler i\u00e7in haz\u0131rlad\u0131\u011f\u0131 e\u015fsiz bir hazine&#8230;Bu<span class=\"excerpt-hellip\"> [\u2026]<\/span><\/p>\n","protected":false},"featured_media":0,"template":"","meta":{"_monsterinsights_skip_tracking":false,"_monsterinsights_sitenote_active":false,"_monsterinsights_sitenote_note":"","_monsterinsights_sitenote_category":0},"product_brand":[],"product_cat":[12291,12711],"product_tag":[],"class_list":{"0":"post-696711","1":"product","2":"type-product","3":"status-publish","5":"product_cat-edebiyat","6":"product_cat-roman-oyku","7":"pa_cilt-ciltsiz","8":"pa_tur-kitap","9":"pa_yayinevi-everest-yayinlari","10":"pa_yazar-derleme","12":"first","13":"instock","14":"sale","15":"shipping-taxable","16":"purchasable","17":"product-type-simple"},"_links":{"self":[{"href":"https:\/\/roveyayinevi.com.tr\/index.php\/wp-json\/wp\/v2\/product\/696711","targetHints":{"allow":["GET"]}}],"collection":[{"href":"https:\/\/roveyayinevi.com.tr\/index.php\/wp-json\/wp\/v2\/product"}],"about":[{"href":"https:\/\/roveyayinevi.com.tr\/index.php\/wp-json\/wp\/v2\/types\/product"}],"wp:attachment":[{"href":"https:\/\/roveyayinevi.com.tr\/index.php\/wp-json\/wp\/v2\/media?parent=696711"}],"wp:term":[{"taxonomy":"product_brand","embeddable":true,"href":"https:\/\/roveyayinevi.com.tr\/index.php\/wp-json\/wp\/v2\/product_brand?post=696711"},{"taxonomy":"product_cat","embeddable":true,"href":"https:\/\/roveyayinevi.com.tr\/index.php\/wp-json\/wp\/v2\/product_cat?post=696711"},{"taxonomy":"product_tag","embeddable":true,"href":"https:\/\/roveyayinevi.com.tr\/index.php\/wp-json\/wp\/v2\/product_tag?post=696711"}],"curies":[{"name":"wp","href":"https:\/\/api.w.org\/{rel}","templated":true}]}}