{"id":696702,"date":"2025-08-27T14:36:10","date_gmt":"2025-08-27T11:36:10","guid":{"rendered":"https:\/\/roveyayinevi.com.tr\/index.php\/urun\/taslamalar-hicivler-1\/"},"modified":"2026-04-16T02:06:25","modified_gmt":"2026-04-15T23:06:25","slug":"taslamalar-hicivler-1","status":"publish","type":"product","link":"https:\/\/roveyayinevi.com.tr\/index.php\/urun\/taslamalar-hicivler-1\/","title":{"rendered":"Ta\u015flamalar Hicivler 1"},"content":{"rendered":"<p>Benim yergicili\u011fimin en \u00f6nemli \u00f6zelli\u011fi, k\u00f6r\u00fc k\u00f6r\u00fcne bir partiyi ya da bir ideolojiyi tutmay\u0131\u015f\u0131m ve bu nedenle hiciv oklar\u0131m\u0131 \u00f6zg\u00fcrce at\u0131l\u0131md\u0131r. S\u00f6zlerimi bitirmeden \u00f6nce \u00f6nemli bir ger\u00e7e\u011fi daha belirtmek isterim: 28 y\u0131ll\u0131k yergicilik ya\u015fam\u0131mda ne polis ne de yarg\u0131\u00e7 kar\u015f\u0131s\u0131na \u00e7\u0131kt\u0131m&#8230; Ve t\u00fcm yazd\u0131klar\u0131m\u0131 g\u00fcn\u00fc g\u00fcn\u00fcne, s\u0131ca\u011f\u0131 s\u0131ca\u011f\u0131na yay\u0131mlad\u0131m, \u00e7e\u015fitli gazetelerde, dergilerde ve kitaplar\u0131mda. \u00dcmit Ya\u015far O\u011fuzcan \u00d8  Halk inler, kavuk dinler \u00d8  Ak\u0131ll\u0131 maymunlar \u00d8  Sadrazam\u0131n sol kula\u011f\u0131 \u00d8  Var m\u0131 bunun izah tarz\u0131 \u00d8  D\u00f6rtl\u00fckler \u00d8  Benzetmeler \u00d8  G\u00f6bek davas\u0131 T\u00fcrl\u00fc \u00e7e\u015fitli<\/p>\n","protected":false},"excerpt":{"rendered":"<p>Benim yergicili\u011fimin en \u00f6nemli \u00f6zelli\u011fi, k\u00f6r\u00fc k\u00f6r\u00fcne bir partiyi ya da bir ideolojiyi tutmay\u0131\u015f\u0131m ve bu nedenle hiciv oklar\u0131m\u0131 \u00f6zg\u00fcrce at\u0131l\u0131md\u0131r. S\u00f6zlerimi bitirmeden \u00f6nce \u00f6nemli bir<span class=\"excerpt-hellip\"> [\u2026]<\/span><\/p>\n","protected":false},"featured_media":0,"template":"","meta":{"_monsterinsights_skip_tracking":false,"_monsterinsights_sitenote_active":false,"_monsterinsights_sitenote_note":"","_monsterinsights_sitenote_category":0},"product_brand":[],"product_cat":[12291,12509],"product_tag":[],"class_list":{"0":"post-696702","1":"product","2":"type-product","3":"status-publish","5":"product_cat-edebiyat","6":"product_cat-siir","7":"pa_cilt-ciltsiz","8":"pa_tur-kitap","9":"pa_yayinevi-everest-yayinlari","10":"pa_yazar-umit-yasar-oguzcan","12":"first","13":"instock","14":"sale","15":"shipping-taxable","16":"purchasable","17":"product-type-simple"},"_links":{"self":[{"href":"https:\/\/roveyayinevi.com.tr\/index.php\/wp-json\/wp\/v2\/product\/696702","targetHints":{"allow":["GET"]}}],"collection":[{"href":"https:\/\/roveyayinevi.com.tr\/index.php\/wp-json\/wp\/v2\/product"}],"about":[{"href":"https:\/\/roveyayinevi.com.tr\/index.php\/wp-json\/wp\/v2\/types\/product"}],"wp:attachment":[{"href":"https:\/\/roveyayinevi.com.tr\/index.php\/wp-json\/wp\/v2\/media?parent=696702"}],"wp:term":[{"taxonomy":"product_brand","embeddable":true,"href":"https:\/\/roveyayinevi.com.tr\/index.php\/wp-json\/wp\/v2\/product_brand?post=696702"},{"taxonomy":"product_cat","embeddable":true,"href":"https:\/\/roveyayinevi.com.tr\/index.php\/wp-json\/wp\/v2\/product_cat?post=696702"},{"taxonomy":"product_tag","embeddable":true,"href":"https:\/\/roveyayinevi.com.tr\/index.php\/wp-json\/wp\/v2\/product_tag?post=696702"}],"curies":[{"name":"wp","href":"https:\/\/api.w.org\/{rel}","templated":true}]}}