{"id":696699,"date":"2025-08-27T14:36:09","date_gmt":"2025-08-27T11:36:09","guid":{"rendered":"https:\/\/roveyayinevi.com.tr\/index.php\/urun\/olum-oyunu\/"},"modified":"2025-10-30T09:44:37","modified_gmt":"2025-10-30T06:44:37","slug":"olum-oyunu","status":"publish","type":"product","link":"https:\/\/roveyayinevi.com.tr\/index.php\/urun\/olum-oyunu\/","title":{"rendered":"\u00d6l\u00fcm Oyunu"},"content":{"rendered":"<p>Kaptan Roger Angmering bundan iki y\u00fczy\u0131l kadar \u00f6nce, Leather Combe K\u00f6rfezindeki adaya bir ev yapt\u0131rd\u0131\u011f\u0131 zaman, herkes bunu garip kar\u015f\u0131lam\u0131\u015ft\u0131. Onun gibi k\u00f6kl\u00fc bir aileye mensup bir adam\u0131n kendine uygun bir yer sat\u0131n almas\u0131 daha do\u011fru olmaz m\u0131yd\u0131? \u00d6rne\u011fin, bah\u00e7esinden k\u00fc\u00e7\u00fck bir dere ge\u00e7en, etraf\u0131 a\u011fa\u00e7larla \u00e7evrili b\u00fcy\u00fck bir k\u00f6\u015fk?.. \ufffcTan\u0131t\u0131m Metni<\/p>\n","protected":false},"excerpt":{"rendered":"<p>Kaptan Roger Angmering bundan iki y\u00fczy\u0131l kadar \u00f6nce, Leather Combe K\u00f6rfezindeki adaya bir ev yapt\u0131rd\u0131\u011f\u0131 zaman, herkes bunu garip kar\u015f\u0131lam\u0131\u015ft\u0131. Onun gibi k\u00f6kl\u00fc bir aileye mensup<span class=\"excerpt-hellip\"> [\u2026]<\/span><\/p>\n","protected":false},"featured_media":0,"template":"","meta":{"_monsterinsights_skip_tracking":false,"_monsterinsights_sitenote_active":false,"_monsterinsights_sitenote_note":"","_monsterinsights_sitenote_category":0},"product_brand":[],"product_cat":[12291,12866],"product_tag":[],"class_list":{"0":"post-696699","1":"product","2":"type-product","3":"status-publish","5":"product_cat-edebiyat","6":"product_cat-ingiliz-edebiyati","7":"pa_cilt-ciltsiz","8":"pa_tur-kitap","9":"pa_yayinevi-altin-kitaplar","10":"pa_yazar-agatha-christie","12":"first","13":"instock","14":"sale","15":"shipping-taxable","16":"purchasable","17":"product-type-simple"},"_links":{"self":[{"href":"https:\/\/roveyayinevi.com.tr\/index.php\/wp-json\/wp\/v2\/product\/696699","targetHints":{"allow":["GET"]}}],"collection":[{"href":"https:\/\/roveyayinevi.com.tr\/index.php\/wp-json\/wp\/v2\/product"}],"about":[{"href":"https:\/\/roveyayinevi.com.tr\/index.php\/wp-json\/wp\/v2\/types\/product"}],"wp:attachment":[{"href":"https:\/\/roveyayinevi.com.tr\/index.php\/wp-json\/wp\/v2\/media?parent=696699"}],"wp:term":[{"taxonomy":"product_brand","embeddable":true,"href":"https:\/\/roveyayinevi.com.tr\/index.php\/wp-json\/wp\/v2\/product_brand?post=696699"},{"taxonomy":"product_cat","embeddable":true,"href":"https:\/\/roveyayinevi.com.tr\/index.php\/wp-json\/wp\/v2\/product_cat?post=696699"},{"taxonomy":"product_tag","embeddable":true,"href":"https:\/\/roveyayinevi.com.tr\/index.php\/wp-json\/wp\/v2\/product_tag?post=696699"}],"curies":[{"name":"wp","href":"https:\/\/api.w.org\/{rel}","templated":true}]}}