{"id":696693,"date":"2025-08-27T14:36:07","date_gmt":"2025-08-27T11:36:07","guid":{"rendered":"https:\/\/roveyayinevi.com.tr\/index.php\/urun\/falaka-7\/"},"modified":"2026-04-16T02:06:25","modified_gmt":"2026-04-15T23:06:25","slug":"falaka-7","status":"publish","type":"product","link":"https:\/\/roveyayinevi.com.tr\/index.php\/urun\/falaka-7\/","title":{"rendered":"Falaka"},"content":{"rendered":"<p>Falaka bizi, y\u00fcz k\u0131rk y\u0131l \u00f6ncesinin \u00e7ocuk d\u00fcnyas\u0131na g\u00f6t\u00fcrmektedir. \u0130lgileri, zevkleri, sevgileri, korkular\u0131, sorunlar\u0131, oyunlar\u0131 ve \u00f6zlemleriyle hayata tutunmaya, orda kendisine bir yer edinmeye \u00e7al\u0131\u015fan bir \u00e7ocu\u011fun g\u00f6z\u00fcnden, \u00e7ocuk duyarl\u0131l\u0131\u011f\u0131yla sunulan bu d\u00fcnya, her okuru bir anda i\u00e7ine \u00e7ekecek, onu y\u00fcre\u011finde kavrayacakt\u0131r. <\/p>\n","protected":false},"excerpt":{"rendered":"<p>Falaka bizi, y\u00fcz k\u0131rk y\u0131l \u00f6ncesinin \u00e7ocuk d\u00fcnyas\u0131na g\u00f6t\u00fcrmektedir. \u0130lgileri, zevkleri, sevgileri, korkular\u0131, sorunlar\u0131, oyunlar\u0131 ve \u00f6zlemleriyle hayata tutunmaya, orda kendisine bir yer edinmeye \u00e7al\u0131\u015fan bir<span class=\"excerpt-hellip\"> [\u2026]<\/span><\/p>\n","protected":false},"featured_media":0,"template":"","meta":{"_monsterinsights_skip_tracking":false,"_monsterinsights_sitenote_active":false,"_monsterinsights_sitenote_note":"","_monsterinsights_sitenote_category":0},"product_brand":[],"product_cat":[12274,12284],"product_tag":[],"class_list":{"0":"post-696693","1":"product","2":"type-product","3":"status-publish","5":"product_cat-cocuk-ve-genclik-kitaplari","6":"product_cat-hikayeler","7":"pa_cilt-ciltsiz","8":"pa_tur-kitap","9":"pa_yayinevi-beyan-yayinlari","10":"pa_yazar-ahmet-rasim","12":"first","13":"instock","14":"sale","15":"shipping-taxable","16":"purchasable","17":"product-type-simple"},"_links":{"self":[{"href":"https:\/\/roveyayinevi.com.tr\/index.php\/wp-json\/wp\/v2\/product\/696693","targetHints":{"allow":["GET"]}}],"collection":[{"href":"https:\/\/roveyayinevi.com.tr\/index.php\/wp-json\/wp\/v2\/product"}],"about":[{"href":"https:\/\/roveyayinevi.com.tr\/index.php\/wp-json\/wp\/v2\/types\/product"}],"wp:attachment":[{"href":"https:\/\/roveyayinevi.com.tr\/index.php\/wp-json\/wp\/v2\/media?parent=696693"}],"wp:term":[{"taxonomy":"product_brand","embeddable":true,"href":"https:\/\/roveyayinevi.com.tr\/index.php\/wp-json\/wp\/v2\/product_brand?post=696693"},{"taxonomy":"product_cat","embeddable":true,"href":"https:\/\/roveyayinevi.com.tr\/index.php\/wp-json\/wp\/v2\/product_cat?post=696693"},{"taxonomy":"product_tag","embeddable":true,"href":"https:\/\/roveyayinevi.com.tr\/index.php\/wp-json\/wp\/v2\/product_tag?post=696693"}],"curies":[{"name":"wp","href":"https:\/\/api.w.org\/{rel}","templated":true}]}}