{"id":696690,"date":"2025-08-27T14:36:06","date_gmt":"2025-08-27T11:36:06","guid":{"rendered":"https:\/\/roveyayinevi.com.tr\/index.php\/urun\/ilk-genclik-cagina-oykuler-cilt1\/"},"modified":"2026-04-16T02:06:25","modified_gmt":"2026-04-15T23:06:25","slug":"ilk-genclik-cagina-oykuler-cilt1","status":"publish","type":"product","link":"https:\/\/roveyayinevi.com.tr\/index.php\/urun\/ilk-genclik-cagina-oykuler-cilt1\/","title":{"rendered":"\u0130lk Gen\u00e7lik \u00c7a\u011f\u0131na \u00d6yk\u00fcler Cilt:1"},"content":{"rendered":"<p>Uzun y\u0131llardan beri okullarda kaynak kitap olarak okutulan \u0130lkgen\u00e7lik \u00c7a\u011f\u0131na \u00d6yk\u00fcler adl\u0131 bu derleme, usta yazar Selim \u0130leri\u2019nin t\u00fcm edebiyat severler i\u00e7in haz\u0131rlad\u0131\u011f\u0131 e\u015fsiz bir hazine.. Samipa\u015faz\u00e2de Sezai, H\u00fcseyin Rahmi G\u00fcrp\u0131nar, Halit Ziya U\u015fakl\u0131gil, Ahmet Hikmet M\u00fcft\u00fco\u011flu, Halide Edib Ad\u0131var, Memduh \u015eevket Esendal, \u00c2bd\u00fclhak \u015einasi Hisar, \u00d6mer Seyfettin, Halikarnas Bal\u0131k\u00e7\u0131s\u0131, Refik Halit Karay, Re\u015fat Nuri G\u00fcntekin, Yakup Kadri Karaosmanoglu, Nahit S\u0131rr\u0131 \u00d6rik, Mahmut Yesari, Peyami Safa, Suat Dervi\u015f, Kenan Hulusi Koray, Sait Faik Abas\u0131yan\u0131k, \u0130lhan Tarus, Sabahattin Ali, Samet A\u011fao\u011flu, Cahit S\u0131tk\u0131 Taranc\u0131, Kemal Bilba\u015far, Kemal Tahir, Fikret \u00dcrg\u00fcp, Orhan Kemal, Orhan Veli Kan\u0131k, Cihat Burak, Haldun Taner, Peride Celal, Samim Kocag\u00f6z, Tar\u0131k Bu\u011fra, Feyyaz Kayacan, Mehmet \u015eeyda, Sabahattin Kudret Aksal <\/p>\n","protected":false},"excerpt":{"rendered":"<p>Uzun y\u0131llardan beri okullarda kaynak kitap olarak okutulan \u0130lkgen\u00e7lik \u00c7a\u011f\u0131na \u00d6yk\u00fcler adl\u0131 bu derleme, usta yazar Selim \u0130leri\u2019nin t\u00fcm edebiyat severler i\u00e7in haz\u0131rlad\u0131\u011f\u0131 e\u015fsiz bir hazine..<span class=\"excerpt-hellip\"> [\u2026]<\/span><\/p>\n","protected":false},"featured_media":0,"template":"","meta":{"_monsterinsights_skip_tracking":false,"_monsterinsights_sitenote_active":false,"_monsterinsights_sitenote_note":"","_monsterinsights_sitenote_category":0},"product_brand":[],"product_cat":[27157,12291],"product_tag":[],"class_list":{"0":"post-696690","1":"product","2":"type-product","3":"status-publish","5":"product_cat-derleme","6":"product_cat-edebiyat","7":"pa_cilt-ciltsiz","8":"pa_tur-kitap","9":"pa_yayinevi-everest-yayinlari","10":"pa_yazar-kolektif","12":"first","13":"instock","14":"sale","15":"shipping-taxable","16":"purchasable","17":"product-type-simple"},"_links":{"self":[{"href":"https:\/\/roveyayinevi.com.tr\/index.php\/wp-json\/wp\/v2\/product\/696690","targetHints":{"allow":["GET"]}}],"collection":[{"href":"https:\/\/roveyayinevi.com.tr\/index.php\/wp-json\/wp\/v2\/product"}],"about":[{"href":"https:\/\/roveyayinevi.com.tr\/index.php\/wp-json\/wp\/v2\/types\/product"}],"wp:attachment":[{"href":"https:\/\/roveyayinevi.com.tr\/index.php\/wp-json\/wp\/v2\/media?parent=696690"}],"wp:term":[{"taxonomy":"product_brand","embeddable":true,"href":"https:\/\/roveyayinevi.com.tr\/index.php\/wp-json\/wp\/v2\/product_brand?post=696690"},{"taxonomy":"product_cat","embeddable":true,"href":"https:\/\/roveyayinevi.com.tr\/index.php\/wp-json\/wp\/v2\/product_cat?post=696690"},{"taxonomy":"product_tag","embeddable":true,"href":"https:\/\/roveyayinevi.com.tr\/index.php\/wp-json\/wp\/v2\/product_tag?post=696690"}],"curies":[{"name":"wp","href":"https:\/\/api.w.org\/{rel}","templated":true}]}}