{"id":696687,"date":"2025-08-27T14:36:05","date_gmt":"2025-08-27T11:36:05","guid":{"rendered":"https:\/\/roveyayinevi.com.tr\/index.php\/urun\/olum-saatleri\/"},"modified":"2026-04-16T02:06:25","modified_gmt":"2026-04-15T23:06:25","slug":"olum-saatleri","status":"publish","type":"product","link":"https:\/\/roveyayinevi.com.tr\/index.php\/urun\/olum-saatleri\/","title":{"rendered":"\u00d6l\u00fcm Saatleri"},"content":{"rendered":"<p>Wilbraham Crescent 19 numaraya, kendisine gelen bir telefon \u00fczerine giden Shelia Webb, evde orta ya\u015fl\u0131 bir adam\u0131n cesediyle kar\u015f\u0131la\u015f\u0131r. Gen\u00e7 kad\u0131n\u0131 hi\u00e7 tan\u0131mayan k\u00f6r ev sahibesi Bayan Pebmarsh ise, Cavendish Sekreterlik ve Daktilo B\u00fcrosu\u2019nu aray\u0131p Shelia\u2019y\u0131 ismen istedi\u011fini ink\u00e2r eder. Ama ortada bir ger\u00e7ek vard\u0131r. Birisi telefon edip Shelia\u2019\u0131? o eve \u00e7a\u011f\u0131rm\u0131\u015ft\u0131r. Ve daha da \u00f6nemlisi her iki kad\u0131n ne birbirlerini ne de \u00f6len adam\u0131 tan\u0131mamaktad\u0131r. \ufffcTan\u0131t\u0131m Metni<\/p>\n","protected":false},"excerpt":{"rendered":"<p>Wilbraham Crescent 19 numaraya, kendisine gelen bir telefon \u00fczerine giden Shelia Webb, evde orta ya\u015fl\u0131 bir adam\u0131n cesediyle kar\u015f\u0131la\u015f\u0131r. Gen\u00e7 kad\u0131n\u0131 hi\u00e7 tan\u0131mayan k\u00f6r ev sahibesi<span class=\"excerpt-hellip\"> [\u2026]<\/span><\/p>\n","protected":false},"featured_media":0,"template":"","meta":{"_monsterinsights_skip_tracking":false,"_monsterinsights_sitenote_active":false,"_monsterinsights_sitenote_note":"","_monsterinsights_sitenote_category":0},"product_brand":[],"product_cat":[12803,12291],"product_tag":[],"class_list":{"0":"post-696687","1":"product","2":"type-product","3":"status-publish","5":"product_cat-aksiyon-macera","6":"product_cat-edebiyat","7":"pa_cilt-ciltsiz","8":"pa_tur-kitap","9":"pa_yayinevi-altin-kitaplar","10":"pa_yazar-agatha-christie","12":"first","13":"instock","14":"sale","15":"shipping-taxable","16":"purchasable","17":"product-type-simple"},"_links":{"self":[{"href":"https:\/\/roveyayinevi.com.tr\/index.php\/wp-json\/wp\/v2\/product\/696687","targetHints":{"allow":["GET"]}}],"collection":[{"href":"https:\/\/roveyayinevi.com.tr\/index.php\/wp-json\/wp\/v2\/product"}],"about":[{"href":"https:\/\/roveyayinevi.com.tr\/index.php\/wp-json\/wp\/v2\/types\/product"}],"wp:attachment":[{"href":"https:\/\/roveyayinevi.com.tr\/index.php\/wp-json\/wp\/v2\/media?parent=696687"}],"wp:term":[{"taxonomy":"product_brand","embeddable":true,"href":"https:\/\/roveyayinevi.com.tr\/index.php\/wp-json\/wp\/v2\/product_brand?post=696687"},{"taxonomy":"product_cat","embeddable":true,"href":"https:\/\/roveyayinevi.com.tr\/index.php\/wp-json\/wp\/v2\/product_cat?post=696687"},{"taxonomy":"product_tag","embeddable":true,"href":"https:\/\/roveyayinevi.com.tr\/index.php\/wp-json\/wp\/v2\/product_tag?post=696687"}],"curies":[{"name":"wp","href":"https:\/\/api.w.org\/{rel}","templated":true}]}}