{"id":696682,"date":"2025-08-27T14:36:04","date_gmt":"2025-08-27T11:36:04","guid":{"rendered":"https:\/\/roveyayinevi.com.tr\/index.php\/urun\/gelincik-dizisi-neseli-boyaci\/"},"modified":"2026-04-16T02:06:25","modified_gmt":"2026-04-15T23:06:25","slug":"gelincik-dizisi-neseli-boyaci","status":"publish","type":"product","link":"https:\/\/roveyayinevi.com.tr\/index.php\/urun\/gelincik-dizisi-neseli-boyaci\/","title":{"rendered":"Gelincik Dizisi : Ne\u015feli Boyac\u0131"},"content":{"rendered":"<p>Erhanlar sekiz karde\u015ftiler. Erhan be\u015finci s\u0131n\u0131f\u0131 bitirmi\u015fti. Ailesi ge\u00e7im s\u0131k\u0131nt\u0131s\u0131 i\u00e7indeydi. Erhan ya\u015f\u0131ndaki kom\u015fu \u00e7ocuklar\u0131, kendilerine g\u00f6re birer i\u015f uydurmu\u015flard\u0131. Kimi sokaklarda su sat\u0131yor kimi kundura boyuyor kimi pazarc\u0131lara \u00e7\u0131rakl\u0131k ediyor kimisi de y\u00fck\u00e7\u00fcl\u00fck yap\u0131yordu. Erhan da eve katk\u0131da bulunmak istiyordu. Bu iste\u011fini babas\u0131na s\u00f6yledi. Ailece d\u00fc\u015f\u00fcnd\u00fcler. Erhan, zay\u0131f ve \u00e7elimsiz bir \u00e7ocuktu. Bu y\u00fczden, k\u00fc\u00e7\u00fck boy bir boya sand\u0131\u011f\u0131 sat\u0131n ald\u0131lar. Erhan, arkada\u015flar\u0131na dan\u0131\u015farak, gerekli boyalar\u0131 edindi.<\/p>\n","protected":false},"excerpt":{"rendered":"<p>Erhanlar sekiz karde\u015ftiler. Erhan be\u015finci s\u0131n\u0131f\u0131 bitirmi\u015fti. Ailesi ge\u00e7im s\u0131k\u0131nt\u0131s\u0131 i\u00e7indeydi. Erhan ya\u015f\u0131ndaki kom\u015fu \u00e7ocuklar\u0131, kendilerine g\u00f6re birer i\u015f uydurmu\u015flard\u0131. Kimi sokaklarda su sat\u0131yor kimi kundura<span class=\"excerpt-hellip\"> [\u2026]<\/span><\/p>\n","protected":false},"featured_media":0,"template":"","meta":{"_monsterinsights_skip_tracking":false,"_monsterinsights_sitenote_active":false,"_monsterinsights_sitenote_note":"","_monsterinsights_sitenote_category":0},"product_brand":[],"product_cat":[12274,12284],"product_tag":[],"class_list":{"0":"post-696682","1":"product","2":"type-product","3":"status-publish","5":"product_cat-cocuk-ve-genclik-kitaplari","6":"product_cat-hikayeler","7":"pa_cilt-ciltsiz","8":"pa_tur-kitap","9":"pa_yayinevi-altin-kitaplar-ozel-urun","10":"pa_yazar-gulten-dayioglu","12":"first","13":"instock","14":"sale","15":"shipping-taxable","16":"purchasable","17":"product-type-simple"},"_links":{"self":[{"href":"https:\/\/roveyayinevi.com.tr\/index.php\/wp-json\/wp\/v2\/product\/696682","targetHints":{"allow":["GET"]}}],"collection":[{"href":"https:\/\/roveyayinevi.com.tr\/index.php\/wp-json\/wp\/v2\/product"}],"about":[{"href":"https:\/\/roveyayinevi.com.tr\/index.php\/wp-json\/wp\/v2\/types\/product"}],"wp:attachment":[{"href":"https:\/\/roveyayinevi.com.tr\/index.php\/wp-json\/wp\/v2\/media?parent=696682"}],"wp:term":[{"taxonomy":"product_brand","embeddable":true,"href":"https:\/\/roveyayinevi.com.tr\/index.php\/wp-json\/wp\/v2\/product_brand?post=696682"},{"taxonomy":"product_cat","embeddable":true,"href":"https:\/\/roveyayinevi.com.tr\/index.php\/wp-json\/wp\/v2\/product_cat?post=696682"},{"taxonomy":"product_tag","embeddable":true,"href":"https:\/\/roveyayinevi.com.tr\/index.php\/wp-json\/wp\/v2\/product_tag?post=696682"}],"curies":[{"name":"wp","href":"https:\/\/api.w.org\/{rel}","templated":true}]}}