{"id":696681,"date":"2025-08-27T14:36:04","date_gmt":"2025-08-27T11:36:04","guid":{"rendered":"https:\/\/roveyayinevi.com.tr\/index.php\/urun\/siir-denizi-1\/"},"modified":"2026-03-18T02:10:48","modified_gmt":"2026-03-17T23:10:48","slug":"siir-denizi-1","status":"publish","type":"product","link":"https:\/\/roveyayinevi.com.tr\/index.php\/urun\/siir-denizi-1\/","title":{"rendered":"\u015eiir Denizi 1"},"content":{"rendered":"<p>Ozan, \u015fiirini yazarken, belle\u011findeki t\u00fcm s\u00f6zc\u00fcklerden anlatmak istedi\u011fine en uygun olanlar\u0131 bulmak, sonra da sezgisiyle, \u00f6zeniyle ve ustal\u0131\u011f\u0131yla bu s\u00f6zc\u00fckleri yan yana, alt alta getirerek \u015fiirini kurmak zorundad\u0131r.Bu konuda bilinmesi gereken tek kural, her s\u00f6z dizisinin \u015fiir olmad\u0131\u011f\u0131 ama her \u015fiirin bir s\u00f6z dizisi oldu\u011fudur.&#8221; <\/p>\n","protected":false},"excerpt":{"rendered":"<p>Ozan, \u015fiirini yazarken, belle\u011findeki t\u00fcm s\u00f6zc\u00fcklerden anlatmak istedi\u011fine en uygun olanlar\u0131 bulmak, sonra da sezgisiyle, \u00f6zeniyle ve ustal\u0131\u011f\u0131yla bu s\u00f6zc\u00fckleri yan yana, alt alta getirerek \u015fiirini<span class=\"excerpt-hellip\"> [\u2026]<\/span><\/p>\n","protected":false},"featured_media":0,"template":"","meta":{"_monsterinsights_skip_tracking":false,"_monsterinsights_sitenote_active":false,"_monsterinsights_sitenote_note":"","_monsterinsights_sitenote_category":0},"product_brand":[],"product_cat":[12291,12509],"product_tag":[],"class_list":{"0":"post-696681","1":"product","2":"type-product","3":"status-publish","5":"product_cat-edebiyat","6":"product_cat-siir","7":"pa_cilt-ciltsiz","8":"pa_tur-kitap","9":"pa_yayinevi-everest-yayinlari","10":"pa_yazar-umit-yasar-oguzcan","12":"first","13":"instock","14":"sale","15":"shipping-taxable","16":"purchasable","17":"product-type-simple"},"_links":{"self":[{"href":"https:\/\/roveyayinevi.com.tr\/index.php\/wp-json\/wp\/v2\/product\/696681","targetHints":{"allow":["GET"]}}],"collection":[{"href":"https:\/\/roveyayinevi.com.tr\/index.php\/wp-json\/wp\/v2\/product"}],"about":[{"href":"https:\/\/roveyayinevi.com.tr\/index.php\/wp-json\/wp\/v2\/types\/product"}],"wp:attachment":[{"href":"https:\/\/roveyayinevi.com.tr\/index.php\/wp-json\/wp\/v2\/media?parent=696681"}],"wp:term":[{"taxonomy":"product_brand","embeddable":true,"href":"https:\/\/roveyayinevi.com.tr\/index.php\/wp-json\/wp\/v2\/product_brand?post=696681"},{"taxonomy":"product_cat","embeddable":true,"href":"https:\/\/roveyayinevi.com.tr\/index.php\/wp-json\/wp\/v2\/product_cat?post=696681"},{"taxonomy":"product_tag","embeddable":true,"href":"https:\/\/roveyayinevi.com.tr\/index.php\/wp-json\/wp\/v2\/product_tag?post=696681"}],"curies":[{"name":"wp","href":"https:\/\/api.w.org\/{rel}","templated":true}]}}