{"id":696673,"date":"2025-08-27T14:36:01","date_gmt":"2025-08-27T11:36:01","guid":{"rendered":"https:\/\/roveyayinevi.com.tr\/index.php\/urun\/dogu-ekspresinde-cinayet\/"},"modified":"2026-04-16T02:06:25","modified_gmt":"2026-04-15T23:06:25","slug":"dogu-ekspresinde-cinayet","status":"publish","type":"product","link":"https:\/\/roveyayinevi.com.tr\/index.php\/urun\/dogu-ekspresinde-cinayet\/","title":{"rendered":"Do\u011fu Ekspresinde Cinayet"},"content":{"rendered":"<p>Gece yar\u0131s\u0131ndan sonra artan \u015fiddetli tipi y\u00fcz\u00fcnden Do\u011fu Ekspresi art\u0131k yoluna devam edemeyecek durumdad\u0131r. Y\u0131l\u0131n bu zamanlar\u0131nda l\u00fcks tren tamamen doludur. Ertesi sabah yap\u0131lan kontroller sonucu t\u00fcm yolcular\u0131n sa\u011fsalim trende oldu\u011fu anla\u015f\u0131l\u0131r. Ancak defalarca b\u0131\u00e7aklanarak \u00f6ld\u00fcr\u00fclen Amerikal\u0131 yolcunun kompart\u0131man\u0131n\u0131n kap\u0131s\u0131 i\u00e7eriden kilitlidir. Sonunda trende yolculuk etmekte olan Hercule Poirot cinayeti incelemeye ba\u015flar. Ancak kimi yolcular cinayetin izlerini yok edebilmek i\u00e7in ya\u015fl\u0131 dedektifin dikkatini da\u011f\u0131tmaya \u00e7al\u0131\u015f\u0131rlar. Poirot, kehanet say\u0131labilecek bir saptamayla cinayeti bir de\u011fil iki \u015fekilde \u00e7\u00f6z\u00fcmlemeyi ba\u015far\u0131r. <\/p>\n","protected":false},"excerpt":{"rendered":"<p>Gece yar\u0131s\u0131ndan sonra artan \u015fiddetli tipi y\u00fcz\u00fcnden Do\u011fu Ekspresi art\u0131k yoluna devam edemeyecek durumdad\u0131r. Y\u0131l\u0131n bu zamanlar\u0131nda l\u00fcks tren tamamen doludur. Ertesi sabah yap\u0131lan kontroller sonucu<span class=\"excerpt-hellip\"> [\u2026]<\/span><\/p>\n","protected":false},"featured_media":0,"template":"","meta":{"_monsterinsights_skip_tracking":false,"_monsterinsights_sitenote_active":false,"_monsterinsights_sitenote_note":"","_monsterinsights_sitenote_category":0},"product_brand":[],"product_cat":[12291,15445],"product_tag":[],"class_list":{"0":"post-696673","1":"product","2":"type-product","3":"status-publish","5":"product_cat-edebiyat","6":"product_cat-polisiye","7":"pa_cilt-ciltsiz","8":"pa_tur-kitap","9":"pa_yayinevi-altin-kitaplar","10":"pa_yazar-agatha-christie","12":"first","13":"instock","14":"sale","15":"shipping-taxable","16":"purchasable","17":"product-type-simple"},"_links":{"self":[{"href":"https:\/\/roveyayinevi.com.tr\/index.php\/wp-json\/wp\/v2\/product\/696673","targetHints":{"allow":["GET"]}}],"collection":[{"href":"https:\/\/roveyayinevi.com.tr\/index.php\/wp-json\/wp\/v2\/product"}],"about":[{"href":"https:\/\/roveyayinevi.com.tr\/index.php\/wp-json\/wp\/v2\/types\/product"}],"wp:attachment":[{"href":"https:\/\/roveyayinevi.com.tr\/index.php\/wp-json\/wp\/v2\/media?parent=696673"}],"wp:term":[{"taxonomy":"product_brand","embeddable":true,"href":"https:\/\/roveyayinevi.com.tr\/index.php\/wp-json\/wp\/v2\/product_brand?post=696673"},{"taxonomy":"product_cat","embeddable":true,"href":"https:\/\/roveyayinevi.com.tr\/index.php\/wp-json\/wp\/v2\/product_cat?post=696673"},{"taxonomy":"product_tag","embeddable":true,"href":"https:\/\/roveyayinevi.com.tr\/index.php\/wp-json\/wp\/v2\/product_tag?post=696673"}],"curies":[{"name":"wp","href":"https:\/\/api.w.org\/{rel}","templated":true}]}}