{"id":696669,"date":"2025-08-27T14:36:00","date_gmt":"2025-08-27T11:36:00","guid":{"rendered":"https:\/\/roveyayinevi.com.tr\/index.php\/urun\/cinayetler-kulubu\/"},"modified":"2026-04-16T02:06:25","modified_gmt":"2026-04-15T23:06:25","slug":"cinayetler-kulubu","status":"publish","type":"product","link":"https:\/\/roveyayinevi.com.tr\/index.php\/urun\/cinayetler-kulubu\/","title":{"rendered":"Cinayetler Kul\u00fcb\u00fc"},"content":{"rendered":"<p>Bir sal\u0131 gecesi Jane Marple\u2019\u0131n evinde toplanan alt\u0131 ki\u015fi, bundan b\u00f6yle her sal\u0131 ak\u015fam\u0131 ayn\u0131 yerde toplan\u0131p birbirlerine faili me\u00e7hul cinayet \u00f6yk\u00fcleri anlatmaya karar verirler.<\/p>\n","protected":false},"excerpt":{"rendered":"<p>Bir sal\u0131 gecesi Jane Marple\u2019\u0131n evinde toplanan alt\u0131 ki\u015fi, bundan b\u00f6yle her sal\u0131 ak\u015fam\u0131 ayn\u0131 yerde toplan\u0131p birbirlerine faili me\u00e7hul cinayet \u00f6yk\u00fcleri anlatmaya karar verirler.<\/p>\n","protected":false},"featured_media":0,"template":"","meta":{"_monsterinsights_skip_tracking":false,"_monsterinsights_sitenote_active":false,"_monsterinsights_sitenote_note":"","_monsterinsights_sitenote_category":0},"product_brand":[],"product_cat":[12803,12291],"product_tag":[],"class_list":{"0":"post-696669","1":"product","2":"type-product","3":"status-publish","5":"product_cat-aksiyon-macera","6":"product_cat-edebiyat","7":"pa_tur-kitap","8":"pa_yayinevi-altin-kitaplar","9":"pa_yazar-agatha-christie","11":"first","12":"instock","13":"sale","14":"shipping-taxable","15":"purchasable","16":"product-type-simple"},"_links":{"self":[{"href":"https:\/\/roveyayinevi.com.tr\/index.php\/wp-json\/wp\/v2\/product\/696669","targetHints":{"allow":["GET"]}}],"collection":[{"href":"https:\/\/roveyayinevi.com.tr\/index.php\/wp-json\/wp\/v2\/product"}],"about":[{"href":"https:\/\/roveyayinevi.com.tr\/index.php\/wp-json\/wp\/v2\/types\/product"}],"wp:attachment":[{"href":"https:\/\/roveyayinevi.com.tr\/index.php\/wp-json\/wp\/v2\/media?parent=696669"}],"wp:term":[{"taxonomy":"product_brand","embeddable":true,"href":"https:\/\/roveyayinevi.com.tr\/index.php\/wp-json\/wp\/v2\/product_brand?post=696669"},{"taxonomy":"product_cat","embeddable":true,"href":"https:\/\/roveyayinevi.com.tr\/index.php\/wp-json\/wp\/v2\/product_cat?post=696669"},{"taxonomy":"product_tag","embeddable":true,"href":"https:\/\/roveyayinevi.com.tr\/index.php\/wp-json\/wp\/v2\/product_tag?post=696669"}],"curies":[{"name":"wp","href":"https:\/\/api.w.org\/{rel}","templated":true}]}}