{"id":696668,"date":"2025-08-27T14:36:00","date_gmt":"2025-08-27T11:36:00","guid":{"rendered":"https:\/\/roveyayinevi.com.tr\/index.php\/urun\/suc-ve-ceza-3\/"},"modified":"2026-04-16T02:06:25","modified_gmt":"2026-04-15T23:06:25","slug":"suc-ve-ceza-3","status":"publish","type":"product","link":"https:\/\/roveyayinevi.com.tr\/index.php\/urun\/suc-ve-ceza-3\/","title":{"rendered":"Su\u00e7 ve Ceza"},"content":{"rendered":"<p>Yoksulluktan \u00f6\u011frenimine devam edemeyen \u00fcniversite \u00f6\u011frencisi Raskolnikov, toplumun yarar\u0131 i\u00e7in kurallar\u0131n ve kanunlar\u0131n yok say\u0131labilece\u011fi d\u00fc\u015f\u00fcncesiyle, toplum i\u00e7inde bir parazit, bir \u201cbit\u201d olarak sayd\u0131\u011f\u0131 tefeci kad\u0131n\u0131 \u00f6ld\u00fcr\u00fcr. Toplumu bir parazitten kurtarmak ad\u0131na b\u00f6yle bir olaya cesaret etti\u011fine kendisini inand\u0131rmaya \u00e7al\u0131\u015fsa da vicdan\u0131n\u0131n rahats\u0131z edici sesinden bir t\u00fcrl\u00fc kurtulamaz. \ufffc<\/p>\n","protected":false},"excerpt":{"rendered":"<p>Yoksulluktan \u00f6\u011frenimine devam edemeyen \u00fcniversite \u00f6\u011frencisi Raskolnikov, toplumun yarar\u0131 i\u00e7in kurallar\u0131n ve kanunlar\u0131n yok say\u0131labilece\u011fi d\u00fc\u015f\u00fcncesiyle, toplum i\u00e7inde bir parazit, bir \u201cbit\u201d olarak sayd\u0131\u011f\u0131 tefeci kad\u0131n\u0131<span class=\"excerpt-hellip\"> [\u2026]<\/span><\/p>\n","protected":false},"featured_media":0,"template":"","meta":{"_monsterinsights_skip_tracking":false,"_monsterinsights_sitenote_active":false,"_monsterinsights_sitenote_note":"","_monsterinsights_sitenote_category":0},"product_brand":[],"product_cat":[12291,13570],"product_tag":[],"class_list":{"0":"post-696668","1":"product","2":"type-product","3":"status-publish","5":"product_cat-edebiyat","6":"product_cat-rus-edebiyati","7":"pa_cilt-ciltsiz","8":"pa_tur-kitap","9":"pa_yayinevi-antik-kitap","10":"pa_yazar-fyodor-mihaylovic-dostoyevski","12":"first","13":"instock","14":"sale","15":"shipping-taxable","16":"purchasable","17":"product-type-simple"},"_links":{"self":[{"href":"https:\/\/roveyayinevi.com.tr\/index.php\/wp-json\/wp\/v2\/product\/696668","targetHints":{"allow":["GET"]}}],"collection":[{"href":"https:\/\/roveyayinevi.com.tr\/index.php\/wp-json\/wp\/v2\/product"}],"about":[{"href":"https:\/\/roveyayinevi.com.tr\/index.php\/wp-json\/wp\/v2\/types\/product"}],"wp:attachment":[{"href":"https:\/\/roveyayinevi.com.tr\/index.php\/wp-json\/wp\/v2\/media?parent=696668"}],"wp:term":[{"taxonomy":"product_brand","embeddable":true,"href":"https:\/\/roveyayinevi.com.tr\/index.php\/wp-json\/wp\/v2\/product_brand?post=696668"},{"taxonomy":"product_cat","embeddable":true,"href":"https:\/\/roveyayinevi.com.tr\/index.php\/wp-json\/wp\/v2\/product_cat?post=696668"},{"taxonomy":"product_tag","embeddable":true,"href":"https:\/\/roveyayinevi.com.tr\/index.php\/wp-json\/wp\/v2\/product_tag?post=696668"}],"curies":[{"name":"wp","href":"https:\/\/api.w.org\/{rel}","templated":true}]}}