{"id":696667,"date":"2025-08-27T14:36:00","date_gmt":"2025-08-27T11:36:00","guid":{"rendered":"https:\/\/roveyayinevi.com.tr\/index.php\/urun\/yurdumu-ozledim\/"},"modified":"2026-04-16T02:06:24","modified_gmt":"2026-04-15T23:06:24","slug":"yurdumu-ozledim","status":"publish","type":"product","link":"https:\/\/roveyayinevi.com.tr\/index.php\/urun\/yurdumu-ozledim\/","title":{"rendered":"Yurdumu \u00d6zledim"},"content":{"rendered":"<p>\u00c7ocuklar ayaza ald\u0131rmadan, okul bah\u00e7esinde ko\u015fu\u015fup duruyorlard\u0131. Yanaklar\u0131 al al olmu\u015f, burunlar\u0131 k\u0131zar\u0131p dudaklar\u0131 morarm\u0131\u015ft\u0131. So\u011fuk yel dikenli \u00e7al\u0131 gibi bedenlerini dalay\u0131p ge\u00e7iyordu. Bah\u00e7edeki ya\u011fmur birikintileri donmu\u015ftu. \u00c7ocuklar \u00e7ukurlar\u0131n \u00fcst\u00fcn\u00fc kaplayan ince buz katmanlar\u0131n\u0131 k\u0131rma yar\u0131\u015f\u0131na giri\u015fmi\u015flerdi. Buzlar ayaklar\u0131n\u0131n alt\u0131nda \u00e7\u0131t\u0131r \u00e7\u0131t\u0131r \u00e7atlay\u0131p da\u011f\u0131ld\u0131k\u00e7a, sevin\u00e7ten u\u00e7uyorlard\u0131. B\u00f6ylece bah\u00e7ede ku\u015f g\u00f6z\u00fc kadar \u00e7ukurlarda bile buz komad\u0131lar, ezdiler, da\u011f\u0131tt\u0131lar. Deri \u00e7ukurlardaki donmu\u015f y\u00fczeylerin alt\u0131nda su doluydu. Bunlar\u0131 k\u0131rarken, dizlerine dek sulara batt\u0131lar. Lastik ayakkab\u0131lar\u0131, el \u00f6rmesi nak\u0131\u015fl\u0131 y\u00fcn \u00e7oraplar\u0131, pantolon pa\u00e7alar\u0131 s\u0131r\u0131ls\u0131klam oldu&#8230;<\/p>\n","protected":false},"excerpt":{"rendered":"<p>\u00c7ocuklar ayaza ald\u0131rmadan, okul bah\u00e7esinde ko\u015fu\u015fup duruyorlard\u0131. Yanaklar\u0131 al al olmu\u015f, burunlar\u0131 k\u0131zar\u0131p dudaklar\u0131 morarm\u0131\u015ft\u0131. So\u011fuk yel dikenli \u00e7al\u0131 gibi bedenlerini dalay\u0131p ge\u00e7iyordu. Bah\u00e7edeki ya\u011fmur birikintileri<span class=\"excerpt-hellip\"> [\u2026]<\/span><\/p>\n","protected":false},"featured_media":0,"template":"","meta":{"_monsterinsights_skip_tracking":false,"_monsterinsights_sitenote_active":false,"_monsterinsights_sitenote_note":"","_monsterinsights_sitenote_category":0},"product_brand":[],"product_cat":[12275,12274],"product_tag":[],"class_list":{"0":"post-696667","1":"product","2":"type-product","3":"status-publish","5":"product_cat-6-12-yas-kitaplari","6":"product_cat-cocuk-ve-genclik-kitaplari","7":"pa_cilt-ciltsiz","8":"pa_tur-kitap","9":"pa_yayinevi-altin-kitaplar-cocuk-kitaplari","10":"pa_yazar-gulten-dayioglu","12":"first","13":"instock","14":"sale","15":"shipping-taxable","16":"purchasable","17":"product-type-simple"},"_links":{"self":[{"href":"https:\/\/roveyayinevi.com.tr\/index.php\/wp-json\/wp\/v2\/product\/696667","targetHints":{"allow":["GET"]}}],"collection":[{"href":"https:\/\/roveyayinevi.com.tr\/index.php\/wp-json\/wp\/v2\/product"}],"about":[{"href":"https:\/\/roveyayinevi.com.tr\/index.php\/wp-json\/wp\/v2\/types\/product"}],"wp:attachment":[{"href":"https:\/\/roveyayinevi.com.tr\/index.php\/wp-json\/wp\/v2\/media?parent=696667"}],"wp:term":[{"taxonomy":"product_brand","embeddable":true,"href":"https:\/\/roveyayinevi.com.tr\/index.php\/wp-json\/wp\/v2\/product_brand?post=696667"},{"taxonomy":"product_cat","embeddable":true,"href":"https:\/\/roveyayinevi.com.tr\/index.php\/wp-json\/wp\/v2\/product_cat?post=696667"},{"taxonomy":"product_tag","embeddable":true,"href":"https:\/\/roveyayinevi.com.tr\/index.php\/wp-json\/wp\/v2\/product_tag?post=696667"}],"curies":[{"name":"wp","href":"https:\/\/api.w.org\/{rel}","templated":true}]}}