{"id":696662,"date":"2025-08-27T14:35:58","date_gmt":"2025-08-27T11:35:58","guid":{"rendered":"https:\/\/roveyayinevi.com.tr\/index.php\/urun\/amator-denizci-el-kitabi\/"},"modified":"2026-01-22T02:12:34","modified_gmt":"2026-01-21T23:12:34","slug":"amator-denizci-el-kitabi","status":"publish","type":"product","link":"https:\/\/roveyayinevi.com.tr\/index.php\/urun\/amator-denizci-el-kitabi\/","title":{"rendered":"Amat\u00f6r Denizci El Kitab\u0131"},"content":{"rendered":"<p>\u0130lk bask\u0131s\u0131 2005\u2019te yap\u0131lan Amat\u00f6r Denizci Elkitab\u0131\u2019n\u0131n \u201cg\u00f6zden ge\u00e7irilmi\u015f yeni bask\u0131\u201ds\u0131na yeni \u00e7izimler\/bilgiler i\u00e7eren 32 sayfa eklendi ve kapak\/sayfa tasar\u0131m\u0131 yenilendi. S\u00f6zl\u00fck b\u00f6l\u00fcm\u00fcnde yer alan kelimelerin \u0130ngilizce kar\u015f\u0131l\u0131klar\u0131n\u0131n da eklendi\u011fi 302 sayfal\u0131k bu bask\u0131da 275 renkli \u00e7izim\/foto\u011fraf ve 13 tablo yer al\u0131yor. Sezar Atmaca\u2019n\u0131n haz\u0131rlad\u0131\u011f\u0131 Amat\u00f6r Denizci Elkitab\u0131, denizcili\u011fin kendine \u00f6zg\u00fc kurallar\u0131n\u0131, disiplinini ve \u00f6zg\u00fcn dilini tan\u0131tmak i\u00e7in t\u00fcm\u00fcyle amat\u00f6r denizciler taraf\u0131ndan yaz\u0131lm\u0131\u015f bir ilk kitapt\u0131r. \ufffcTan\u0131t\u0131m Metni<\/p>\n","protected":false},"excerpt":{"rendered":"<p>\u0130lk bask\u0131s\u0131 2005\u2019te yap\u0131lan Amat\u00f6r Denizci Elkitab\u0131\u2019n\u0131n \u201cg\u00f6zden ge\u00e7irilmi\u015f yeni bask\u0131\u201ds\u0131na yeni \u00e7izimler\/bilgiler i\u00e7eren 32 sayfa eklendi ve kapak\/sayfa tasar\u0131m\u0131 yenilendi. S\u00f6zl\u00fck b\u00f6l\u00fcm\u00fcnde yer alan kelimelerin<span class=\"excerpt-hellip\"> [\u2026]<\/span><\/p>\n","protected":false},"featured_media":0,"template":"","meta":{"_monsterinsights_skip_tracking":false,"_monsterinsights_sitenote_active":false,"_monsterinsights_sitenote_note":"","_monsterinsights_sitenote_category":0},"product_brand":[],"product_cat":[27746,15563],"product_tag":[],"class_list":{"0":"post-696662","1":"product","2":"type-product","3":"status-publish","5":"product_cat-denizcilik","6":"product_cat-hobi","7":"pa_tur-kitap","8":"pa_yayinevi-amator-denizcilik-federasyonu-akademik","9":"pa_yazar-sezar-atmaca","11":"first","12":"instock","13":"sale","14":"shipping-taxable","15":"purchasable","16":"product-type-simple"},"_links":{"self":[{"href":"https:\/\/roveyayinevi.com.tr\/index.php\/wp-json\/wp\/v2\/product\/696662","targetHints":{"allow":["GET"]}}],"collection":[{"href":"https:\/\/roveyayinevi.com.tr\/index.php\/wp-json\/wp\/v2\/product"}],"about":[{"href":"https:\/\/roveyayinevi.com.tr\/index.php\/wp-json\/wp\/v2\/types\/product"}],"wp:attachment":[{"href":"https:\/\/roveyayinevi.com.tr\/index.php\/wp-json\/wp\/v2\/media?parent=696662"}],"wp:term":[{"taxonomy":"product_brand","embeddable":true,"href":"https:\/\/roveyayinevi.com.tr\/index.php\/wp-json\/wp\/v2\/product_brand?post=696662"},{"taxonomy":"product_cat","embeddable":true,"href":"https:\/\/roveyayinevi.com.tr\/index.php\/wp-json\/wp\/v2\/product_cat?post=696662"},{"taxonomy":"product_tag","embeddable":true,"href":"https:\/\/roveyayinevi.com.tr\/index.php\/wp-json\/wp\/v2\/product_tag?post=696662"}],"curies":[{"name":"wp","href":"https:\/\/api.w.org\/{rel}","templated":true}]}}