{"id":696660,"date":"2025-08-27T14:35:58","date_gmt":"2025-08-27T11:35:58","guid":{"rendered":"https:\/\/roveyayinevi.com.tr\/index.php\/urun\/kara-kule-serisi-3-corak-topraklar\/"},"modified":"2026-04-16T02:06:24","modified_gmt":"2026-04-15T23:06:24","slug":"kara-kule-serisi-3-corak-topraklar","status":"publish","type":"product","link":"https:\/\/roveyayinevi.com.tr\/index.php\/urun\/kara-kule-serisi-3-corak-topraklar\/","title":{"rendered":"Kara Kule Serisi 3 &#8211; \u00c7orak Topraklar"},"content":{"rendered":"<p>B\u00fcy\u00fcleyici bir d\u00fcnyan\u0131n kap\u0131lar\u0131n\u0131 aralayan Kara Kule Serisi\u2019nin bu\u00fc\u00e7\u00fcnc\u00fc kitab\u0131nda, son silah\u015forun Kule\u2019yi aray\u0131\u015f\u0131 s\u00fcrmektedir. Bukez yan\u0131na iki yol arkada\u015f\u0131 da kat\u0131l\u0131r: Ba\u011f\u0131ml\u0131s\u0131 oldu\u011fu uyu\u015fturu-cudan kurtulan Eddie Dean ile kopan bacaklar\u0131 g\u00f6vdesiylebirle\u015fen ve Susannah Dean\u2019\u0131n g\u00fc\u00e7l\u00fc ve dengeli ki\u015fili\u011fine b\u00fcr\u00fcnenOdetta.Roland Deschain, yeni dostlar\u0131na silah\u015forluk e\u011fitimi vermeyeba\u015flar. Fakat Silah\u015for eski d\u00fcnyas\u0131nda \u00f6lm\u00fc\u015f olan Jake Cham-bers\u2019\u0131n hayat\u0131n\u0131 kurtararak ka\u2019n\u0131n y\u00f6n\u00fcn\u00fc de\u011fi\u015ftirir. \u015eimdilerdeRoland ve Jake, farkl\u0131 d\u00fcnyalarda varl\u0131klar\u0131n\u0131 s\u00fcrd\u00fcrd\u00fckleri halde,ayn\u0131 \u00e7\u0131lg\u0131nl\u0131klar\u0131na devam etmektedirler. \ufffcTan\u0131t\u0131m Metni<\/p>\n","protected":false},"excerpt":{"rendered":"<p>B\u00fcy\u00fcleyici bir d\u00fcnyan\u0131n kap\u0131lar\u0131n\u0131 aralayan Kara Kule Serisi\u2019nin bu\u00fc\u00e7\u00fcnc\u00fc kitab\u0131nda, son silah\u015forun Kule\u2019yi aray\u0131\u015f\u0131 s\u00fcrmektedir. Bukez yan\u0131na iki yol arkada\u015f\u0131 da kat\u0131l\u0131r: Ba\u011f\u0131ml\u0131s\u0131 oldu\u011fu uyu\u015fturu-cudan kurtulan<span class=\"excerpt-hellip\"> [\u2026]<\/span><\/p>\n","protected":false},"featured_media":0,"template":"","meta":{"_monsterinsights_skip_tracking":false,"_monsterinsights_sitenote_active":false,"_monsterinsights_sitenote_note":"","_monsterinsights_sitenote_category":0},"product_brand":[],"product_cat":[12803,12291],"product_tag":[],"class_list":{"0":"post-696660","1":"product","2":"type-product","3":"status-publish","5":"product_cat-aksiyon-macera","6":"product_cat-edebiyat","7":"pa_cilt-ciltsiz","8":"pa_tur-kitap","9":"pa_yayinevi-altin-kitaplar","10":"pa_yazar-stephen-king","12":"first","13":"instock","14":"sale","15":"shipping-taxable","16":"purchasable","17":"product-type-simple"},"_links":{"self":[{"href":"https:\/\/roveyayinevi.com.tr\/index.php\/wp-json\/wp\/v2\/product\/696660","targetHints":{"allow":["GET"]}}],"collection":[{"href":"https:\/\/roveyayinevi.com.tr\/index.php\/wp-json\/wp\/v2\/product"}],"about":[{"href":"https:\/\/roveyayinevi.com.tr\/index.php\/wp-json\/wp\/v2\/types\/product"}],"wp:attachment":[{"href":"https:\/\/roveyayinevi.com.tr\/index.php\/wp-json\/wp\/v2\/media?parent=696660"}],"wp:term":[{"taxonomy":"product_brand","embeddable":true,"href":"https:\/\/roveyayinevi.com.tr\/index.php\/wp-json\/wp\/v2\/product_brand?post=696660"},{"taxonomy":"product_cat","embeddable":true,"href":"https:\/\/roveyayinevi.com.tr\/index.php\/wp-json\/wp\/v2\/product_cat?post=696660"},{"taxonomy":"product_tag","embeddable":true,"href":"https:\/\/roveyayinevi.com.tr\/index.php\/wp-json\/wp\/v2\/product_tag?post=696660"}],"curies":[{"name":"wp","href":"https:\/\/api.w.org\/{rel}","templated":true}]}}