{"id":696656,"date":"2025-08-27T14:35:57","date_gmt":"2025-08-27T11:35:57","guid":{"rendered":"https:\/\/roveyayinevi.com.tr\/index.php\/urun\/cinayet-ilani\/"},"modified":"2026-04-16T02:06:24","modified_gmt":"2026-04-15T23:06:24","slug":"cinayet-ilani","status":"publish","type":"product","link":"https:\/\/roveyayinevi.com.tr\/index.php\/urun\/cinayet-ilani\/","title":{"rendered":"Cinayet \u0130lan\u0131"},"content":{"rendered":"<p>Yerel Gazete\u2019de \u00e7\u0131kan garip cinayet ilan\u0131, Jane Marple dahil t\u00fcm Chipping Cleghorn k\u00f6y\u00fc sakinlerini heyecanl\u0131 bir bekleyi\u015fe s\u00fcr\u00fcklemi\u015ftir: 29 Ekim, Cuma g\u00fcn\u00fc, saat 18.30\u2019 da Little Paddocks\u2019ta cinayet i\u015flenecektir. \ufffcTan\u0131t\u0131m Metni<\/p>\n","protected":false},"excerpt":{"rendered":"<p>Yerel Gazete\u2019de \u00e7\u0131kan garip cinayet ilan\u0131, Jane Marple dahil t\u00fcm Chipping Cleghorn k\u00f6y\u00fc sakinlerini heyecanl\u0131 bir bekleyi\u015fe s\u00fcr\u00fcklemi\u015ftir: 29 Ekim, Cuma g\u00fcn\u00fc, saat 18.30\u2019 da Little<span class=\"excerpt-hellip\"> [\u2026]<\/span><\/p>\n","protected":false},"featured_media":0,"template":"","meta":{"_monsterinsights_skip_tracking":false,"_monsterinsights_sitenote_active":false,"_monsterinsights_sitenote_note":"","_monsterinsights_sitenote_category":0},"product_brand":[],"product_cat":[12291,15445],"product_tag":[],"class_list":{"0":"post-696656","1":"product","2":"type-product","3":"status-publish","5":"product_cat-edebiyat","6":"product_cat-polisiye","7":"pa_cilt-ciltsiz","8":"pa_tur-kitap","9":"pa_yayinevi-altin-kitaplar","10":"pa_yazar-agatha-christie","12":"first","13":"instock","14":"sale","15":"shipping-taxable","16":"purchasable","17":"product-type-simple"},"_links":{"self":[{"href":"https:\/\/roveyayinevi.com.tr\/index.php\/wp-json\/wp\/v2\/product\/696656","targetHints":{"allow":["GET"]}}],"collection":[{"href":"https:\/\/roveyayinevi.com.tr\/index.php\/wp-json\/wp\/v2\/product"}],"about":[{"href":"https:\/\/roveyayinevi.com.tr\/index.php\/wp-json\/wp\/v2\/types\/product"}],"wp:attachment":[{"href":"https:\/\/roveyayinevi.com.tr\/index.php\/wp-json\/wp\/v2\/media?parent=696656"}],"wp:term":[{"taxonomy":"product_brand","embeddable":true,"href":"https:\/\/roveyayinevi.com.tr\/index.php\/wp-json\/wp\/v2\/product_brand?post=696656"},{"taxonomy":"product_cat","embeddable":true,"href":"https:\/\/roveyayinevi.com.tr\/index.php\/wp-json\/wp\/v2\/product_cat?post=696656"},{"taxonomy":"product_tag","embeddable":true,"href":"https:\/\/roveyayinevi.com.tr\/index.php\/wp-json\/wp\/v2\/product_tag?post=696656"}],"curies":[{"name":"wp","href":"https:\/\/api.w.org\/{rel}","templated":true}]}}