{"id":696655,"date":"2025-08-27T14:35:56","date_gmt":"2025-08-27T11:35:56","guid":{"rendered":"https:\/\/roveyayinevi.com.tr\/index.php\/urun\/cinayet-alfabesi\/"},"modified":"2026-04-16T02:06:24","modified_gmt":"2026-04-15T23:06:24","slug":"cinayet-alfabesi","status":"publish","type":"product","link":"https:\/\/roveyayinevi.com.tr\/index.php\/urun\/cinayet-alfabesi\/","title":{"rendered":"Cinayet Alfabesi"},"content":{"rendered":"<p>Alfabe s\u0131ras\u0131na g\u00f6re kurbanlar\u0131n\u0131 \u00f6ld\u00fcren seri katil, cesetlerin yan\u0131na ABC tren yollar\u0131 tarifesini b\u0131rakmaktad\u0131r&#8230; Ayn\u0131 zamanda cinayetleri i\u015fleyece\u011fi mek\u00e2nlar\u0131 Hercule Poirot\u2019ya \u00f6nceden haber vererek deneyimli dedektifle dalga ge\u00e7mektedir. Fakat Poirot ad\u0131 ge\u00e7en yerlere ula\u015fmakta her zaman gecikir. Bu psikopat\u0131n d\u00fc\u015f\u00fcncelerinden ve cinayet metodundan fazlas\u0131yla etkilenen Poirot, Hastings ve Japp\u2019\u0131n yard\u0131m\u0131yla \u0130ngiltere\u2019de enine boyuna seyahat ederek bu ac\u0131mas\u0131z katilin izini bulmaya karar verir.<\/p>\n","protected":false},"excerpt":{"rendered":"<p>Alfabe s\u0131ras\u0131na g\u00f6re kurbanlar\u0131n\u0131 \u00f6ld\u00fcren seri katil, cesetlerin yan\u0131na ABC tren yollar\u0131 tarifesini b\u0131rakmaktad\u0131r&#8230; Ayn\u0131 zamanda cinayetleri i\u015fleyece\u011fi mek\u00e2nlar\u0131 Hercule Poirot\u2019ya \u00f6nceden haber vererek deneyimli dedektifle<span class=\"excerpt-hellip\"> [\u2026]<\/span><\/p>\n","protected":false},"featured_media":0,"template":"","meta":{"_monsterinsights_skip_tracking":false,"_monsterinsights_sitenote_active":false,"_monsterinsights_sitenote_note":"","_monsterinsights_sitenote_category":0},"product_brand":[],"product_cat":[12291,15445],"product_tag":[],"class_list":{"0":"post-696655","1":"product","2":"type-product","3":"status-publish","5":"product_cat-edebiyat","6":"product_cat-polisiye","7":"pa_cilt-ciltsiz","8":"pa_tur-kitap","9":"pa_yayinevi-altin-kitaplar","10":"pa_yazar-agatha-christie","12":"first","13":"instock","14":"sale","15":"shipping-taxable","16":"purchasable","17":"product-type-simple"},"_links":{"self":[{"href":"https:\/\/roveyayinevi.com.tr\/index.php\/wp-json\/wp\/v2\/product\/696655","targetHints":{"allow":["GET"]}}],"collection":[{"href":"https:\/\/roveyayinevi.com.tr\/index.php\/wp-json\/wp\/v2\/product"}],"about":[{"href":"https:\/\/roveyayinevi.com.tr\/index.php\/wp-json\/wp\/v2\/types\/product"}],"wp:attachment":[{"href":"https:\/\/roveyayinevi.com.tr\/index.php\/wp-json\/wp\/v2\/media?parent=696655"}],"wp:term":[{"taxonomy":"product_brand","embeddable":true,"href":"https:\/\/roveyayinevi.com.tr\/index.php\/wp-json\/wp\/v2\/product_brand?post=696655"},{"taxonomy":"product_cat","embeddable":true,"href":"https:\/\/roveyayinevi.com.tr\/index.php\/wp-json\/wp\/v2\/product_cat?post=696655"},{"taxonomy":"product_tag","embeddable":true,"href":"https:\/\/roveyayinevi.com.tr\/index.php\/wp-json\/wp\/v2\/product_tag?post=696655"}],"curies":[{"name":"wp","href":"https:\/\/api.w.org\/{rel}","templated":true}]}}