{"id":696651,"date":"2025-08-27T14:35:55","date_gmt":"2025-08-27T11:35:55","guid":{"rendered":"https:\/\/roveyayinevi.com.tr\/index.php\/urun\/anahtar-deliginden-esen-ruzgar\/"},"modified":"2026-04-16T02:06:24","modified_gmt":"2026-04-15T23:06:24","slug":"anahtar-deliginden-esen-ruzgar","status":"publish","type":"product","link":"https:\/\/roveyayinevi.com.tr\/index.php\/urun\/anahtar-deliginden-esen-ruzgar\/","title":{"rendered":"Anahtar Deli\u011finden Esen R\u00fczgar"},"content":{"rendered":"<p>Roland ve arkada\u015flar\u0131, \u0131\u015f\u0131n demetine do\u011fru s\u00fcren yolculuklar\u0131nda yeri g\u00f6\u011f\u00fc birbirine katan, a\u011fa\u00e7lar\u0131 k\u00f6klerinden s\u00f6ken bir f\u0131rt\u0131naya yakalan\u0131rlar. F\u0131rt\u0131nadan korunmak i\u00e7in s\u0131\u011f\u0131nd\u0131klar\u0131 yerde, Roland yan\u0131ndakilere iki garip \u00f6yk\u00fc anlat\u0131r ve b\u00f6ylelikle bin bir s\u0131k\u0131nt\u0131 i\u00e7inde ge\u00e7en gen\u00e7li\u011fine \u0131\u015f\u0131k tutar. \ufffc<\/p>\n","protected":false},"excerpt":{"rendered":"<p>Roland ve arkada\u015flar\u0131, \u0131\u015f\u0131n demetine do\u011fru s\u00fcren yolculuklar\u0131nda yeri g\u00f6\u011f\u00fc birbirine katan, a\u011fa\u00e7lar\u0131 k\u00f6klerinden s\u00f6ken bir f\u0131rt\u0131naya yakalan\u0131rlar. F\u0131rt\u0131nadan korunmak i\u00e7in s\u0131\u011f\u0131nd\u0131klar\u0131 yerde, Roland yan\u0131ndakilere iki<span class=\"excerpt-hellip\"> [\u2026]<\/span><\/p>\n","protected":false},"featured_media":0,"template":"","meta":{"_monsterinsights_skip_tracking":false,"_monsterinsights_sitenote_active":false,"_monsterinsights_sitenote_note":"","_monsterinsights_sitenote_category":0},"product_brand":[],"product_cat":[12891,12291],"product_tag":[],"class_list":{"0":"post-696651","1":"product","2":"type-product","3":"status-publish","5":"product_cat-amerikan-edebiyati","6":"product_cat-edebiyat","7":"pa_cilt-ciltsiz","8":"pa_tur-kitap","9":"pa_yayinevi-altin-kitaplar","10":"pa_yazar-stephen-king","12":"first","13":"instock","14":"sale","15":"shipping-taxable","16":"purchasable","17":"product-type-simple"},"_links":{"self":[{"href":"https:\/\/roveyayinevi.com.tr\/index.php\/wp-json\/wp\/v2\/product\/696651","targetHints":{"allow":["GET"]}}],"collection":[{"href":"https:\/\/roveyayinevi.com.tr\/index.php\/wp-json\/wp\/v2\/product"}],"about":[{"href":"https:\/\/roveyayinevi.com.tr\/index.php\/wp-json\/wp\/v2\/types\/product"}],"wp:attachment":[{"href":"https:\/\/roveyayinevi.com.tr\/index.php\/wp-json\/wp\/v2\/media?parent=696651"}],"wp:term":[{"taxonomy":"product_brand","embeddable":true,"href":"https:\/\/roveyayinevi.com.tr\/index.php\/wp-json\/wp\/v2\/product_brand?post=696651"},{"taxonomy":"product_cat","embeddable":true,"href":"https:\/\/roveyayinevi.com.tr\/index.php\/wp-json\/wp\/v2\/product_cat?post=696651"},{"taxonomy":"product_tag","embeddable":true,"href":"https:\/\/roveyayinevi.com.tr\/index.php\/wp-json\/wp\/v2\/product_tag?post=696651"}],"curies":[{"name":"wp","href":"https:\/\/api.w.org\/{rel}","templated":true}]}}