{"id":696649,"date":"2025-08-27T14:35:55","date_gmt":"2025-08-27T11:35:55","guid":{"rendered":"https:\/\/roveyayinevi.com.tr\/index.php\/urun\/minka-abla\/"},"modified":"2026-04-16T02:06:24","modified_gmt":"2026-04-15T23:06:24","slug":"minka-abla","status":"publish","type":"product","link":"https:\/\/roveyayinevi.com.tr\/index.php\/urun\/minka-abla\/","title":{"rendered":"Minka Abla"},"content":{"rendered":"<p>Ya\u015fam\u0131n\u0131n tek amac\u0131, insanlar\u0131 sevmek ve onlara yard\u0131m etmek olan yoksul bir k\u00f6yl\u00fc k\u0131z\u0131, Minka Abla&#8230; Do\u011fan\u0131n ve kendisine bi\u00e7ilen hayat\u0131n ac\u0131mas\u0131zl\u0131\u011f\u0131 aras\u0131nda s\u0131k\u0131\u015fm\u0131\u015f, fakat her \u015feye <\/p>\n","protected":false},"excerpt":{"rendered":"<p>Ya\u015fam\u0131n\u0131n tek amac\u0131, insanlar\u0131 sevmek ve onlara yard\u0131m etmek olan yoksul bir k\u00f6yl\u00fc k\u0131z\u0131, Minka Abla&#8230; Do\u011fan\u0131n ve kendisine bi\u00e7ilen hayat\u0131n ac\u0131mas\u0131zl\u0131\u011f\u0131 aras\u0131nda s\u0131k\u0131\u015fm\u0131\u015f, fakat her<span class=\"excerpt-hellip\"> [\u2026]<\/span><\/p>\n","protected":false},"featured_media":0,"template":"","meta":{"_monsterinsights_skip_tracking":false,"_monsterinsights_sitenote_active":false,"_monsterinsights_sitenote_note":"","_monsterinsights_sitenote_category":0},"product_brand":[],"product_cat":[12291,13376],"product_tag":[],"class_list":{"0":"post-696649","1":"product","2":"type-product","3":"status-publish","5":"product_cat-edebiyat","6":"product_cat-fransiz-edebiyati","7":"pa_tur-kitap","8":"pa_yayinevi-antik-kitap","9":"pa_yazar-panait-istrati","11":"first","12":"instock","13":"sale","14":"shipping-taxable","15":"purchasable","16":"product-type-simple"},"_links":{"self":[{"href":"https:\/\/roveyayinevi.com.tr\/index.php\/wp-json\/wp\/v2\/product\/696649","targetHints":{"allow":["GET"]}}],"collection":[{"href":"https:\/\/roveyayinevi.com.tr\/index.php\/wp-json\/wp\/v2\/product"}],"about":[{"href":"https:\/\/roveyayinevi.com.tr\/index.php\/wp-json\/wp\/v2\/types\/product"}],"wp:attachment":[{"href":"https:\/\/roveyayinevi.com.tr\/index.php\/wp-json\/wp\/v2\/media?parent=696649"}],"wp:term":[{"taxonomy":"product_brand","embeddable":true,"href":"https:\/\/roveyayinevi.com.tr\/index.php\/wp-json\/wp\/v2\/product_brand?post=696649"},{"taxonomy":"product_cat","embeddable":true,"href":"https:\/\/roveyayinevi.com.tr\/index.php\/wp-json\/wp\/v2\/product_cat?post=696649"},{"taxonomy":"product_tag","embeddable":true,"href":"https:\/\/roveyayinevi.com.tr\/index.php\/wp-json\/wp\/v2\/product_tag?post=696649"}],"curies":[{"name":"wp","href":"https:\/\/api.w.org\/{rel}","templated":true}]}}