{"id":696648,"date":"2025-08-27T14:35:55","date_gmt":"2025-08-27T11:35:55","guid":{"rendered":"https:\/\/roveyayinevi.com.tr\/index.php\/urun\/kamelyali-kadin-3\/"},"modified":"2026-04-16T02:06:24","modified_gmt":"2026-04-15T23:06:24","slug":"kamelyali-kadin-3","status":"publish","type":"product","link":"https:\/\/roveyayinevi.com.tr\/index.php\/urun\/kamelyali-kadin-3\/","title":{"rendered":"Kamelyal\u0131 Kad\u0131n"},"content":{"rendered":"<p>Ger\u00e7ek bir a\u015fk\u0131n dokunakl\u0131 ve y\u00fcrek burkucu hik\u00e2yesi&#8230; Hukuk\u00e7u M\u00f6sy\u00f6 Armand Duval\u2019in yolu bir g\u00fcn kamelya \u00e7i\u00e7ekleriyle \u00fcnlenmi\u015f Matmazel Marguerite Gautier ile kesi\u015fir. Armand\u2019\u0131n kendi halinde bir hukuk\u00e7u, Marguerite\u2019in ise bir g\u00fcnl\u00fck \u00e7i\u00e7eklerine s\u0131radan bir ailenin bir ayl\u0131k ge\u00e7im kayna\u011f\u0131n\u0131 sarf edebilecek derecede sefahat i\u00e7inde bir kad\u0131n olmas\u0131, bu iki gencin birbirlerine \u015fiddetle ilgi duymalar\u0131n\u0131 engellemez. Ba\u015f\u0131ndan ge\u00e7en onca \u015feye ra\u011fmen masumiyetini kaybetmeyen Marguerite, Armand Duval sayesinde hayat\u0131nda ilk defa \u015fefk\u00e2tin izlerini g\u00f6rm\u00fc\u015ft\u00fcr \u00e7\u00fcnk\u00fc. Kamelyal\u0131 Kad\u0131n\u2019\u0131n naif \u00f6yk\u00fcs\u00fc ku\u015faklard\u0131r o kadar be\u011fenilmektedir ki bir\u00e7ok filme ve tiyatro oyununa konu olmu\u015f, hatta Verdi\u2019nin \u00f6l\u00fcms\u00fcz eseri La Traviata\u2019ya kaynakl\u0131k etmi\u015ftir. <\/p>\n","protected":false},"excerpt":{"rendered":"<p>Ger\u00e7ek bir a\u015fk\u0131n dokunakl\u0131 ve y\u00fcrek burkucu hik\u00e2yesi&#8230; Hukuk\u00e7u M\u00f6sy\u00f6 Armand Duval\u2019in yolu bir g\u00fcn kamelya \u00e7i\u00e7ekleriyle \u00fcnlenmi\u015f Matmazel Marguerite Gautier ile kesi\u015fir. Armand\u2019\u0131n kendi halinde<span class=\"excerpt-hellip\"> [\u2026]<\/span><\/p>\n","protected":false},"featured_media":0,"template":"","meta":{"_monsterinsights_skip_tracking":false,"_monsterinsights_sitenote_active":false,"_monsterinsights_sitenote_note":"","_monsterinsights_sitenote_category":0},"product_brand":[],"product_cat":[12291,13376],"product_tag":[],"class_list":{"0":"post-696648","1":"product","2":"type-product","3":"status-publish","5":"product_cat-edebiyat","6":"product_cat-fransiz-edebiyati","7":"pa_tur-kitap","8":"pa_yayinevi-antik-kitap","9":"pa_yazar-alexandre-dumas","11":"first","12":"instock","13":"sale","14":"shipping-taxable","15":"purchasable","16":"product-type-simple"},"_links":{"self":[{"href":"https:\/\/roveyayinevi.com.tr\/index.php\/wp-json\/wp\/v2\/product\/696648","targetHints":{"allow":["GET"]}}],"collection":[{"href":"https:\/\/roveyayinevi.com.tr\/index.php\/wp-json\/wp\/v2\/product"}],"about":[{"href":"https:\/\/roveyayinevi.com.tr\/index.php\/wp-json\/wp\/v2\/types\/product"}],"wp:attachment":[{"href":"https:\/\/roveyayinevi.com.tr\/index.php\/wp-json\/wp\/v2\/media?parent=696648"}],"wp:term":[{"taxonomy":"product_brand","embeddable":true,"href":"https:\/\/roveyayinevi.com.tr\/index.php\/wp-json\/wp\/v2\/product_brand?post=696648"},{"taxonomy":"product_cat","embeddable":true,"href":"https:\/\/roveyayinevi.com.tr\/index.php\/wp-json\/wp\/v2\/product_cat?post=696648"},{"taxonomy":"product_tag","embeddable":true,"href":"https:\/\/roveyayinevi.com.tr\/index.php\/wp-json\/wp\/v2\/product_tag?post=696648"}],"curies":[{"name":"wp","href":"https:\/\/api.w.org\/{rel}","templated":true}]}}