{"id":696644,"date":"2025-08-27T14:35:54","date_gmt":"2025-08-27T11:35:54","guid":{"rendered":"https:\/\/roveyayinevi.com.tr\/index.php\/urun\/kisa-mesafe-telsiz-el-kitabi\/"},"modified":"2026-01-22T02:12:33","modified_gmt":"2026-01-21T23:12:33","slug":"kisa-mesafe-telsiz-el-kitabi","status":"publish","type":"product","link":"https:\/\/roveyayinevi.com.tr\/index.php\/urun\/kisa-mesafe-telsiz-el-kitabi\/","title":{"rendered":"K\u0131sa Mesafe Telsiz El Kitab\u0131"},"content":{"rendered":"<p>Denizde telsizle haberle\u015febilmek, kullan\u0131lacak cihazlar\u0131n, haberle\u015fme usul ve esaslar\u0131n\u0131n asgari d\u00fczeyde bilinmesine ba\u011fl\u0131d\u0131r. Kazalar veya yard\u0131m gerektiren beklenmedik olaylar denize a\u00e7\u0131lan herkesin ba\u015f\u0131na gelebilir. Deniz telsiz haberle\u015fmesi en az\u0131ndan bu olas\u0131l\u0131klar nedeniyle do\u011fru bilgi gerektiren \u00e7ok ciddi ve \u00f6nemli bir faaliyettir.Denizde haberle\u015fmenin nas\u0131l ba\u015flat\u0131laca\u011f\u0131n\u0131n, s\u00fcrd\u00fcr\u00fclece\u011finin ve bitirilece\u011finin bilinmesi, seyir emniyetini ilgilendiren ola\u011fan haberle\u015fmeden \u00f6teye; can, mal ve \u00e7evre emniyetinin sa\u011flanmas\u0131 i\u00e7in yard\u0131m istenmesini ve edilmesini gerektiren hallerde, yanl\u0131\u015f anlama ve uygulamalar\u0131 \u00f6nleyecek temel gereksinimdir.K\u0131sa Mesafe Telsiz Operat\u00f6r\u00fc, SOLAS S\u00f6zle\u015fmesi kapsam\u0131 d\u0131\u015f\u0131nda olan deniz ara\u00e7lar\u0131nda GMDSS sisteminde VHF\/DSC d\u00e2hil olmak \u00fczere yard\u0131mc\u0131 seyir cihazlar\u0131n\u0131 kullanacak ki\u015fiye verilecek yeterli\u011fi ifade eder. VHF telsiz telefonu kullanacak ki\u015filerin de en az &#8220;K\u0131sa Mesafe Telsiz (KMT) Operat\u00f6r\u00fc Yeterlik Belgesi&#8221; sahibi olmalar\u0131 mevzuat gere\u011fidir. KMT Operat\u00f6r\u00fc s\u0131nav\u0131, bu nedenle hem amat\u00f6r denizcileri hem de gemiadamlar\u0131n\u0131 ilgilendirir.K\u0131sa Mesafe Telsiz Operat\u00f6r\u00fc s\u0131nav\u0131na haz\u0131rlananlara yard\u0131mc\u0131 olmak amac\u0131yla ilgili mevzuat dikkate al\u0131narak haz\u0131rlanm\u0131\u015f bu kitab\u0131n amac\u0131, haberle\u015fme cihazlar\u0131 ile bunlar\u0131n kullan\u0131m usul ve esaslar\u0131n\u0131 yeterli d\u00fczeyde \u00f6\u011fretebilmektir. <\/p>\n","protected":false},"excerpt":{"rendered":"<p>Denizde telsizle haberle\u015febilmek, kullan\u0131lacak cihazlar\u0131n, haberle\u015fme usul ve esaslar\u0131n\u0131n asgari d\u00fczeyde bilinmesine ba\u011fl\u0131d\u0131r. Kazalar veya yard\u0131m gerektiren beklenmedik olaylar denize a\u00e7\u0131lan herkesin ba\u015f\u0131na gelebilir. Deniz telsiz<span class=\"excerpt-hellip\"> [\u2026]<\/span><\/p>\n","protected":false},"featured_media":0,"template":"","meta":{"_monsterinsights_skip_tracking":false,"_monsterinsights_sitenote_active":false,"_monsterinsights_sitenote_note":"","_monsterinsights_sitenote_category":0},"product_brand":[],"product_cat":[13772,12364],"product_tag":[],"class_list":{"0":"post-696644","1":"product","2":"type-product","3":"status-publish","5":"product_cat-basvuru-kitaplari","6":"product_cat-genel-konular","7":"pa_cilt-ciltsiz","8":"pa_tur-kitap","9":"pa_yayinevi-amator-denizcilik-federasyonu-akademik","10":"pa_yazar-sezar-atmaca-tunc-tokay","12":"first","13":"instock","14":"sale","15":"shipping-taxable","16":"purchasable","17":"product-type-simple"},"_links":{"self":[{"href":"https:\/\/roveyayinevi.com.tr\/index.php\/wp-json\/wp\/v2\/product\/696644","targetHints":{"allow":["GET"]}}],"collection":[{"href":"https:\/\/roveyayinevi.com.tr\/index.php\/wp-json\/wp\/v2\/product"}],"about":[{"href":"https:\/\/roveyayinevi.com.tr\/index.php\/wp-json\/wp\/v2\/types\/product"}],"wp:attachment":[{"href":"https:\/\/roveyayinevi.com.tr\/index.php\/wp-json\/wp\/v2\/media?parent=696644"}],"wp:term":[{"taxonomy":"product_brand","embeddable":true,"href":"https:\/\/roveyayinevi.com.tr\/index.php\/wp-json\/wp\/v2\/product_brand?post=696644"},{"taxonomy":"product_cat","embeddable":true,"href":"https:\/\/roveyayinevi.com.tr\/index.php\/wp-json\/wp\/v2\/product_cat?post=696644"},{"taxonomy":"product_tag","embeddable":true,"href":"https:\/\/roveyayinevi.com.tr\/index.php\/wp-json\/wp\/v2\/product_tag?post=696644"}],"curies":[{"name":"wp","href":"https:\/\/api.w.org\/{rel}","templated":true}]}}