{"id":696641,"date":"2025-08-27T14:35:53","date_gmt":"2025-08-27T11:35:53","guid":{"rendered":"https:\/\/roveyayinevi.com.tr\/index.php\/urun\/tunadan-ucan-kus\/"},"modified":"2026-04-16T02:06:24","modified_gmt":"2026-04-15T23:06:24","slug":"tunadan-ucan-kus","status":"publish","type":"product","link":"https:\/\/roveyayinevi.com.tr\/index.php\/urun\/tunadan-ucan-kus\/","title":{"rendered":"Tuna\u2019dan U\u00e7an Ku\u015f"},"content":{"rendered":"<p>Boris, Tuna k\u0131y\u0131lar\u0131nda ya\u015fayan, \u00e7ok ak\u0131ll\u0131 ve ola\u011fan\u00fcst\u00fc yeteneklere sahip bir \u00e7ocuktu. Padi\u015fah ferman\u0131yla dev\u015firmeye al\u0131nd\u0131. Zorla annesinin kollar\u0131ndan kopar\u0131lan Boris, Ba\u015fkent \u0130stanbul&#8217;a g\u00f6t\u00fcr\u00fcl\u00fcrken, Turnac\u0131ba\u015f\u0131&#8217;n\u0131n elinden ka\u00e7t\u0131. Daha sonra, az\u0131l\u0131 e\u015fkiya Dramal\u0131 Deli H\u00fcseyin&#8217;e tutsak oldu. Afrika&#8217;da k\u00f6le pazar\u0131nda sat\u0131larak, kendini Habe\u015fistan saray\u0131nda buldu. Diri diri g\u00f6m\u00fclme pahas\u0131na, buradan kurtar\u0131ld\u0131. Yeniden \u0130stanbul&#8217;a getirildi. Ad\u0131 de\u011fi\u015ftirilip Behram oldu. K\u0131sa s\u00fcrede Padi\u015fah&#8217;\u0131n g\u00f6z\u00fcne girdi. Topkap\u0131 Saray\u0131nda, Enderun okulunda e\u011fitim g\u00f6rerek, y\u00fckselmeye ba\u015flad\u0131.Behram, Tuna&#8217;dan u\u00e7an bir ku\u015ftu. Asya, Afrika, Avrupa g\u00f6klerinde, y\u0131llar y\u0131l\u0131 kanat \u00e7\u0131rpt\u0131. Soluk kesici ser\u00fcvenlere dald\u0131. Ba\u015f\u0131ndan akla gelmedik olaylar ge\u00e7ti. Sonra bir g\u00fcn, kanad\u0131 k\u0131r\u0131ld\u0131. Ama, o y\u0131lmad\u0131. Ya\u015fam\u0131 boyunca, zihin, bellek ve g\u00f6n\u00fcl kanatlar\u0131yla u\u00e7may\u0131 s\u00fcrd\u00fcrd\u00fc. Devri\u015fmelikten, Osmanl\u0131 \u0130mparatorlu\u011funun Ba\u015fvezir&#8217;li\u011fine y\u00fckselen Behram&#8217;\u0131n ibret dolu ya\u015fam\u0131n\u0131 heyecanla okuyacaks\u0131n\u0131z.<\/p>\n","protected":false},"excerpt":{"rendered":"<p>Boris, Tuna k\u0131y\u0131lar\u0131nda ya\u015fayan, \u00e7ok ak\u0131ll\u0131 ve ola\u011fan\u00fcst\u00fc yeteneklere sahip bir \u00e7ocuktu. Padi\u015fah ferman\u0131yla dev\u015firmeye al\u0131nd\u0131. Zorla annesinin kollar\u0131ndan kopar\u0131lan Boris, Ba\u015fkent \u0130stanbul&#8217;a g\u00f6t\u00fcr\u00fcl\u00fcrken, Turnac\u0131ba\u015f\u0131&#8217;n\u0131n elinden<span class=\"excerpt-hellip\"> [\u2026]<\/span><\/p>\n","protected":false},"featured_media":0,"template":"","meta":{"_monsterinsights_skip_tracking":false,"_monsterinsights_sitenote_active":false,"_monsterinsights_sitenote_note":"","_monsterinsights_sitenote_category":0},"product_brand":[],"product_cat":[12275,12274],"product_tag":[],"class_list":{"0":"post-696641","1":"product","2":"type-product","3":"status-publish","5":"product_cat-6-12-yas-kitaplari","6":"product_cat-cocuk-ve-genclik-kitaplari","7":"pa_cilt-ciltsiz","8":"pa_tur-kitap","9":"pa_yayinevi-altin-kitaplar-cocuk-kitaplari","10":"pa_yazar-gulten-dayioglu","12":"first","13":"instock","14":"sale","15":"shipping-taxable","16":"purchasable","17":"product-type-simple"},"_links":{"self":[{"href":"https:\/\/roveyayinevi.com.tr\/index.php\/wp-json\/wp\/v2\/product\/696641","targetHints":{"allow":["GET"]}}],"collection":[{"href":"https:\/\/roveyayinevi.com.tr\/index.php\/wp-json\/wp\/v2\/product"}],"about":[{"href":"https:\/\/roveyayinevi.com.tr\/index.php\/wp-json\/wp\/v2\/types\/product"}],"wp:attachment":[{"href":"https:\/\/roveyayinevi.com.tr\/index.php\/wp-json\/wp\/v2\/media?parent=696641"}],"wp:term":[{"taxonomy":"product_brand","embeddable":true,"href":"https:\/\/roveyayinevi.com.tr\/index.php\/wp-json\/wp\/v2\/product_brand?post=696641"},{"taxonomy":"product_cat","embeddable":true,"href":"https:\/\/roveyayinevi.com.tr\/index.php\/wp-json\/wp\/v2\/product_cat?post=696641"},{"taxonomy":"product_tag","embeddable":true,"href":"https:\/\/roveyayinevi.com.tr\/index.php\/wp-json\/wp\/v2\/product_tag?post=696641"}],"curies":[{"name":"wp","href":"https:\/\/api.w.org\/{rel}","templated":true}]}}