{"id":696640,"date":"2025-08-27T14:35:53","date_gmt":"2025-08-27T11:35:53","guid":{"rendered":"https:\/\/roveyayinevi.com.tr\/index.php\/urun\/zihnin-araclari\/"},"modified":"2026-04-16T02:06:24","modified_gmt":"2026-04-15T23:06:24","slug":"zihnin-araclari","status":"publish","type":"product","link":"https:\/\/roveyayinevi.com.tr\/index.php\/urun\/zihnin-araclari\/","title":{"rendered":"Zihnin Ara\u00e7lar\u0131"},"content":{"rendered":"<p>Zihnin Ara\u00e7lar\u0131 isimli bu kitap, \u00f6\u011fretmenlere \u00f6\u011frenme i\u00e7in gerekli olan zihnin ara\u00e7lar\u0131n\u0131 kullanmalar\u0131 ve k\u00fc\u00e7\u00fck \u00e7ocuklar\u0131 bu zihinsel ara\u00e7larla donatmalar\u0131 konusunda rehber olmay\u0131 ama\u00e7lamaktad\u0131r. Zihnin ara\u00e7lar\u0131 bizim ba\u015fkalar\u0131ndan \u00f6\u011frendi\u011fimiz, de\u011fi\u015ftirdi\u011fimiz ve ba\u015fkalar\u0131na aktard\u0131\u011f\u0131m\u0131z fikirlerdir. Bu kitapta ele al\u0131nan g\u00f6r\u00fc\u015fler, sosyoekonomik d\u00fczeyden ve s\u0131n\u0131fta benimsenen felsefeden ba\u011f\u0131ms\u0131z olarak tart\u0131\u015f\u0131lm\u0131\u015ft\u0131r. Vygotsky s\u0131n\u0131f i\u00e7indeki yeti\u015fkinler olan bizlere de\u011fi\u015fik bak\u0131\u015f a\u00e7\u0131lar\u0131 sa\u011flayarak rollerimizi farkl\u0131 yollarla de\u011ferlendirmemize yard\u0131mc\u0131 olmu\u015ftur. Ba\u015fkalar\u0131na g\u00f6rev veren veya ba\u015fkas\u0131n\u0131 takip eden biri olmak yerine m\u00fckemmel bir \u00f6\u011frenme yolculu\u011funda kendimizi \u00e7ocuklar\u0131n e\u015fi olarak g\u00f6rmemizi sa\u011flam\u0131\u015ft\u0131r. <\/p>\n","protected":false},"excerpt":{"rendered":"<p>Zihnin Ara\u00e7lar\u0131 isimli bu kitap, \u00f6\u011fretmenlere \u00f6\u011frenme i\u00e7in gerekli olan zihnin ara\u00e7lar\u0131n\u0131 kullanmalar\u0131 ve k\u00fc\u00e7\u00fck \u00e7ocuklar\u0131 bu zihinsel ara\u00e7larla donatmalar\u0131 konusunda rehber olmay\u0131 ama\u00e7lamaktad\u0131r. Zihnin ara\u00e7lar\u0131<span class=\"excerpt-hellip\"> [\u2026]<\/span><\/p>\n","protected":false},"featured_media":0,"template":"","meta":{"_monsterinsights_skip_tracking":false,"_monsterinsights_sitenote_active":false,"_monsterinsights_sitenote_note":"","_monsterinsights_sitenote_category":0},"product_brand":[],"product_cat":[12364,12376],"product_tag":[],"class_list":{"0":"post-696640","1":"product","2":"type-product","3":"status-publish","5":"product_cat-genel-konular","6":"product_cat-kisisel-gelisim","7":"pa_cilt-ciltsiz","8":"pa_tur-kitap","9":"pa_yayinevi-ani-yayincilik","10":"pa_yazar-deborah-j-leong","12":"first","13":"instock","14":"sale","15":"shipping-taxable","16":"purchasable","17":"product-type-simple"},"_links":{"self":[{"href":"https:\/\/roveyayinevi.com.tr\/index.php\/wp-json\/wp\/v2\/product\/696640","targetHints":{"allow":["GET"]}}],"collection":[{"href":"https:\/\/roveyayinevi.com.tr\/index.php\/wp-json\/wp\/v2\/product"}],"about":[{"href":"https:\/\/roveyayinevi.com.tr\/index.php\/wp-json\/wp\/v2\/types\/product"}],"wp:attachment":[{"href":"https:\/\/roveyayinevi.com.tr\/index.php\/wp-json\/wp\/v2\/media?parent=696640"}],"wp:term":[{"taxonomy":"product_brand","embeddable":true,"href":"https:\/\/roveyayinevi.com.tr\/index.php\/wp-json\/wp\/v2\/product_brand?post=696640"},{"taxonomy":"product_cat","embeddable":true,"href":"https:\/\/roveyayinevi.com.tr\/index.php\/wp-json\/wp\/v2\/product_cat?post=696640"},{"taxonomy":"product_tag","embeddable":true,"href":"https:\/\/roveyayinevi.com.tr\/index.php\/wp-json\/wp\/v2\/product_tag?post=696640"}],"curies":[{"name":"wp","href":"https:\/\/api.w.org\/{rel}","templated":true}]}}