{"id":696639,"date":"2025-08-27T14:35:52","date_gmt":"2025-08-27T11:35:52","guid":{"rendered":"https:\/\/roveyayinevi.com.tr\/index.php\/urun\/yonetimde-cagdas-yaklasimlar\/"},"modified":"2026-04-16T02:06:24","modified_gmt":"2026-04-15T23:06:24","slug":"yonetimde-cagdas-yaklasimlar","status":"publish","type":"product","link":"https:\/\/roveyayinevi.com.tr\/index.php\/urun\/yonetimde-cagdas-yaklasimlar\/","title":{"rendered":"Y\u00f6netimde \u00c7a\u011fda\u015f Yakla\u015f\u0131mlar"},"content":{"rendered":"<p>Kitapta, yer alan makalelerde, bilmenin \u00f6n\u00fcndeki s\u0131n\u0131rlara ra\u011fmen, bilmenin harekete ge\u00e7irici, g\u00fcd\u00fcleyici ve odaklay\u0131c\u0131 g\u00fcc\u00fc vurgulanm\u0131\u015ft\u0131r. Kitapta ayr\u0131ca g\u00fcn\u00fcm\u00fcz y\u00f6netim anlay\u0131\u015f\u0131 olan; bireyi, \u00e7al\u0131\u015fan\u0131 \u00f6n plana \u00e7\u0131karmak konusu ele al\u0131nm\u0131\u015ft\u0131r. <\/p>\n","protected":false},"excerpt":{"rendered":"<p>Kitapta, yer alan makalelerde, bilmenin \u00f6n\u00fcndeki s\u0131n\u0131rlara ra\u011fmen, bilmenin harekete ge\u00e7irici, g\u00fcd\u00fcleyici ve odaklay\u0131c\u0131 g\u00fcc\u00fc vurgulanm\u0131\u015ft\u0131r. Kitapta ayr\u0131ca g\u00fcn\u00fcm\u00fcz y\u00f6netim anlay\u0131\u015f\u0131 olan; bireyi, \u00e7al\u0131\u015fan\u0131 \u00f6n plana<span class=\"excerpt-hellip\"> [\u2026]<\/span><\/p>\n","protected":false},"featured_media":0,"template":"","meta":{"_monsterinsights_skip_tracking":false,"_monsterinsights_sitenote_active":false,"_monsterinsights_sitenote_note":"","_monsterinsights_sitenote_category":0},"product_brand":[],"product_cat":[13043,14754],"product_tag":[],"class_list":{"0":"post-696639","1":"product","2":"type-product","3":"status-publish","5":"product_cat-ekonomi","6":"product_cat-halkla-iliskiler-insan-kaynaklari","7":"pa_cilt-ciltsiz","8":"pa_tur-kitap","9":"pa_yayinevi-ani-yayincilik","10":"pa_yazar-cevat-elma","12":"first","13":"instock","14":"sale","15":"shipping-taxable","16":"purchasable","17":"product-type-simple"},"_links":{"self":[{"href":"https:\/\/roveyayinevi.com.tr\/index.php\/wp-json\/wp\/v2\/product\/696639","targetHints":{"allow":["GET"]}}],"collection":[{"href":"https:\/\/roveyayinevi.com.tr\/index.php\/wp-json\/wp\/v2\/product"}],"about":[{"href":"https:\/\/roveyayinevi.com.tr\/index.php\/wp-json\/wp\/v2\/types\/product"}],"wp:attachment":[{"href":"https:\/\/roveyayinevi.com.tr\/index.php\/wp-json\/wp\/v2\/media?parent=696639"}],"wp:term":[{"taxonomy":"product_brand","embeddable":true,"href":"https:\/\/roveyayinevi.com.tr\/index.php\/wp-json\/wp\/v2\/product_brand?post=696639"},{"taxonomy":"product_cat","embeddable":true,"href":"https:\/\/roveyayinevi.com.tr\/index.php\/wp-json\/wp\/v2\/product_cat?post=696639"},{"taxonomy":"product_tag","embeddable":true,"href":"https:\/\/roveyayinevi.com.tr\/index.php\/wp-json\/wp\/v2\/product_tag?post=696639"}],"curies":[{"name":"wp","href":"https:\/\/api.w.org\/{rel}","templated":true}]}}