{"id":696638,"date":"2025-08-27T14:35:52","date_gmt":"2025-08-27T11:35:52","guid":{"rendered":"https:\/\/roveyayinevi.com.tr\/index.php\/urun\/iran-ve-ortadogu\/"},"modified":"2026-04-16T02:06:24","modified_gmt":"2026-04-15T23:06:24","slug":"iran-ve-ortadogu","status":"publish","type":"product","link":"https:\/\/roveyayinevi.com.tr\/index.php\/urun\/iran-ve-ortadogu\/","title":{"rendered":"\u0130ran ve Ortado\u011fu"},"content":{"rendered":"<p>\u0130ran \u0130slam Devrimi&#8217;nin etkilerinin ortaya \u00e7\u0131kt\u0131\u011f\u0131 say\u0131s\u0131z co\u011frafya, say\u0131s\u0131z konu ve say\u0131s\u0131z olay meydana gelmi\u015ftir. Bu eser bu noktada \u00fclkemizde \u0130ran konusunu polemik tarz\u0131 tart\u0131\u015fmalar\u0131n \u00f6tesine ta\u015f\u0131may\u0131 hedeflemektedir. Buna paralel olarak, siyaset bilimi ve uluslararas\u0131 ili\u015fkiler a\u00e7\u0131s\u0131ndan \u00f6nemli bir olay olan devrimin ortaya koydu\u011fu sonu\u00e7lar\u0131 anlamak isteyenleri bilgilendirmeye d\u00f6n\u00fck olarak kaleme al\u0131nm\u0131\u015ft\u0131r. Do\u011fal olarak bu eserde ortaya konulan d\u00fc\u015f\u00fcnceler tart\u0131\u015fmaya a\u00e7\u0131kt\u0131r. Ger\u00e7ekte sosyal\/siyasal alandaki eserlerin t\u00fcm\u00fc yo\u011fun tart\u0131\u015fmalar\u0131n ya\u015fanmas\u0131na sebep olabilir. \u00c7\u00fcnk\u00fc sosyal\/siyasal olaylar\u0131n meydana gelmesinde bir\u00e7ok farkl\u0131 boyut devreye girebilir. Ele\u015ftirmenler bakt\u0131klar\u0131 noktaya g\u00f6re farkl\u0131 yakla\u015f\u0131mlar geli\u015ftirebilirler. Bu onlar\u0131n hakk\u0131d\u0131r. Yazar\u0131n hakk\u0131 ise, eserinin de bir bak\u0131\u015f a\u00e7\u0131s\u0131 oldu\u011funun di\u011ferlerince anla\u015f\u0131lmas\u0131 ve onun di\u011fer farkl\u0131 yorumlara g\u00f6sterdi\u011fi ho\u015fg\u00f6r\u00fcn\u00fcn kendisine de g\u00f6sterilmesidir. <\/p>\n","protected":false},"excerpt":{"rendered":"<p>\u0130ran \u0130slam Devrimi&#8217;nin etkilerinin ortaya \u00e7\u0131kt\u0131\u011f\u0131 say\u0131s\u0131z co\u011frafya, say\u0131s\u0131z konu ve say\u0131s\u0131z olay meydana gelmi\u015ftir. Bu eser bu noktada \u00fclkemizde \u0130ran konusunu polemik tarz\u0131 tart\u0131\u015fmalar\u0131n \u00f6tesine<span class=\"excerpt-hellip\"> [\u2026]<\/span><\/p>\n","protected":false},"featured_media":0,"template":"","meta":{"_monsterinsights_skip_tracking":false,"_monsterinsights_sitenote_active":false,"_monsterinsights_sitenote_note":"","_monsterinsights_sitenote_category":0},"product_brand":[],"product_cat":[12338,12337],"product_tag":[],"class_list":{"0":"post-696638","1":"product","2":"type-product","3":"status-publish","5":"product_cat-dunya-siyaseti-ve-politikasi","6":"product_cat-politika-siyaset","7":"pa_cilt-ciltsiz","8":"pa_tur-kitap","9":"pa_yayinevi-adres-yayinlari","10":"pa_yazar-unal-gundogan","12":"first","13":"instock","14":"sale","15":"shipping-taxable","16":"purchasable","17":"product-type-simple"},"_links":{"self":[{"href":"https:\/\/roveyayinevi.com.tr\/index.php\/wp-json\/wp\/v2\/product\/696638","targetHints":{"allow":["GET"]}}],"collection":[{"href":"https:\/\/roveyayinevi.com.tr\/index.php\/wp-json\/wp\/v2\/product"}],"about":[{"href":"https:\/\/roveyayinevi.com.tr\/index.php\/wp-json\/wp\/v2\/types\/product"}],"wp:attachment":[{"href":"https:\/\/roveyayinevi.com.tr\/index.php\/wp-json\/wp\/v2\/media?parent=696638"}],"wp:term":[{"taxonomy":"product_brand","embeddable":true,"href":"https:\/\/roveyayinevi.com.tr\/index.php\/wp-json\/wp\/v2\/product_brand?post=696638"},{"taxonomy":"product_cat","embeddable":true,"href":"https:\/\/roveyayinevi.com.tr\/index.php\/wp-json\/wp\/v2\/product_cat?post=696638"},{"taxonomy":"product_tag","embeddable":true,"href":"https:\/\/roveyayinevi.com.tr\/index.php\/wp-json\/wp\/v2\/product_tag?post=696638"}],"curies":[{"name":"wp","href":"https:\/\/api.w.org\/{rel}","templated":true}]}}