{"id":696637,"date":"2025-08-27T14:35:52","date_gmt":"2025-08-27T11:35:52","guid":{"rendered":"https:\/\/roveyayinevi.com.tr\/index.php\/urun\/temel-isletme-girisimcilik-is-kurma-ve-yonetim\/"},"modified":"2026-04-16T02:06:24","modified_gmt":"2026-04-15T23:06:24","slug":"temel-isletme-girisimcilik-is-kurma-ve-yonetim","status":"publish","type":"product","link":"https:\/\/roveyayinevi.com.tr\/index.php\/urun\/temel-isletme-girisimcilik-is-kurma-ve-yonetim\/","title":{"rendered":"Temel \u0130\u015fletme: Giri\u015fimcilik, \u0130\u015f Kurma ve Y\u00f6netim"},"content":{"rendered":"<p>Temel \u0130\u015fletme kitab\u0131 \u00fclkemiz \u00fcniversitelerinin \u0130\u015fletme, \u0130ktisat ve ili\u015fkili b\u00f6l\u00fcmlerinde \u00f6n lisans ve lisans d\u00fczeyinde okutulan giri\u015f d\u00fczeyindeki i\u015fletmecilik dersleri i\u00e7in kapsaml\u0131 bir ders kitab\u0131 mahiyetindedir. Kitab\u0131n tasar\u0131m\u0131nda genel olarak i\u015fletmenin kurulmas\u0131 ve y\u00f6netilmesi iki ana k\u0131s\u0131m olarak d\u00fc\u015f\u00fcn\u00fclm\u00fc\u015ft\u00fcr. Gerek kendi i\u015fini kurmak isteyen, gerekse bu konuda i\u015f yapacaklara yard\u0131mc\u0131 olarak g\u00f6rev yapacak i\u015fletme b\u00f6l\u00fcm\u00fc mezunlar\u0131 i\u00e7in kitab\u0131n iyi bir ba\u015flang\u0131\u00e7 olaca\u011f\u0131 kanaatindeyiz. <\/p>\n","protected":false},"excerpt":{"rendered":"<p>Temel \u0130\u015fletme kitab\u0131 \u00fclkemiz \u00fcniversitelerinin \u0130\u015fletme, \u0130ktisat ve ili\u015fkili b\u00f6l\u00fcmlerinde \u00f6n lisans ve lisans d\u00fczeyinde okutulan giri\u015f d\u00fczeyindeki i\u015fletmecilik dersleri i\u00e7in kapsaml\u0131 bir ders kitab\u0131 mahiyetindedir.<span class=\"excerpt-hellip\"> [\u2026]<\/span><\/p>\n","protected":false},"featured_media":0,"template":"","meta":{"_monsterinsights_skip_tracking":false,"_monsterinsights_sitenote_active":false,"_monsterinsights_sitenote_note":"","_monsterinsights_sitenote_category":0},"product_brand":[],"product_cat":[13043,17647],"product_tag":[],"class_list":{"0":"post-696637","1":"product","2":"type-product","3":"status-publish","5":"product_cat-ekonomi","6":"product_cat-is-dunyasi","7":"pa_cilt-ciltsiz","8":"pa_tur-kitap","9":"pa_yayinevi-adres-yayinlari","10":"pa_yazar-kolektif","12":"first","13":"instock","14":"sale","15":"shipping-taxable","16":"purchasable","17":"product-type-simple"},"_links":{"self":[{"href":"https:\/\/roveyayinevi.com.tr\/index.php\/wp-json\/wp\/v2\/product\/696637","targetHints":{"allow":["GET"]}}],"collection":[{"href":"https:\/\/roveyayinevi.com.tr\/index.php\/wp-json\/wp\/v2\/product"}],"about":[{"href":"https:\/\/roveyayinevi.com.tr\/index.php\/wp-json\/wp\/v2\/types\/product"}],"wp:attachment":[{"href":"https:\/\/roveyayinevi.com.tr\/index.php\/wp-json\/wp\/v2\/media?parent=696637"}],"wp:term":[{"taxonomy":"product_brand","embeddable":true,"href":"https:\/\/roveyayinevi.com.tr\/index.php\/wp-json\/wp\/v2\/product_brand?post=696637"},{"taxonomy":"product_cat","embeddable":true,"href":"https:\/\/roveyayinevi.com.tr\/index.php\/wp-json\/wp\/v2\/product_cat?post=696637"},{"taxonomy":"product_tag","embeddable":true,"href":"https:\/\/roveyayinevi.com.tr\/index.php\/wp-json\/wp\/v2\/product_tag?post=696637"}],"curies":[{"name":"wp","href":"https:\/\/api.w.org\/{rel}","templated":true}]}}