{"id":696635,"date":"2025-08-27T14:35:46","date_gmt":"2025-08-27T11:35:46","guid":{"rendered":"https:\/\/roveyayinevi.com.tr\/index.php\/urun\/cehennem\/"},"modified":"2026-04-16T02:06:24","modified_gmt":"2026-04-15T23:06:24","slug":"cehennem","status":"publish","type":"product","link":"https:\/\/roveyayinevi.com.tr\/index.php\/urun\/cehennem\/","title":{"rendered":"Cehennem"},"content":{"rendered":"<p>Harvard \u00dcniversitesi Simgebilim Profes\u00f6r\u00fc Robert Langdon ba\u015f\u0131ndan vurulmu\u015f bir halde hastane odas\u0131nda g\u00f6zlerini a\u00e7ar. Ne buraya nas\u0131l geldi\u011fini ne de nas\u0131l vuruldu\u011funu hat\u0131rlamaktad\u0131r. Camdan g\u00f6rd\u00fc\u011f\u00fc manzara kar\u015f\u0131s\u0131nda alt\u00fcst olan profes\u00f6r, evinden binlerce kilometre uzakta, Floransa&#8217;da oldu\u011funu anlar. Ba\u015f\u0131ndaki korkun\u00e7 a\u011fr\u0131ya e\u015flik eden tek \u015fey; s\u00fcrekli k\u00e2buslar\u0131nda g\u00f6rd\u00fc\u011f\u00fc kan k\u0131rm\u0131z\u0131s\u0131 bir nehrin kar\u015f\u0131s\u0131ndan kendisine seslenen g\u00fcm\u00fc\u015f sa\u00e7l\u0131 g\u00fczel bir kad\u0131n ve topra\u011fa ba\u015f a\u015fa\u011f\u0131 g\u00f6m\u00fcl\u00fc can \u00e7eki\u015fen bedenlerdir. Ya\u015fad\u0131\u011f\u0131 s\u0131ra d\u0131\u015f\u0131 olaylar\u0131n girdab\u0131nda \u00f6l\u00fcm kal\u0131m m\u00fccadelesi veren Langdon kendini bir anda Dante&#8217;nin cehenneminde bulur; art\u0131k \u00e7\u00f6zmesi gereken korkun\u00e7 bir senaryonun i\u00e7indedir.Floransa&#8217;n\u0131n tarih kokan dar sokaklar\u0131ndan Venedik&#8217;in muazzam bazilikalar\u0131na uzanan semboller zinciri Langdon&#8217;\u0131 insanl\u0131k tarihini sonsuza dek de\u011fi\u015ftirebilecek bir mek\u00e2na s\u00fcr\u00fckler. Buras\u0131 \u00fc\u00e7 imparatorlu\u011fun merkezi olmu\u015f, insanl\u0131k tarihi kadar eski, d\u00fcnyan\u0131n incisi \u0130stanbul&#8217;dur. Ve bu \u015fehirde ya insanl\u0131k tarihi ba\u015ftan sona yeniden yaz\u0131lacak ya da bunu yazacak hi\u00e7 kimse kalmayacakt\u0131r&#8230;Dan Brown, d\u00fcnyan\u0131n bir\u00e7ok \u00fclkesinde \u00e7ok satanlar listesine giren Kay\u0131p Sembol, Melekler ve \u015eeytanlar, \u0130hanet Noktas\u0131 ve Dijital Kale gibi kitaplar\u0131n\u0131n yan\u0131 s\u0131ra t\u00fcm zamanlar\u0131n en \u00e7ok okunan romanlar\u0131ndan biri olan Da Vinci \u015eifresi&#8217;nin yazar\u0131d\u0131r.<\/p>\n","protected":false},"excerpt":{"rendered":"<p>Harvard \u00dcniversitesi Simgebilim Profes\u00f6r\u00fc Robert Langdon ba\u015f\u0131ndan vurulmu\u015f bir halde hastane odas\u0131nda g\u00f6zlerini a\u00e7ar. Ne buraya nas\u0131l geldi\u011fini ne de nas\u0131l vuruldu\u011funu hat\u0131rlamaktad\u0131r. Camdan g\u00f6rd\u00fc\u011f\u00fc manzara<span class=\"excerpt-hellip\"> [\u2026]<\/span><\/p>\n","protected":false},"featured_media":0,"template":"","meta":{"_monsterinsights_skip_tracking":false,"_monsterinsights_sitenote_active":false,"_monsterinsights_sitenote_note":"","_monsterinsights_sitenote_category":0},"product_brand":[],"product_cat":[12891,12291],"product_tag":[],"class_list":{"0":"post-696635","1":"product","2":"type-product","3":"status-publish","5":"product_cat-amerikan-edebiyati","6":"product_cat-edebiyat","7":"pa_cilt-ciltsiz","8":"pa_tur-kitap","9":"pa_yayinevi-altin-kitaplar","10":"pa_yazar-dan-brown","12":"first","13":"instock","14":"sale","15":"shipping-taxable","16":"purchasable","17":"product-type-simple"},"_links":{"self":[{"href":"https:\/\/roveyayinevi.com.tr\/index.php\/wp-json\/wp\/v2\/product\/696635","targetHints":{"allow":["GET"]}}],"collection":[{"href":"https:\/\/roveyayinevi.com.tr\/index.php\/wp-json\/wp\/v2\/product"}],"about":[{"href":"https:\/\/roveyayinevi.com.tr\/index.php\/wp-json\/wp\/v2\/types\/product"}],"wp:attachment":[{"href":"https:\/\/roveyayinevi.com.tr\/index.php\/wp-json\/wp\/v2\/media?parent=696635"}],"wp:term":[{"taxonomy":"product_brand","embeddable":true,"href":"https:\/\/roveyayinevi.com.tr\/index.php\/wp-json\/wp\/v2\/product_brand?post=696635"},{"taxonomy":"product_cat","embeddable":true,"href":"https:\/\/roveyayinevi.com.tr\/index.php\/wp-json\/wp\/v2\/product_cat?post=696635"},{"taxonomy":"product_tag","embeddable":true,"href":"https:\/\/roveyayinevi.com.tr\/index.php\/wp-json\/wp\/v2\/product_tag?post=696635"}],"curies":[{"name":"wp","href":"https:\/\/api.w.org\/{rel}","templated":true}]}}