{"id":696633,"date":"2025-08-27T14:35:46","date_gmt":"2025-08-27T11:35:46","guid":{"rendered":"https:\/\/roveyayinevi.com.tr\/index.php\/urun\/buyuk-dortler\/"},"modified":"2026-04-16T02:06:24","modified_gmt":"2026-04-15T23:06:24","slug":"buyuk-dortler","status":"publish","type":"product","link":"https:\/\/roveyayinevi.com.tr\/index.php\/urun\/buyuk-dortler\/","title":{"rendered":"B\u00fcy\u00fck D\u00f6rtler"},"content":{"rendered":"<p>Poirot&#8217;nun yatak odas\u0131n\u0131n kap\u0131s\u0131nda toza topra\u011fa bulanm\u0131\u015f bir adam durmaktad\u0131r. Zavall\u0131 adam Poirot&#8217;ya bo\u015f bo\u015f bak\u0131p yere y\u0131\u011f\u0131l\u0131r. Bir anda neye u\u011frad\u0131\u011f\u0131n\u0131 anlayamadan ya\u015fl\u0131 dedektif pek\u00e7ok bilinmezin ortas\u0131nda kalakalm\u0131\u015ft\u0131r. Bu adam kimdir? \u015eok mu ge\u00e7irmektedir? Dahas\u0131, bir ka\u011f\u0131t par\u00e7as\u0131na defalarca karalanm\u0131\u015f 4 rakam\u0131n\u0131n bir anlam\u0131 var m\u0131d\u0131r?<\/p>\n","protected":false},"excerpt":{"rendered":"<p>Poirot&#8217;nun yatak odas\u0131n\u0131n kap\u0131s\u0131nda toza topra\u011fa bulanm\u0131\u015f bir adam durmaktad\u0131r. Zavall\u0131 adam Poirot&#8217;ya bo\u015f bo\u015f bak\u0131p yere y\u0131\u011f\u0131l\u0131r. Bir anda neye u\u011frad\u0131\u011f\u0131n\u0131 anlayamadan ya\u015fl\u0131 dedektif pek\u00e7ok<span class=\"excerpt-hellip\"> [\u2026]<\/span><\/p>\n","protected":false},"featured_media":0,"template":"","meta":{"_monsterinsights_skip_tracking":false,"_monsterinsights_sitenote_active":false,"_monsterinsights_sitenote_note":"","_monsterinsights_sitenote_category":0},"product_brand":[],"product_cat":[12291,15445],"product_tag":[],"class_list":{"0":"post-696633","1":"product","2":"type-product","3":"status-publish","5":"product_cat-edebiyat","6":"product_cat-polisiye","7":"pa_cilt-ciltli","8":"pa_tur-kitap","9":"pa_yayinevi-altin-kitaplar","10":"pa_yazar-agatha-christie","12":"first","13":"instock","14":"sale","15":"shipping-taxable","16":"purchasable","17":"product-type-simple"},"_links":{"self":[{"href":"https:\/\/roveyayinevi.com.tr\/index.php\/wp-json\/wp\/v2\/product\/696633","targetHints":{"allow":["GET"]}}],"collection":[{"href":"https:\/\/roveyayinevi.com.tr\/index.php\/wp-json\/wp\/v2\/product"}],"about":[{"href":"https:\/\/roveyayinevi.com.tr\/index.php\/wp-json\/wp\/v2\/types\/product"}],"wp:attachment":[{"href":"https:\/\/roveyayinevi.com.tr\/index.php\/wp-json\/wp\/v2\/media?parent=696633"}],"wp:term":[{"taxonomy":"product_brand","embeddable":true,"href":"https:\/\/roveyayinevi.com.tr\/index.php\/wp-json\/wp\/v2\/product_brand?post=696633"},{"taxonomy":"product_cat","embeddable":true,"href":"https:\/\/roveyayinevi.com.tr\/index.php\/wp-json\/wp\/v2\/product_cat?post=696633"},{"taxonomy":"product_tag","embeddable":true,"href":"https:\/\/roveyayinevi.com.tr\/index.php\/wp-json\/wp\/v2\/product_tag?post=696633"}],"curies":[{"name":"wp","href":"https:\/\/api.w.org\/{rel}","templated":true}]}}