{"id":696632,"date":"2025-08-27T14:35:45","date_gmt":"2025-08-27T11:35:45","guid":{"rendered":"https:\/\/roveyayinevi.com.tr\/index.php\/urun\/bric-masasinda-cinayet\/"},"modified":"2026-04-16T02:06:24","modified_gmt":"2026-04-15T23:06:24","slug":"bric-masasinda-cinayet","status":"publish","type":"product","link":"https:\/\/roveyayinevi.com.tr\/index.php\/urun\/bric-masasinda-cinayet\/","title":{"rendered":"Bri\u00e7 Masas\u0131nda Cinayet"},"content":{"rendered":"<p>Olduk\u00e7a haval\u0131 biri olan Bay Shaitana evinde bir bri\u00e7 partisi d\u00fczenler. Ev sahibinin ans\u0131z\u0131n \u00f6ld\u00fcr\u00fclmesi, e\u011flenceli bri\u00e7 partisini bir cinayet soru\u015fturmas\u0131na d\u00f6n\u00fc\u015ft\u00fcr\u00fcr. Partiye davetli olan d\u00f6rt soru\u015fturmac\u0131 -Hercule Poirot, M\u00fcfetti\u015f Battle, Albay Race ve Ariande Oliver- di\u011fer d\u00f6rt davetliden birinin cinayeti i\u015fledi\u011fini d\u00fc\u015f\u00fcnmektedir. \u00dcstelik d\u00f6rt davetleninin de bu cinayeti i\u015flemeleri i\u00e7in uygun f\u0131rsatlar\u0131 ve gizleyecek \u00f6nemli s\u0131rlar\u0131 oldu\u011fu soru\u015fturmalar sonucu ortaya \u00e7\u0131kar. Acaba soru\u015fturmac\u0131lar, hangi davetlinin ev sahibini \u00f6ld\u00fcrecek kadar \u00f6nemli s\u0131rlar ve s\u00f6nmeyen bir nefret ta\u015f\u0131d\u0131\u011f\u0131n\u0131 bulabilecekler midir? Yoksa t\u00fcm davetliler ortak bir s\u0131rra ve ge\u00e7mi\u015fe mi sahiptir?<\/p>\n","protected":false},"excerpt":{"rendered":"<p>Olduk\u00e7a haval\u0131 biri olan Bay Shaitana evinde bir bri\u00e7 partisi d\u00fczenler. Ev sahibinin ans\u0131z\u0131n \u00f6ld\u00fcr\u00fclmesi, e\u011flenceli bri\u00e7 partisini bir cinayet soru\u015fturmas\u0131na d\u00f6n\u00fc\u015ft\u00fcr\u00fcr. Partiye davetli olan d\u00f6rt<span class=\"excerpt-hellip\"> [\u2026]<\/span><\/p>\n","protected":false},"featured_media":0,"template":"","meta":{"_monsterinsights_skip_tracking":false,"_monsterinsights_sitenote_active":false,"_monsterinsights_sitenote_note":"","_monsterinsights_sitenote_category":0},"product_brand":[],"product_cat":[12291,15445],"product_tag":[],"class_list":{"0":"post-696632","1":"product","2":"type-product","3":"status-publish","5":"product_cat-edebiyat","6":"product_cat-polisiye","7":"pa_cilt-ciltsiz","8":"pa_tur-kitap","9":"pa_yayinevi-altin-kitaplar-ozel-urun","10":"pa_yazar-agatha-christie","12":"first","13":"instock","14":"sale","15":"shipping-taxable","16":"purchasable","17":"product-type-simple"},"_links":{"self":[{"href":"https:\/\/roveyayinevi.com.tr\/index.php\/wp-json\/wp\/v2\/product\/696632","targetHints":{"allow":["GET"]}}],"collection":[{"href":"https:\/\/roveyayinevi.com.tr\/index.php\/wp-json\/wp\/v2\/product"}],"about":[{"href":"https:\/\/roveyayinevi.com.tr\/index.php\/wp-json\/wp\/v2\/types\/product"}],"wp:attachment":[{"href":"https:\/\/roveyayinevi.com.tr\/index.php\/wp-json\/wp\/v2\/media?parent=696632"}],"wp:term":[{"taxonomy":"product_brand","embeddable":true,"href":"https:\/\/roveyayinevi.com.tr\/index.php\/wp-json\/wp\/v2\/product_brand?post=696632"},{"taxonomy":"product_cat","embeddable":true,"href":"https:\/\/roveyayinevi.com.tr\/index.php\/wp-json\/wp\/v2\/product_cat?post=696632"},{"taxonomy":"product_tag","embeddable":true,"href":"https:\/\/roveyayinevi.com.tr\/index.php\/wp-json\/wp\/v2\/product_tag?post=696632"}],"curies":[{"name":"wp","href":"https:\/\/api.w.org\/{rel}","templated":true}]}}