{"id":696631,"date":"2025-08-27T14:35:45","date_gmt":"2025-08-27T11:35:45","guid":{"rendered":"https:\/\/roveyayinevi.com.tr\/index.php\/urun\/cep\/"},"modified":"2026-04-16T02:06:24","modified_gmt":"2026-04-15T23:06:24","slug":"cep","status":"publish","type":"product","link":"https:\/\/roveyayinevi.com.tr\/index.php\/urun\/cep\/","title":{"rendered":"Cep"},"content":{"rendered":"<p>Ekim ay\u0131n\u0131n s\u0131radan bir g\u00fcn\u00fcyd\u00fc. Her \u015fey ola\u011fan ak\u0131\u015f\u0131nda devam ediyordu. Boston\u2019da Boylston Caddesi\u2019nde sevin\u00e7ten adeta u\u00e7arcas\u0131na y\u00fcr\u00fcyen Clayton Riddell i\u00e7inse hayat, \u00e7ok daha mutlu ve umut vericiydi. \u0130yi bir \u00e7izgi roman anla\u015fmas\u0131 yapm\u0131\u015f, gelece\u011fin umut dolu kap\u0131lar\u0131 art\u0131k \u00f6n\u00fcnde a\u00e7\u0131lmaya ba\u015flam\u0131\u015ft\u0131. Ancak her \u015fey bir anda olup bitti. Tahribat\u0131n nedeni, herkesin cep telefonlar\u0131ndan yay\u0131lan ve sonradan Frekans ad\u0131yla an\u0131lacak olan sinyaldi. Clay ve bu faciadan k\u0131l pay\u0131 kurtulan birka\u00e7 ki\u015fi, kendilerini medeniyetin zifiri karanl\u0131k \u00e7a\u011f\u0131nda, etraflar\u0131n\u0131 saran kaos ve inan\u0131lmaz bir katliam\u0131n i\u00e7inde buldular. Frekans y\u00fcz\u00fcnden insanlar ak\u0131ldan yoksun bir s\u00fcr\u00fcye d\u00f6n\u00fc\u015ft\u00fc ve onlar i\u00e7in evrim ba\u015flad\u0131&#8230; <\/p>\n","protected":false},"excerpt":{"rendered":"<p>Ekim ay\u0131n\u0131n s\u0131radan bir g\u00fcn\u00fcyd\u00fc. Her \u015fey ola\u011fan ak\u0131\u015f\u0131nda devam ediyordu. Boston\u2019da Boylston Caddesi\u2019nde sevin\u00e7ten adeta u\u00e7arcas\u0131na y\u00fcr\u00fcyen Clayton Riddell i\u00e7inse hayat, \u00e7ok daha mutlu ve<span class=\"excerpt-hellip\"> [\u2026]<\/span><\/p>\n","protected":false},"featured_media":0,"template":"","meta":{"_monsterinsights_skip_tracking":false,"_monsterinsights_sitenote_active":false,"_monsterinsights_sitenote_note":"","_monsterinsights_sitenote_category":0},"product_brand":[],"product_cat":[12291,17033],"product_tag":[],"class_list":{"0":"post-696631","1":"product","2":"type-product","3":"status-publish","5":"product_cat-edebiyat","6":"product_cat-korku-gerilim","7":"pa_cilt-ciltsiz","8":"pa_tur-kitap","9":"pa_yayinevi-altin-kitaplar","10":"pa_yazar-stephen-king","12":"first","13":"instock","14":"sale","15":"shipping-taxable","16":"purchasable","17":"product-type-simple"},"_links":{"self":[{"href":"https:\/\/roveyayinevi.com.tr\/index.php\/wp-json\/wp\/v2\/product\/696631","targetHints":{"allow":["GET"]}}],"collection":[{"href":"https:\/\/roveyayinevi.com.tr\/index.php\/wp-json\/wp\/v2\/product"}],"about":[{"href":"https:\/\/roveyayinevi.com.tr\/index.php\/wp-json\/wp\/v2\/types\/product"}],"wp:attachment":[{"href":"https:\/\/roveyayinevi.com.tr\/index.php\/wp-json\/wp\/v2\/media?parent=696631"}],"wp:term":[{"taxonomy":"product_brand","embeddable":true,"href":"https:\/\/roveyayinevi.com.tr\/index.php\/wp-json\/wp\/v2\/product_brand?post=696631"},{"taxonomy":"product_cat","embeddable":true,"href":"https:\/\/roveyayinevi.com.tr\/index.php\/wp-json\/wp\/v2\/product_cat?post=696631"},{"taxonomy":"product_tag","embeddable":true,"href":"https:\/\/roveyayinevi.com.tr\/index.php\/wp-json\/wp\/v2\/product_tag?post=696631"}],"curies":[{"name":"wp","href":"https:\/\/api.w.org\/{rel}","templated":true}]}}