{"id":696629,"date":"2025-08-27T14:35:45","date_gmt":"2025-08-27T11:35:45","guid":{"rendered":"https:\/\/roveyayinevi.com.tr\/index.php\/urun\/bahar-perisinin-gezisi\/"},"modified":"2026-04-16T02:06:24","modified_gmt":"2026-04-15T23:06:24","slug":"bahar-perisinin-gezisi","status":"publish","type":"product","link":"https:\/\/roveyayinevi.com.tr\/index.php\/urun\/bahar-perisinin-gezisi\/","title":{"rendered":"Bahar Perisi\u2019nin Gezisi"},"content":{"rendered":"<p>Bahar Perisi&#8217;nin GezisiHer y\u0131l ilkbahar\u0131n geli\u015fini \u00f6zlemle beklerdi. Bahar Perisi&#8217;ni kar\u015f\u0131lamak i\u00e7in en renkli giydilerini giyerdi. \u00c7i\u00e7ekten ta\u00e7larla s\u00fcslerlerdi dallar\u0131n\u0131. Sonra \u00e7ay\u0131r \u00e7imene uyanmalar\u0131 i\u00e7in f\u0131s\u0131ldarlard\u0131.O y\u0131l da \u00f6yle oldu. K\u0131\u015f boyunca ya\u011fmurlar, karlar ya\u011fd\u0131. Toprak beyaz yorgan\u0131n alt\u0131nda derin bir uykuya dald\u0131. G\u00fcnler ge\u00e7ti, minik bir g\u00fcn \u0131\u015f\u0131\u011f\u0131 bulutlar\u0131n aras\u0131ndan s\u0131yr\u0131ld\u0131. Karlar\u0131n \u00fczerinde dans etmeye ba\u015flad\u0131o. Onu g\u00f6ren arkada\u015flar\u0131 da bulutlara binip yere indiler. El ele vererek oynay\u0131p e\u011flendiler.Sihirli YosunlarSevimli fok Copcop kocaman bir kayan\u0131n \u00fczerine uzanm\u0131\u015f g\u00fcne\u015fleniyordu. Kapkara g\u00f6zleriyle den,izin \u00fczerinde oyna\u015fan \u0131\u015f\u0131klara dalm\u0131\u015f, gitmi\u015fti. G\u00fcne\u015f \u0131\u015f\u0131nlar\u0131 dalgalar\u0131 a\u015f\u0131p suyun dibine kadar ula\u015f\u0131yordu. Sanki suyun alt\u0131nda kocaman bir fener yanar gibi derinlikler ayd\u0131nlanm\u0131\u015ft\u0131.S\u0131k\u0131nt\u0131yla i\u00e7ini \u00e7ekti. \u00c7oktand\u0131r kendini yaln\u0131z hissediyordu. \u00c7evrede \u00e7ok az arkada\u015f\u0131 kalm\u0131\u015ft\u0131. Bir an eski g\u00fcnler g\u00f6z\u00fcn\u00fcn \u00f6n\u00fcne geldi. Eskiden ailesi ne kadar da geni\u015fti. Hep birlikte denize dal\u0131p \u00e7\u0131karak dalgalarla oynarlard\u0131.<\/p>\n","protected":false},"excerpt":{"rendered":"<p>Bahar Perisi&#8217;nin GezisiHer y\u0131l ilkbahar\u0131n geli\u015fini \u00f6zlemle beklerdi. Bahar Perisi&#8217;ni kar\u015f\u0131lamak i\u00e7in en renkli giydilerini giyerdi. \u00c7i\u00e7ekten ta\u00e7larla s\u00fcslerlerdi dallar\u0131n\u0131. Sonra \u00e7ay\u0131r \u00e7imene uyanmalar\u0131 i\u00e7in f\u0131s\u0131ldarlard\u0131.O<span class=\"excerpt-hellip\"> [\u2026]<\/span><\/p>\n","protected":false},"featured_media":0,"template":"","meta":{"_monsterinsights_skip_tracking":false,"_monsterinsights_sitenote_active":false,"_monsterinsights_sitenote_note":"","_monsterinsights_sitenote_category":0},"product_brand":[],"product_cat":[12274,12284],"product_tag":[],"class_list":{"0":"post-696629","1":"product","2":"type-product","3":"status-publish","5":"product_cat-cocuk-ve-genclik-kitaplari","6":"product_cat-hikayeler","7":"pa_cilt-ciltsiz","8":"pa_tur-kitap","9":"pa_yayinevi-altin-kitaplar-ozel-urun","10":"pa_yazar-nur-icozu","12":"first","13":"instock","14":"sale","15":"shipping-taxable","16":"purchasable","17":"product-type-simple"},"_links":{"self":[{"href":"https:\/\/roveyayinevi.com.tr\/index.php\/wp-json\/wp\/v2\/product\/696629","targetHints":{"allow":["GET"]}}],"collection":[{"href":"https:\/\/roveyayinevi.com.tr\/index.php\/wp-json\/wp\/v2\/product"}],"about":[{"href":"https:\/\/roveyayinevi.com.tr\/index.php\/wp-json\/wp\/v2\/types\/product"}],"wp:attachment":[{"href":"https:\/\/roveyayinevi.com.tr\/index.php\/wp-json\/wp\/v2\/media?parent=696629"}],"wp:term":[{"taxonomy":"product_brand","embeddable":true,"href":"https:\/\/roveyayinevi.com.tr\/index.php\/wp-json\/wp\/v2\/product_brand?post=696629"},{"taxonomy":"product_cat","embeddable":true,"href":"https:\/\/roveyayinevi.com.tr\/index.php\/wp-json\/wp\/v2\/product_cat?post=696629"},{"taxonomy":"product_tag","embeddable":true,"href":"https:\/\/roveyayinevi.com.tr\/index.php\/wp-json\/wp\/v2\/product_tag?post=696629"}],"curies":[{"name":"wp","href":"https:\/\/api.w.org\/{rel}","templated":true}]}}