{"id":696628,"date":"2025-08-27T14:35:44","date_gmt":"2025-08-27T11:35:44","guid":{"rendered":"https:\/\/roveyayinevi.com.tr\/index.php\/urun\/bir-geysanin-anilari\/"},"modified":"2026-04-16T02:06:24","modified_gmt":"2026-04-15T23:06:24","slug":"bir-geysanin-anilari","status":"publish","type":"product","link":"https:\/\/roveyayinevi.com.tr\/index.php\/urun\/bir-geysanin-anilari\/","title":{"rendered":"Bir Gey\u015fan\u0131n An\u0131lar\u0131"},"content":{"rendered":"<p>Japonya\u2019n\u0131n en \u00fcnl\u00fc gey\u015fas\u0131n\u0131n ger\u00e7ek an\u0131lar\u0131n\u0131n kusursuz bir i\u00e7tenlik ve ince bir lirizmle anlat\u0131ld\u0131\u011f\u0131 bu romanda, bakire k\u0131zlar\u0131n a\u00e7\u0131k art\u0131rmalarda en y\u00fcksek fiyat\u0131 veren al\u0131c\u0131ya sat\u0131ld\u0131\u011f\u0131; kad\u0131nlar\u0131n iktidar\u0131 elinde tutan erkekleri oyalamak i\u00e7in e\u011fitildikleri; a\u015fk hayallerine k\u00fc\u00e7\u00fcmsenerek bak\u0131ld\u0131\u011f\u0131, d\u0131\u015f g\u00f6r\u00fcn\u00fcm\u00fc g\u00f6rkemli bir d\u00fcnya g\u00f6zlerimizin \u00f6n\u00fcne seriliyor. (\u0130\u00e7 Kapak\u2019tan) \u015ea\u015f\u0131rt\u0131c\u0131, soluk kesici Akl\u0131n\u0131z\u0131 ba\u015f\u0131n\u0131zdan alacak &#8211; The Whasington Post Book World &#8211; Bu destans\u0131 roman h\u0131zla yok olan bir d\u00fcnyay\u0131 g\u00f6zler \u00f6n\u00fcne seriyor -The Times &#8211; B\u00fcy\u00fcleyici&#8230; anlat\u0131 sanat\u0131n\u0131n en g\u00fczel \u00f6rneklerinden biri&#8230; okumaya doyulmuyor. -Observer &#8211; \u0130nan\u0131lmaz bir d\u00fc\u015f d\u00fcnyas\u0131na sahip olan Golden, Say\u0131ri\u2019nin an\u0131lar\u0131n\u0131 \u015fiirsel bir dille anlat\u0131yor. -Independent &#8211; Bu ola\u011fan\u00fcst\u00fc kitap yok olmu\u015f bir d\u00fcnyay\u0131 t\u00fcm ayr\u0131nt\u0131lar\u0131yla okurlara sunuyor. -Daily Mail &#8211; Kitap \u00e7\u0131kt\u0131\u011f\u0131 g\u00fcnden itibaren Amerika ve Avrupa listelerinde bir numara olmu\u015ftu<\/p>\n","protected":false},"excerpt":{"rendered":"<p>Japonya\u2019n\u0131n en \u00fcnl\u00fc gey\u015fas\u0131n\u0131n ger\u00e7ek an\u0131lar\u0131n\u0131n kusursuz bir i\u00e7tenlik ve ince bir lirizmle anlat\u0131ld\u0131\u011f\u0131 bu romanda, bakire k\u0131zlar\u0131n a\u00e7\u0131k art\u0131rmalarda en y\u00fcksek fiyat\u0131 veren al\u0131c\u0131ya sat\u0131ld\u0131\u011f\u0131;<span class=\"excerpt-hellip\"> [\u2026]<\/span><\/p>\n","protected":false},"featured_media":0,"template":"","meta":{"_monsterinsights_skip_tracking":false,"_monsterinsights_sitenote_active":false,"_monsterinsights_sitenote_note":"","_monsterinsights_sitenote_category":0},"product_brand":[],"product_cat":[12891,12291],"product_tag":[],"class_list":{"0":"post-696628","1":"product","2":"type-product","3":"status-publish","5":"product_cat-amerikan-edebiyati","6":"product_cat-edebiyat","7":"pa_cilt-ciltsiz","8":"pa_tur-kitap","9":"pa_yayinevi-altin-kitaplar","10":"pa_yazar-arthur-golden","12":"first","13":"instock","14":"sale","15":"shipping-taxable","16":"purchasable","17":"product-type-simple"},"_links":{"self":[{"href":"https:\/\/roveyayinevi.com.tr\/index.php\/wp-json\/wp\/v2\/product\/696628","targetHints":{"allow":["GET"]}}],"collection":[{"href":"https:\/\/roveyayinevi.com.tr\/index.php\/wp-json\/wp\/v2\/product"}],"about":[{"href":"https:\/\/roveyayinevi.com.tr\/index.php\/wp-json\/wp\/v2\/types\/product"}],"wp:attachment":[{"href":"https:\/\/roveyayinevi.com.tr\/index.php\/wp-json\/wp\/v2\/media?parent=696628"}],"wp:term":[{"taxonomy":"product_brand","embeddable":true,"href":"https:\/\/roveyayinevi.com.tr\/index.php\/wp-json\/wp\/v2\/product_brand?post=696628"},{"taxonomy":"product_cat","embeddable":true,"href":"https:\/\/roveyayinevi.com.tr\/index.php\/wp-json\/wp\/v2\/product_cat?post=696628"},{"taxonomy":"product_tag","embeddable":true,"href":"https:\/\/roveyayinevi.com.tr\/index.php\/wp-json\/wp\/v2\/product_tag?post=696628"}],"curies":[{"name":"wp","href":"https:\/\/api.w.org\/{rel}","templated":true}]}}