{"id":696625,"date":"2025-08-27T14:35:44","date_gmt":"2025-08-27T11:35:44","guid":{"rendered":"https:\/\/roveyayinevi.com.tr\/index.php\/urun\/toplumsal-olaylarin-bilimitoplum-bilime-giris\/"},"modified":"2026-04-16T02:06:24","modified_gmt":"2026-04-15T23:06:24","slug":"toplumsal-olaylarin-bilimitoplum-bilime-giris","status":"publish","type":"product","link":"https:\/\/roveyayinevi.com.tr\/index.php\/urun\/toplumsal-olaylarin-bilimitoplum-bilime-giris\/","title":{"rendered":"Toplumsal Olaylar\u0131n Bilimi:Toplum Bilime Giri\u015f"},"content":{"rendered":"<p>Toplumbilime Giri\u015f \ufffcTan\u0131t\u0131m Metni<\/p>\n","protected":false},"excerpt":{"rendered":"<p>Toplumbilime Giri\u015f \ufffcTan\u0131t\u0131m Metni<\/p>\n","protected":false},"featured_media":0,"template":"","meta":{"_monsterinsights_skip_tracking":false,"_monsterinsights_sitenote_active":false,"_monsterinsights_sitenote_note":"","_monsterinsights_sitenote_category":0},"product_brand":[],"product_cat":[12324,27533],"product_tag":[],"class_list":{"0":"post-696625","1":"product","2":"type-product","3":"status-publish","5":"product_cat-sosyoloji","6":"product_cat-sosyolojiye-giris","7":"pa_cilt-ciltsiz","8":"pa_tur-kitap","9":"pa_yayinevi-ani-yayincilik","10":"pa_yazar-gursen-topses","12":"first","13":"instock","14":"sale","15":"shipping-taxable","16":"purchasable","17":"product-type-simple"},"_links":{"self":[{"href":"https:\/\/roveyayinevi.com.tr\/index.php\/wp-json\/wp\/v2\/product\/696625","targetHints":{"allow":["GET"]}}],"collection":[{"href":"https:\/\/roveyayinevi.com.tr\/index.php\/wp-json\/wp\/v2\/product"}],"about":[{"href":"https:\/\/roveyayinevi.com.tr\/index.php\/wp-json\/wp\/v2\/types\/product"}],"wp:attachment":[{"href":"https:\/\/roveyayinevi.com.tr\/index.php\/wp-json\/wp\/v2\/media?parent=696625"}],"wp:term":[{"taxonomy":"product_brand","embeddable":true,"href":"https:\/\/roveyayinevi.com.tr\/index.php\/wp-json\/wp\/v2\/product_brand?post=696625"},{"taxonomy":"product_cat","embeddable":true,"href":"https:\/\/roveyayinevi.com.tr\/index.php\/wp-json\/wp\/v2\/product_cat?post=696625"},{"taxonomy":"product_tag","embeddable":true,"href":"https:\/\/roveyayinevi.com.tr\/index.php\/wp-json\/wp\/v2\/product_tag?post=696625"}],"curies":[{"name":"wp","href":"https:\/\/api.w.org\/{rel}","templated":true}]}}