{"id":696624,"date":"2025-08-27T14:35:43","date_gmt":"2025-08-27T11:35:43","guid":{"rendered":"https:\/\/roveyayinevi.com.tr\/index.php\/urun\/sosyolojik-kuramlarda-egitim\/"},"modified":"2026-04-16T02:06:24","modified_gmt":"2026-04-15T23:06:24","slug":"sosyolojik-kuramlarda-egitim","status":"publish","type":"product","link":"https:\/\/roveyayinevi.com.tr\/index.php\/urun\/sosyolojik-kuramlarda-egitim\/","title":{"rendered":"Sosyolojik Kuramlarda E\u011fitim"},"content":{"rendered":"<p>Sosyolojinin bir uzmanl\u0131k dal\u0131 olan E\u011fitim Sosyolojisi, son y\u0131llarda olduk\u00e7a geli\u015fme g\u00f6stermi\u015ftir. \u00d6zellikle \u00e7a\u011fda\u015f sosyolojik kuramlardaki geli\u015fmeler, ku\u015fkusuz e\u011fitim bilimine de yans\u0131m\u0131\u015ft\u0131r. Bu \u00e7al\u0131\u015fmada, i\u015flevselci, \u00e7at\u0131\u015fmac\u0131 ve yorumsal yakla\u015f\u0131mlar ele al\u0131nm\u0131\u015ft\u0131r. Ayr\u0131ca, feminist yakla\u015f\u0131mlar ve radikal yakla\u015f\u0131mlara da yer verilmi\u015ftir. Ele\u015ftirel yakla\u015f\u0131mlar da ayr\u0131 bir b\u00f6l\u00fcm olarak ele al\u0131nm\u0131\u015ft\u0131r. <\/p>\n","protected":false},"excerpt":{"rendered":"<p>Sosyolojinin bir uzmanl\u0131k dal\u0131 olan E\u011fitim Sosyolojisi, son y\u0131llarda olduk\u00e7a geli\u015fme g\u00f6stermi\u015ftir. \u00d6zellikle \u00e7a\u011fda\u015f sosyolojik kuramlardaki geli\u015fmeler, ku\u015fkusuz e\u011fitim bilimine de yans\u0131m\u0131\u015ft\u0131r. Bu \u00e7al\u0131\u015fmada, i\u015flevselci, \u00e7at\u0131\u015fmac\u0131<span class=\"excerpt-hellip\"> [\u2026]<\/span><\/p>\n","protected":false},"featured_media":0,"template":"","meta":{"_monsterinsights_skip_tracking":false,"_monsterinsights_sitenote_active":false,"_monsterinsights_sitenote_note":"","_monsterinsights_sitenote_category":0},"product_brand":[],"product_cat":[12835,12324],"product_tag":[],"class_list":{"0":"post-696624","1":"product","2":"type-product","3":"status-publish","5":"product_cat-genel-sosyoloji","6":"product_cat-sosyoloji","7":"pa_cilt-ciltsiz","8":"pa_tur-kitap","9":"pa_yayinevi-ani-yayincilik","10":"pa_yazar-mahmut-tezcan","12":"first","13":"instock","14":"sale","15":"shipping-taxable","16":"purchasable","17":"product-type-simple"},"_links":{"self":[{"href":"https:\/\/roveyayinevi.com.tr\/index.php\/wp-json\/wp\/v2\/product\/696624","targetHints":{"allow":["GET"]}}],"collection":[{"href":"https:\/\/roveyayinevi.com.tr\/index.php\/wp-json\/wp\/v2\/product"}],"about":[{"href":"https:\/\/roveyayinevi.com.tr\/index.php\/wp-json\/wp\/v2\/types\/product"}],"wp:attachment":[{"href":"https:\/\/roveyayinevi.com.tr\/index.php\/wp-json\/wp\/v2\/media?parent=696624"}],"wp:term":[{"taxonomy":"product_brand","embeddable":true,"href":"https:\/\/roveyayinevi.com.tr\/index.php\/wp-json\/wp\/v2\/product_brand?post=696624"},{"taxonomy":"product_cat","embeddable":true,"href":"https:\/\/roveyayinevi.com.tr\/index.php\/wp-json\/wp\/v2\/product_cat?post=696624"},{"taxonomy":"product_tag","embeddable":true,"href":"https:\/\/roveyayinevi.com.tr\/index.php\/wp-json\/wp\/v2\/product_tag?post=696624"}],"curies":[{"name":"wp","href":"https:\/\/api.w.org\/{rel}","templated":true}]}}