{"id":696622,"date":"2025-08-27T14:35:43","date_gmt":"2025-08-27T11:35:43","guid":{"rendered":"https:\/\/roveyayinevi.com.tr\/index.php\/urun\/sosyal-bilgiler-ogretimi-ve-ogretmen-kilavuzu\/"},"modified":"2026-04-16T02:06:23","modified_gmt":"2026-04-15T23:06:23","slug":"sosyal-bilgiler-ogretimi-ve-ogretmen-kilavuzu","status":"publish","type":"product","link":"https:\/\/roveyayinevi.com.tr\/index.php\/urun\/sosyal-bilgiler-ogretimi-ve-ogretmen-kilavuzu\/","title":{"rendered":"Sosyal Bilgiler \u00d6\u011fretimi ve \u00d6\u011fretmen K\u0131lavuzu"},"content":{"rendered":"<p>\u00c7a\u011fda\u015f yeti\u015fek geli\u015ftirme ilkelerine g\u00f6re d\u00fczenlenmeye \u00e7al\u0131\u015f\u0131lan yap\u0131ttaki anlay\u0131\u015fa g\u00f6re, \u00f6nce hedef ve davran\u0131\u015flar; bunlarla tutarl\u0131 olarak d\u00fczenlenmi\u015f i\u00e7erik; hedef ve davran\u0131\u015flar\u0131 kazand\u0131rmaya y\u00f6nelik e\u011fitim durumlar\u0131; bunlar\u0131n ne derece ger\u00e7ekle\u015fti\u011fini, yerindeli\u011fini belirlemek ve sisteme d\u00f6n\u00fct sa\u011flamak \u00fczere s\u0131nama durumlar\u0131 a\u015famal\u0131 olarak saptand\u0131. \ufffcTan\u0131t\u0131m Metni<\/p>\n","protected":false},"excerpt":{"rendered":"<p>\u00c7a\u011fda\u015f yeti\u015fek geli\u015ftirme ilkelerine g\u00f6re d\u00fczenlenmeye \u00e7al\u0131\u015f\u0131lan yap\u0131ttaki anlay\u0131\u015fa g\u00f6re, \u00f6nce hedef ve davran\u0131\u015flar; bunlarla tutarl\u0131 olarak d\u00fczenlenmi\u015f i\u00e7erik; hedef ve davran\u0131\u015flar\u0131 kazand\u0131rmaya y\u00f6nelik e\u011fitim durumlar\u0131;<span class=\"excerpt-hellip\"> [\u2026]<\/span><\/p>\n","protected":false},"featured_media":0,"template":"","meta":{"_monsterinsights_skip_tracking":false,"_monsterinsights_sitenote_active":false,"_monsterinsights_sitenote_note":"","_monsterinsights_sitenote_category":0},"product_brand":[],"product_cat":[12312,12304],"product_tag":[],"class_list":{"0":"post-696622","1":"product","2":"type-product","3":"status-publish","5":"product_cat-diger","6":"product_cat-tarih","7":"pa_cilt-ciltsiz","8":"pa_tur-kitap","9":"pa_yayinevi-ani-yayincilik","10":"pa_yazar-veysel-sonmez","12":"first","13":"instock","14":"sale","15":"shipping-taxable","16":"purchasable","17":"product-type-simple"},"_links":{"self":[{"href":"https:\/\/roveyayinevi.com.tr\/index.php\/wp-json\/wp\/v2\/product\/696622","targetHints":{"allow":["GET"]}}],"collection":[{"href":"https:\/\/roveyayinevi.com.tr\/index.php\/wp-json\/wp\/v2\/product"}],"about":[{"href":"https:\/\/roveyayinevi.com.tr\/index.php\/wp-json\/wp\/v2\/types\/product"}],"wp:attachment":[{"href":"https:\/\/roveyayinevi.com.tr\/index.php\/wp-json\/wp\/v2\/media?parent=696622"}],"wp:term":[{"taxonomy":"product_brand","embeddable":true,"href":"https:\/\/roveyayinevi.com.tr\/index.php\/wp-json\/wp\/v2\/product_brand?post=696622"},{"taxonomy":"product_cat","embeddable":true,"href":"https:\/\/roveyayinevi.com.tr\/index.php\/wp-json\/wp\/v2\/product_cat?post=696622"},{"taxonomy":"product_tag","embeddable":true,"href":"https:\/\/roveyayinevi.com.tr\/index.php\/wp-json\/wp\/v2\/product_tag?post=696622"}],"curies":[{"name":"wp","href":"https:\/\/api.w.org\/{rel}","templated":true}]}}