{"id":696621,"date":"2025-08-27T14:35:43","date_gmt":"2025-08-27T11:35:43","guid":{"rendered":"https:\/\/roveyayinevi.com.tr\/index.php\/urun\/rehberlik-ve-psikolojik-danisma\/"},"modified":"2026-04-16T02:06:23","modified_gmt":"2026-04-15T23:06:23","slug":"rehberlik-ve-psikolojik-danisma","status":"publish","type":"product","link":"https:\/\/roveyayinevi.com.tr\/index.php\/urun\/rehberlik-ve-psikolojik-danisma\/","title":{"rendered":"Rehberlik ve Psikolojik Dan\u0131\u015fma"},"content":{"rendered":"<p>Bu kitap, rehberlik bilincinin geli\u015fmesine katk\u0131 \u00e7abas\u0131n\u0131n bir \u00fcr\u00fcn\u00fcd\u00fcr. Amac\u0131, \u00f6\u011fretmen yeti\u015ftiren kurumlarda rehberlik dersi alan \u00f6\u011frencilere; ilk\u00f6\u011fretim ve orta\u00f6\u011fretim rehberlik \u00f6rg\u00fct\u00fc g\u00f6revlileriyle \u00f6\u011fretmen ve y\u00f6neticilerine yard\u0131mc\u0131 olmaktad\u0131r. Ayr\u0131ca, \u00e7ocuklar\u0131n\u0131n ba\u015far\u0131l\u0131 olmalar\u0131yla ilgilenen anne ve babalarda bu kitaptan yararlanabilirler. \u00dc\u00e7 kesim i\u00e7inde on be\u015f b\u00f6l\u00fcme ayr\u0131lan rehberlik konular\u0131yla ilgili \u00f6nemli kavram ilke ve g\u00f6revler kolayl\u0131kla uygulamaya d\u00f6n\u00fc\u015ft\u00fcr\u00fclebilecek bi\u00e7imde a\u00e7\u0131klanmaya \u00e7al\u0131\u015f\u0131lm\u0131\u015ft\u0131r. Bu konu i\u00e7inde tan\u0131mlanamayan ve anlamlar\u0131n\u0131n bilinmesi gerekli g\u00f6r\u00fclen kavramlar, kitab\u0131n sonundaki  S\u00f6zl\u00fck te a\u00e7\u0131klanm\u0131\u015ft\u0131r. Zorunluluklar d\u0131\u015f\u0131nda, T\u00fcrk\u00e7e s\u00f6zc\u00fcklerle anlat\u0131m ye\u011flenmi\u015ftir. Kimi terimlerin kullan\u0131lmakta olan yabanc\u0131 kar\u015f\u0131l\u0131klar\u0131 terimin ilk ge\u00e7ti\u011fi yerde ayra\u00e7 i\u00e7erisinde g\u00f6sterilmi\u015ftir. <\/p>\n","protected":false},"excerpt":{"rendered":"<p>Bu kitap, rehberlik bilincinin geli\u015fmesine katk\u0131 \u00e7abas\u0131n\u0131n bir \u00fcr\u00fcn\u00fcd\u00fcr. Amac\u0131, \u00f6\u011fretmen yeti\u015ftiren kurumlarda rehberlik dersi alan \u00f6\u011frencilere; ilk\u00f6\u011fretim ve orta\u00f6\u011fretim rehberlik \u00f6rg\u00fct\u00fc g\u00f6revlileriyle \u00f6\u011fretmen ve y\u00f6neticilerine<span class=\"excerpt-hellip\"> [\u2026]<\/span><\/p>\n","protected":false},"featured_media":0,"template":"","meta":{"_monsterinsights_skip_tracking":false,"_monsterinsights_sitenote_active":false,"_monsterinsights_sitenote_note":"","_monsterinsights_sitenote_category":0},"product_brand":[],"product_cat":[12358,12357],"product_tag":[],"class_list":{"0":"post-696621","1":"product","2":"type-product","3":"status-publish","5":"product_cat-genel-psikoloji","6":"product_cat-psikoloji","7":"pa_cilt-ciltsiz","8":"pa_tur-kitap","9":"pa_yayinevi-ani-yayincilik","10":"pa_yazar-rasim-bakircioglu","12":"first","13":"instock","14":"sale","15":"shipping-taxable","16":"purchasable","17":"product-type-simple"},"_links":{"self":[{"href":"https:\/\/roveyayinevi.com.tr\/index.php\/wp-json\/wp\/v2\/product\/696621","targetHints":{"allow":["GET"]}}],"collection":[{"href":"https:\/\/roveyayinevi.com.tr\/index.php\/wp-json\/wp\/v2\/product"}],"about":[{"href":"https:\/\/roveyayinevi.com.tr\/index.php\/wp-json\/wp\/v2\/types\/product"}],"wp:attachment":[{"href":"https:\/\/roveyayinevi.com.tr\/index.php\/wp-json\/wp\/v2\/media?parent=696621"}],"wp:term":[{"taxonomy":"product_brand","embeddable":true,"href":"https:\/\/roveyayinevi.com.tr\/index.php\/wp-json\/wp\/v2\/product_brand?post=696621"},{"taxonomy":"product_cat","embeddable":true,"href":"https:\/\/roveyayinevi.com.tr\/index.php\/wp-json\/wp\/v2\/product_cat?post=696621"},{"taxonomy":"product_tag","embeddable":true,"href":"https:\/\/roveyayinevi.com.tr\/index.php\/wp-json\/wp\/v2\/product_tag?post=696621"}],"curies":[{"name":"wp","href":"https:\/\/api.w.org\/{rel}","templated":true}]}}