{"id":696619,"date":"2025-08-27T14:35:42","date_gmt":"2025-08-27T11:35:42","guid":{"rendered":"https:\/\/roveyayinevi.com.tr\/index.php\/urun\/ogrenme-ogretme-teknikleri-ve-materyal-gelistirme\/"},"modified":"2026-04-16T02:06:23","modified_gmt":"2026-04-15T23:06:23","slug":"ogrenme-ogretme-teknikleri-ve-materyal-gelistirme","status":"publish","type":"product","link":"https:\/\/roveyayinevi.com.tr\/index.php\/urun\/ogrenme-ogretme-teknikleri-ve-materyal-gelistirme\/","title":{"rendered":"\u00d6\u011frenme \u00d6\u011fretme Teknikleri ve Materyal Geli\u015ftirme"},"content":{"rendered":"<p>Bu eser; Ne? Ni\u00e7in? Neden? \u00f6\u011freniyor ve \u00f6\u011fretiyoruz? adl\u0131 kitab\u0131n materyal geli\u015ftirme ve \u00f6\u011fretim teknikleri k\u0131s\u0131mlar\u0131n\u0131n yeniden yap\u0131la\u015fmas\u0131 , g\u00fcncellenmesi, d\u00fczeltilmesi ve geli\u015ftirilmesiyle yeniden olu\u015fturulmu\u015ftur. Kitap konular\u0131, haftal\u0131k dilimler halinde i\u015flenecek bi\u00e7imde d\u00fczenlenmi\u015f, okuyucunun geni\u015f d\u00fcnya g\u00f6r\u00fc\u015flerine yenisini katmak, notlardaki eksik ve fazla bilgiler onlar\u0131n g\u00f6r\u00fc\u015fleri do\u011frultusunda payla\u015fmak istenmi\u015ftir. Farkl\u0131 \u00fcniversitelerde g\u00f6revli E\u011fitim Fak\u00fcltesi \u00f6\u011fretim \u00fcyelerinin g\u00f6r\u00fc\u015fleri al\u0131nm\u0131\u015ft\u0131r. eser ana, baba, y\u00f6netici, \u00f6\u011fretmen, hizmet \u00f6ncesi ve hizmet i\u00e7i kursta g\u00f6rev alanlar ve E\u011fitim Fak\u00fcltesi \u00f6\u011frencilerine hitap etmektedir. \ufffcTan\u0131t\u0131m Metni<\/p>\n","protected":false},"excerpt":{"rendered":"<p>Bu eser; Ne? Ni\u00e7in? Neden? \u00f6\u011freniyor ve \u00f6\u011fretiyoruz? adl\u0131 kitab\u0131n materyal geli\u015ftirme ve \u00f6\u011fretim teknikleri k\u0131s\u0131mlar\u0131n\u0131n yeniden yap\u0131la\u015fmas\u0131 , g\u00fcncellenmesi, d\u00fczeltilmesi ve geli\u015ftirilmesiyle yeniden olu\u015fturulmu\u015ftur. Kitap<span class=\"excerpt-hellip\"> [\u2026]<\/span><\/p>\n","protected":false},"featured_media":0,"template":"","meta":{"_monsterinsights_skip_tracking":false,"_monsterinsights_sitenote_active":false,"_monsterinsights_sitenote_note":"","_monsterinsights_sitenote_category":0},"product_brand":[],"product_cat":[12312,12304],"product_tag":[],"class_list":{"0":"post-696619","1":"product","2":"type-product","3":"status-publish","5":"product_cat-diger","6":"product_cat-tarih","7":"pa_cilt-ciltsiz","8":"pa_tur-kitap","9":"pa_yayinevi-ani-yayincilik","10":"pa_yazar-cetin-baytekin","12":"first","13":"instock","14":"sale","15":"shipping-taxable","16":"purchasable","17":"product-type-simple"},"_links":{"self":[{"href":"https:\/\/roveyayinevi.com.tr\/index.php\/wp-json\/wp\/v2\/product\/696619","targetHints":{"allow":["GET"]}}],"collection":[{"href":"https:\/\/roveyayinevi.com.tr\/index.php\/wp-json\/wp\/v2\/product"}],"about":[{"href":"https:\/\/roveyayinevi.com.tr\/index.php\/wp-json\/wp\/v2\/types\/product"}],"wp:attachment":[{"href":"https:\/\/roveyayinevi.com.tr\/index.php\/wp-json\/wp\/v2\/media?parent=696619"}],"wp:term":[{"taxonomy":"product_brand","embeddable":true,"href":"https:\/\/roveyayinevi.com.tr\/index.php\/wp-json\/wp\/v2\/product_brand?post=696619"},{"taxonomy":"product_cat","embeddable":true,"href":"https:\/\/roveyayinevi.com.tr\/index.php\/wp-json\/wp\/v2\/product_cat?post=696619"},{"taxonomy":"product_tag","embeddable":true,"href":"https:\/\/roveyayinevi.com.tr\/index.php\/wp-json\/wp\/v2\/product_tag?post=696619"}],"curies":[{"name":"wp","href":"https:\/\/api.w.org\/{rel}","templated":true}]}}