{"id":696616,"date":"2025-08-27T14:35:41","date_gmt":"2025-08-27T11:35:41","guid":{"rendered":"https:\/\/roveyayinevi.com.tr\/index.php\/urun\/marxin-sosyolojisi-bati-sosyolojisini-yeniden-dusunmek-cilt-1\/"},"modified":"2026-04-16T02:06:23","modified_gmt":"2026-04-15T23:06:23","slug":"marxin-sosyolojisi-bati-sosyolojisini-yeniden-dusunmek-cilt-1","status":"publish","type":"product","link":"https:\/\/roveyayinevi.com.tr\/index.php\/urun\/marxin-sosyolojisi-bati-sosyolojisini-yeniden-dusunmek-cilt-1\/","title":{"rendered":"Marx\u2019\u0131n Sosyolojisi &#8211; Bat\u0131 Sosyolojisini Yeniden D\u00fc\u015f\u00fcnmek Cilt 1"},"content":{"rendered":"<p>Bu eserde, T\u00fcrkiye&#8217;de ilk kez Marx&#8217;\u0131n sosyolojisi temel metinleri \u0131\u015f\u0131\u011f\u0131nda tahlil edilmi\u015ftir. Sermayenin k\u00fcreselle\u015fti\u011fi, burjuvazinin azg\u0131nla\u015ft\u0131\u011f\u0131, s\u00f6m\u00fcrgecili\u011fin s\u0131n\u0131r tan\u0131mad\u0131\u011f\u0131, tarihsel devletlerin haritalardan silindi\u011fi, \u00fclkelerin par\u00e7alanarak ya\u011fmaland\u0131\u011f\u0131, uluslar\u0131n birbirlerine d\u00fc\u015fman edildi\u011fi, insan\u0131n insana k\u0131rd\u0131r\u0131ld\u0131\u011f\u0131, eme\u011fin s\u00f6m\u00fcr\u00fcld\u00fc\u011f\u00fc, zenginli\u011fin bir avu\u00e7 insan\u0131n elinde topland\u0131\u011f\u0131, emek-sermaye \u00e7eli\u015fkisinin doru\u011fa \u00e7\u0131kt\u0131\u011f\u0131, neo-fa\u015fizmin ve \u00e7a\u011fda\u015f totalitarizmin yayg\u0131nla\u015ft\u0131\u011f\u0131, tiranlar\u0131n, despotlar\u0131n ve diktat\u00f6rlerin volta att\u0131\u011f\u0131 g\u00fcn\u00fcm\u00fczde Marx&#8217;\u0131n sosyolojisinin \u00f6nemi bir kat daha artm\u0131\u015ft\u0131r. Marx konusundaki ezberi bozmak, Marx&#8217;\u0131n \u00f6lmedi\u011fini g\u00f6rmek, sermayeye direnmek, bask\u0131lara kar\u015f\u0131 koymak ve d\u00fcnyay\u0131 de\u011fi\u015ftirmek isteyenlere\u2026 Marx&#8217;a at g\u00f6zl\u00fc\u011f\u00fcyle bakmay\u0131 b\u0131rak\u0131p onu ger\u00e7ekten merak edenlere\u2026 \ufffcTan\u0131t\u0131m Metni<\/p>\n","protected":false},"excerpt":{"rendered":"<p>Bu eserde, T\u00fcrkiye&#8217;de ilk kez Marx&#8217;\u0131n sosyolojisi temel metinleri \u0131\u015f\u0131\u011f\u0131nda tahlil edilmi\u015ftir. Sermayenin k\u00fcreselle\u015fti\u011fi, burjuvazinin azg\u0131nla\u015ft\u0131\u011f\u0131, s\u00f6m\u00fcrgecili\u011fin s\u0131n\u0131r tan\u0131mad\u0131\u011f\u0131, tarihsel devletlerin haritalardan silindi\u011fi, \u00fclkelerin par\u00e7alanarak ya\u011fmaland\u0131\u011f\u0131,<span class=\"excerpt-hellip\"> [\u2026]<\/span><\/p>\n","protected":false},"featured_media":0,"template":"","meta":{"_monsterinsights_skip_tracking":false,"_monsterinsights_sitenote_active":false,"_monsterinsights_sitenote_note":"","_monsterinsights_sitenote_category":0},"product_brand":[],"product_cat":[12835,12324],"product_tag":[],"class_list":{"0":"post-696616","1":"product","2":"type-product","3":"status-publish","5":"product_cat-genel-sosyoloji","6":"product_cat-sosyoloji","7":"pa_cilt-ciltsiz","8":"pa_tur-kitap","9":"pa_yayinevi-ani-yayincilik","10":"pa_yazar-sezgin-kizilcelik","12":"first","13":"instock","14":"sale","15":"shipping-taxable","16":"purchasable","17":"product-type-simple"},"_links":{"self":[{"href":"https:\/\/roveyayinevi.com.tr\/index.php\/wp-json\/wp\/v2\/product\/696616","targetHints":{"allow":["GET"]}}],"collection":[{"href":"https:\/\/roveyayinevi.com.tr\/index.php\/wp-json\/wp\/v2\/product"}],"about":[{"href":"https:\/\/roveyayinevi.com.tr\/index.php\/wp-json\/wp\/v2\/types\/product"}],"wp:attachment":[{"href":"https:\/\/roveyayinevi.com.tr\/index.php\/wp-json\/wp\/v2\/media?parent=696616"}],"wp:term":[{"taxonomy":"product_brand","embeddable":true,"href":"https:\/\/roveyayinevi.com.tr\/index.php\/wp-json\/wp\/v2\/product_brand?post=696616"},{"taxonomy":"product_cat","embeddable":true,"href":"https:\/\/roveyayinevi.com.tr\/index.php\/wp-json\/wp\/v2\/product_cat?post=696616"},{"taxonomy":"product_tag","embeddable":true,"href":"https:\/\/roveyayinevi.com.tr\/index.php\/wp-json\/wp\/v2\/product_tag?post=696616"}],"curies":[{"name":"wp","href":"https:\/\/api.w.org\/{rel}","templated":true}]}}