{"id":696615,"date":"2025-08-27T14:35:41","date_gmt":"2025-08-27T11:35:41","guid":{"rendered":"https:\/\/roveyayinevi.com.tr\/index.php\/urun\/kurtulus-savasi-sosyolojisi\/"},"modified":"2026-04-16T02:06:23","modified_gmt":"2026-04-15T23:06:23","slug":"kurtulus-savasi-sosyolojisi","status":"publish","type":"product","link":"https:\/\/roveyayinevi.com.tr\/index.php\/urun\/kurtulus-savasi-sosyolojisi\/","title":{"rendered":"Kurtulu\u015f Sava\u015f\u0131 Sosyolojisi"},"content":{"rendered":"<p>T\u00fcrkiye&#8217;de sosyoloji yeterince tan\u0131nmamaktad\u0131r. Bu nedenle Kurtulu\u015f Sava\u015f\u0131 Sosyolojisi bir tarih \u00e7al\u0131\u015fmas\u0131 olarak alg\u0131lanabilir. Oysa sosyolojinin sosyal olaylar kar\u015f\u0131s\u0131nda kendine \u00f6zg\u00fc bir y\u00f6ntemi ve bak\u0131\u015f a\u00e7\u0131s\u0131 bulunmaktad\u0131r. Bu anlamda Kurtulu\u015f Sava\u015f\u0131 Sosyolojisi kitab\u0131 bir tarih \u00e7al\u0131\u015fmas\u0131 de\u011fil, tarihsel verilerden yararlanmakla birlikte bu d\u00f6neme sosyolojik olarak bakmay\u0131 ama\u00e7 edinen bir incelemedir. T\u00fcrk toplumunun daha yak\u0131ndan incelenmesine ve toplumsal anlamda gelece\u011fe y\u00f6nelik dersler \u00e7\u0131kart\u0131lmas\u0131na bir katk\u0131 sa\u011flayabilirse amac\u0131na ula\u015fm\u0131\u015f olacakt\u0131r.<\/p>\n","protected":false},"excerpt":{"rendered":"<p>T\u00fcrkiye&#8217;de sosyoloji yeterince tan\u0131nmamaktad\u0131r. Bu nedenle Kurtulu\u015f Sava\u015f\u0131 Sosyolojisi bir tarih \u00e7al\u0131\u015fmas\u0131 olarak alg\u0131lanabilir. Oysa sosyolojinin sosyal olaylar kar\u015f\u0131s\u0131nda kendine \u00f6zg\u00fc bir y\u00f6ntemi ve bak\u0131\u015f a\u00e7\u0131s\u0131<span class=\"excerpt-hellip\"> [\u2026]<\/span><\/p>\n","protected":false},"featured_media":0,"template":"","meta":{"_monsterinsights_skip_tracking":false,"_monsterinsights_sitenote_active":false,"_monsterinsights_sitenote_note":"","_monsterinsights_sitenote_category":0},"product_brand":[],"product_cat":[12304,13650],"product_tag":[],"class_list":{"0":"post-696615","1":"product","2":"type-product","3":"status-publish","5":"product_cat-tarih","6":"product_cat-turk-tarihi-arastirmalari","7":"pa_cilt-ciltsiz","8":"pa_tur-kitap","9":"pa_yayinevi-ani-yayincilik","10":"pa_yazar-mehmet-devrim-topses","12":"first","13":"instock","14":"sale","15":"shipping-taxable","16":"purchasable","17":"product-type-simple"},"_links":{"self":[{"href":"https:\/\/roveyayinevi.com.tr\/index.php\/wp-json\/wp\/v2\/product\/696615","targetHints":{"allow":["GET"]}}],"collection":[{"href":"https:\/\/roveyayinevi.com.tr\/index.php\/wp-json\/wp\/v2\/product"}],"about":[{"href":"https:\/\/roveyayinevi.com.tr\/index.php\/wp-json\/wp\/v2\/types\/product"}],"wp:attachment":[{"href":"https:\/\/roveyayinevi.com.tr\/index.php\/wp-json\/wp\/v2\/media?parent=696615"}],"wp:term":[{"taxonomy":"product_brand","embeddable":true,"href":"https:\/\/roveyayinevi.com.tr\/index.php\/wp-json\/wp\/v2\/product_brand?post=696615"},{"taxonomy":"product_cat","embeddable":true,"href":"https:\/\/roveyayinevi.com.tr\/index.php\/wp-json\/wp\/v2\/product_cat?post=696615"},{"taxonomy":"product_tag","embeddable":true,"href":"https:\/\/roveyayinevi.com.tr\/index.php\/wp-json\/wp\/v2\/product_tag?post=696615"}],"curies":[{"name":"wp","href":"https:\/\/api.w.org\/{rel}","templated":true}]}}