{"id":696614,"date":"2025-08-27T14:35:41","date_gmt":"2025-08-27T11:35:41","guid":{"rendered":"https:\/\/roveyayinevi.com.tr\/index.php\/urun\/kuramdan-uygulamaya-muzik-egitiminde-yeni-yaklasimlar\/"},"modified":"2026-04-16T02:06:23","modified_gmt":"2026-04-15T23:06:23","slug":"kuramdan-uygulamaya-muzik-egitiminde-yeni-yaklasimlar","status":"publish","type":"product","link":"https:\/\/roveyayinevi.com.tr\/index.php\/urun\/kuramdan-uygulamaya-muzik-egitiminde-yeni-yaklasimlar\/","title":{"rendered":"Kuramdan Uygulamaya M\u00fczik E\u011fitiminde Yeni Yakla\u015f\u0131mlar"},"content":{"rendered":"<p>Bu eser, m\u00fczik \u00f6\u011fretiminde yeni yakla\u015f\u0131mlar\u0131n uygulama \u00f6rnekleriyle sergilenmesi bak\u0131m\u0131ndan alan\u0131nda ilk olma \u00f6zelli\u011fi ta\u015f\u0131maktad\u0131r. Bu \u00f6zellik nedeniyle kitaptaki uygulama \u00f6rneklerinin ilk\u00f6\u011fretim, orta\u00f6\u011fretim ve \u00fcniversite d\u00fczeyinde m\u00fczik e\u011fitimi-\u00f6\u011fretimi s\u00fcrecinde uygulanabilir olmas\u0131n\u0131 sa\u011flamak amac\u0131yla hassas bir \u00e7al\u0131\u015fma s\u00fcreci ger\u00e7ekle\u015ftirilmi\u015ftir. \ufffcTan\u0131t\u0131m Metni<\/p>\n","protected":false},"excerpt":{"rendered":"<p>Bu eser, m\u00fczik \u00f6\u011fretiminde yeni yakla\u015f\u0131mlar\u0131n uygulama \u00f6rnekleriyle sergilenmesi bak\u0131m\u0131ndan alan\u0131nda ilk olma \u00f6zelli\u011fi ta\u015f\u0131maktad\u0131r. Bu \u00f6zellik nedeniyle kitaptaki uygulama \u00f6rneklerinin ilk\u00f6\u011fretim, orta\u00f6\u011fretim ve \u00fcniversite d\u00fczeyinde<span class=\"excerpt-hellip\"> [\u2026]<\/span><\/p>\n","protected":false},"featured_media":0,"template":"","meta":{"_monsterinsights_skip_tracking":false,"_monsterinsights_sitenote_active":false,"_monsterinsights_sitenote_note":"","_monsterinsights_sitenote_category":0},"product_brand":[],"product_cat":[12274,12649],"product_tag":[],"class_list":{"0":"post-696614","1":"product","2":"type-product","3":"status-publish","5":"product_cat-cocuk-ve-genclik-kitaplari","6":"product_cat-hobi-muzik","7":"pa_cilt-ciltsiz","8":"pa_tur-kitap","9":"pa_yayinevi-ani-yayincilik","10":"pa_yazar-zeki-nacakci","12":"first","13":"instock","14":"sale","15":"shipping-taxable","16":"purchasable","17":"product-type-simple"},"_links":{"self":[{"href":"https:\/\/roveyayinevi.com.tr\/index.php\/wp-json\/wp\/v2\/product\/696614","targetHints":{"allow":["GET"]}}],"collection":[{"href":"https:\/\/roveyayinevi.com.tr\/index.php\/wp-json\/wp\/v2\/product"}],"about":[{"href":"https:\/\/roveyayinevi.com.tr\/index.php\/wp-json\/wp\/v2\/types\/product"}],"wp:attachment":[{"href":"https:\/\/roveyayinevi.com.tr\/index.php\/wp-json\/wp\/v2\/media?parent=696614"}],"wp:term":[{"taxonomy":"product_brand","embeddable":true,"href":"https:\/\/roveyayinevi.com.tr\/index.php\/wp-json\/wp\/v2\/product_brand?post=696614"},{"taxonomy":"product_cat","embeddable":true,"href":"https:\/\/roveyayinevi.com.tr\/index.php\/wp-json\/wp\/v2\/product_cat?post=696614"},{"taxonomy":"product_tag","embeddable":true,"href":"https:\/\/roveyayinevi.com.tr\/index.php\/wp-json\/wp\/v2\/product_tag?post=696614"}],"curies":[{"name":"wp","href":"https:\/\/api.w.org\/{rel}","templated":true}]}}