{"id":696613,"date":"2025-08-27T14:35:41","date_gmt":"2025-08-27T11:35:41","guid":{"rendered":"https:\/\/roveyayinevi.com.tr\/index.php\/urun\/bastan-cikarma-sanati\/"},"modified":"2026-04-16T02:06:23","modified_gmt":"2026-04-15T23:06:23","slug":"bastan-cikarma-sanati","status":"publish","type":"product","link":"https:\/\/roveyayinevi.com.tr\/index.php\/urun\/bastan-cikarma-sanati\/","title":{"rendered":"Ba\u015ftan \u00c7\u0131karma Sanat\u0131"},"content":{"rendered":"<p>D\u00fcnya Bestseller Listelerinde Aylarca 1 Numarada Kalm\u0131\u015f &#8220;\u0130ktidar&#8221; Kitab\u0131 Yazar\u0131ndanHerkesin en b\u00fcy\u00fcz zaaf\u0131 olan arzu ve zevki manip\u00fcle ederek isteklerinizi elde edin.Ba\u015ftan \u00e7\u0131karma g\u00fcc\u00fc en etkili, en \u015fa\u015f\u0131rt\u0131c\u0131 ve en ho\u015f \u015feklidir. John F. Kennedy&#8217;nin kitleleri kendinen hayran b\u0131rakmas\u0131, Cleopatra&#8217;n\u0131n Antonius&#8217;u avucunun i\u00e7ine almas\u0131 bunun en g\u00fczel kan\u0131t\u0131d\u0131r.&#8221;G\u00fc\u00e7 Sahibi Olman\u0131n 48 Yasas\u0131: \u0130ktidar&#8221; adl\u0131 kitab\u0131n yazar\u0131 \u015fimdi de tarih boyunca ba\u015ftan \u00e7\u0131karma sanat\u0131nda ustala\u015fan karakterlerin ba\u015far\u0131lar\u0131 ve ba\u015far\u0131s\u0131zl\u0131klar\u0131n\u0131 da konu alan, yepyeni bir kitapla kar\u015f\u0131m\u0131zda. Robert Greene a\u015fk oyunlar\u0131yla g\u00f6z boyamayla, direni\u015fi k\u0131rarak kar\u015f\u0131s\u0131ndakini tamamen avucunun i\u00e7ine alabilmenin 24 kural\u0131n\u0131 g\u00f6zler \u00f6n\u00fcne seriyor.Ba\u015ftan \u00c7\u0131karma Sanat\u0131 tarihin en b\u00fcy\u00fck silahlar\u0131ndan biri olan sonsuz g\u00fcce sahip olabilme \u015feklinin en g\u00fczel \u00f6rne\u011fidir.<\/p>\n","protected":false},"excerpt":{"rendered":"<p>D\u00fcnya Bestseller Listelerinde Aylarca 1 Numarada Kalm\u0131\u015f &#8220;\u0130ktidar&#8221; Kitab\u0131 Yazar\u0131ndanHerkesin en b\u00fcy\u00fcz zaaf\u0131 olan arzu ve zevki manip\u00fcle ederek isteklerinizi elde edin.Ba\u015ftan \u00e7\u0131karma g\u00fcc\u00fc en etkili,<span class=\"excerpt-hellip\"> [\u2026]<\/span><\/p>\n","protected":false},"featured_media":0,"template":"","meta":{"_monsterinsights_skip_tracking":false,"_monsterinsights_sitenote_active":false,"_monsterinsights_sitenote_note":"","_monsterinsights_sitenote_category":0},"product_brand":[],"product_cat":[12312,12304],"product_tag":[],"class_list":{"0":"post-696613","1":"product","2":"type-product","3":"status-publish","5":"product_cat-diger","6":"product_cat-tarih","7":"pa_cilt-ciltsiz","8":"pa_tur-kitap","9":"pa_yayinevi-altin-kitaplar","10":"pa_yazar-robert-greene","12":"first","13":"instock","14":"sale","15":"shipping-taxable","16":"purchasable","17":"product-type-simple"},"_links":{"self":[{"href":"https:\/\/roveyayinevi.com.tr\/index.php\/wp-json\/wp\/v2\/product\/696613","targetHints":{"allow":["GET"]}}],"collection":[{"href":"https:\/\/roveyayinevi.com.tr\/index.php\/wp-json\/wp\/v2\/product"}],"about":[{"href":"https:\/\/roveyayinevi.com.tr\/index.php\/wp-json\/wp\/v2\/types\/product"}],"wp:attachment":[{"href":"https:\/\/roveyayinevi.com.tr\/index.php\/wp-json\/wp\/v2\/media?parent=696613"}],"wp:term":[{"taxonomy":"product_brand","embeddable":true,"href":"https:\/\/roveyayinevi.com.tr\/index.php\/wp-json\/wp\/v2\/product_brand?post=696613"},{"taxonomy":"product_cat","embeddable":true,"href":"https:\/\/roveyayinevi.com.tr\/index.php\/wp-json\/wp\/v2\/product_cat?post=696613"},{"taxonomy":"product_tag","embeddable":true,"href":"https:\/\/roveyayinevi.com.tr\/index.php\/wp-json\/wp\/v2\/product_tag?post=696613"}],"curies":[{"name":"wp","href":"https:\/\/api.w.org\/{rel}","templated":true}]}}