{"id":696610,"date":"2025-08-27T14:35:40","date_gmt":"2025-08-27T11:35:40","guid":{"rendered":"https:\/\/roveyayinevi.com.tr\/index.php\/urun\/ataturk\/"},"modified":"2026-04-16T02:06:23","modified_gmt":"2026-04-15T23:06:23","slug":"ataturk","status":"publish","type":"product","link":"https:\/\/roveyayinevi.com.tr\/index.php\/urun\/ataturk\/","title":{"rendered":"Atat\u00fcrk"},"content":{"rendered":"<p>Bu kitap \u00e7a\u011fda\u015f T\u00fcrkiye\u2019yi yaratan ve tarihin ak\u0131\u015f\u0131n\u0131 de\u011fi\u015ftiren b\u00fcy\u00fck \u00f6nder hakk\u0131ndaki bir\u00e7ok bilgi eksi\u011fini giderecek bir ara\u015ft\u0131rma \u00fcr\u00fcn\u00fcd\u00fcr. \u0130\u015fte, \u015fimdiye kadar yay\u0131nlanm\u0131\u015f en kapsaml\u0131 \u2018Atat\u00fcrk\u2019 incelemesi&#8230;\u2019Atat\u00fcrk b\u00fcy\u00fcleyici ve gizemli bir ki\u015filik olarak belleklerde kal\u0131yor. -The Times- Son zamanlarda yay\u0131nlanm\u0131\u015f ya\u015fam \u00f6yk\u00fclerinden pek az\u0131 Lord Kinross\u2019un \u2018Atat\u00fcrk\u2019\u00fc kadar ba\u015far\u0131l\u0131d\u0131r. Bu yap\u0131t \u015fan ve \u015ferefin insan bi\u00e7imine girmi\u015f unutulmaz an\u0131t\u0131d\u0131r. -Sunday Telegraph- <\/p>\n","protected":false},"excerpt":{"rendered":"<p>Bu kitap \u00e7a\u011fda\u015f T\u00fcrkiye\u2019yi yaratan ve tarihin ak\u0131\u015f\u0131n\u0131 de\u011fi\u015ftiren b\u00fcy\u00fck \u00f6nder hakk\u0131ndaki bir\u00e7ok bilgi eksi\u011fini giderecek bir ara\u015ft\u0131rma \u00fcr\u00fcn\u00fcd\u00fcr. \u0130\u015fte, \u015fimdiye kadar yay\u0131nlanm\u0131\u015f en kapsaml\u0131 \u2018Atat\u00fcrk\u2019<span class=\"excerpt-hellip\"> [\u2026]<\/span><\/p>\n","protected":false},"featured_media":0,"template":"","meta":{"_monsterinsights_skip_tracking":false,"_monsterinsights_sitenote_active":false,"_monsterinsights_sitenote_note":"","_monsterinsights_sitenote_category":0},"product_brand":[],"product_cat":[12530,12304],"product_tag":[],"class_list":{"0":"post-696610","1":"product","2":"type-product","3":"status-publish","5":"product_cat-mustafa-kemal-ataturk","6":"product_cat-tarih","7":"pa_cilt-ciltsiz","8":"pa_tur-kitap","9":"pa_yayinevi-altin-kitaplar","10":"pa_yazar-lord-kinross","12":"first","13":"instock","14":"sale","15":"shipping-taxable","16":"purchasable","17":"product-type-simple"},"_links":{"self":[{"href":"https:\/\/roveyayinevi.com.tr\/index.php\/wp-json\/wp\/v2\/product\/696610","targetHints":{"allow":["GET"]}}],"collection":[{"href":"https:\/\/roveyayinevi.com.tr\/index.php\/wp-json\/wp\/v2\/product"}],"about":[{"href":"https:\/\/roveyayinevi.com.tr\/index.php\/wp-json\/wp\/v2\/types\/product"}],"wp:attachment":[{"href":"https:\/\/roveyayinevi.com.tr\/index.php\/wp-json\/wp\/v2\/media?parent=696610"}],"wp:term":[{"taxonomy":"product_brand","embeddable":true,"href":"https:\/\/roveyayinevi.com.tr\/index.php\/wp-json\/wp\/v2\/product_brand?post=696610"},{"taxonomy":"product_cat","embeddable":true,"href":"https:\/\/roveyayinevi.com.tr\/index.php\/wp-json\/wp\/v2\/product_cat?post=696610"},{"taxonomy":"product_tag","embeddable":true,"href":"https:\/\/roveyayinevi.com.tr\/index.php\/wp-json\/wp\/v2\/product_tag?post=696610"}],"curies":[{"name":"wp","href":"https:\/\/api.w.org\/{rel}","templated":true}]}}